
{"id":37,"date":"2020-03-13T16:16:56","date_gmt":"2020-03-13T16:16:56","guid":{"rendered":"http:\/\/kidsportcanada.ca\/orangeville-district\/?page_id=37"},"modified":"2020-07-15T17:51:59","modified_gmt":"2020-07-15T17:51:59","slug":"home","status":"publish","type":"page","link":"https:\/\/kidsportcanada.ca\/ontario\/orangeville-district\/fr\/","title":{"rendered":"Home"},"content":{"rendered":"<h4>\n\t\tBienvenue \u00e0\n\t<\/h4>\n<h1>\n\t\tKidSport Orangeville &amp; District\n\t<\/h1>\n\t\t\t<a href=\"https:\/\/kidsportcanada.ca\/ontario\/orangeville-district\/fr\/apply-for-a-grant\/\" target=\"_self\" role=\"button\" rel=\"noopener noreferrer\">\n\t\t\t\t\t\t\tDEMANDER UNE SUBVENTION\n\t\t\t\t\t<\/a>\n<h2>\n\t\t\u00c0 PROPOS DE\n\t<\/h2>\n<h4>\n\t\tKidSport Orangeville &amp; District\n\t<\/h4>\n\t<h3>We provide grants to help cover the costs of registration fees so that all kids aged 18 and under in Orangeville &amp; District can play a season of sport.<\/h3>\n<p>&nbsp;<\/p>\n<h3>Notre section accepte les demandes et administre les subventions pouvant atteindre <strong>250 $ par enfant par ann\u00e9e<\/strong>, for kids who live in Orangeville &amp; District, or in one of the other communities we serve. If you live outside of Orangeville &amp; District please contact the <a href=\"https:\/\/kidsportcanada.ca\/ontario\/orangeville-district\/fr\/ontario\/\">bureau provincial<\/a> pour trouver la section la plus pr\u00e8s de chez vous ou obtenir de l\u2019aide par l\u2019interm\u00e9diaire du fonds provincial.<\/h3>\n\t\t\t<a href=\"https:\/\/kidsportcanada.ca\/ontario\/orangeville-district\/fr\/apply-for-a-grant\/\" target=\"_self\" role=\"button\" rel=\"noopener noreferrer\">\n\t\t\t\t\t\t\tDEMANDER UNE SUBVENTION\n\t\t\t\t\t<\/a>\n<h5>\n\t\tCommuniquer\n\t<\/h5>\n\t    <span class=\"socialmedia-links fl-icon-group\">\n        <!------------------ Facebook ------------------>\n        <span class=\"fl-icon facebook\">\n                            <a href=\"https:\/\/www.facebook.com\/kidsportontario\" target=\"_blank\" aria-label=\"link to https:\/\/www.facebook.com\/kidsportcanada\/\" rel=\"noopener\"[soci>\n                    <i class=\"fab fa-facebook-square\" aria-hidden=\"true\"><\/i>\n                <\/a>\n                    <\/span>\n\t\t<!------------------ Facebook 2 ------------------>\n        <span class=\"fl-icon facebook\">\n                    <\/span>\n        <!------------------ Twitter ------------------>\n        <span class=\"fl-icon twitter\">\n                            <a href=\"https:\/\/twitter.com\/kidsportontario\" target=\"_blank\" aria-label=\"link to https:\/\/twitter.com\/kidsport\/\" rel=\"noopener\">\n                    <i class=\"fab fa-twitter\" aria-hidden=\"true\"><\/i>\n                <\/a>\n                    <\/span>\n        <!------------------ Instagram ------------------>\n        <span class=\"fl-icon instagram\">\n                            <a href=\"https:\/\/www.instagram.com\/kidsportontario\" target=\"_blank\" aria-label=\"link to https:\/\/www.instagram.com\/kidsport.canada\/\" rel=\"noopener\">\n                    <i class=\"fab fa-instagram\" aria-hidden=\"true\"><\/i>\n                <\/a>\n                    <\/span>\n        <!------------------ YouTube ------------------>\n        <span class=\"fl-icon youtube\">\n                            <a href=\"https:\/\/www.youtube.com\/user\/KidSportCanada\" target=\"_blank\" aria-label=\"link to https:\/\/www.youtube.com\/user\/KidSportCanada\" rel=\"noopener\">\n                    <i class=\"fab fa-youtube\" aria-hidden=\"true\"><\/i>\n                <\/a>\n                    <\/span>\n    <\/span>\n    \n<h5>\n\t\tLIENS UTILES\n\t<\/h5>\n<h6>\n\t\t<a href=\"#\" title=\"Ajouter un lien ici\" target=\"_self\" rel=\"noopener noreferrer\">\n\t\tAjouter un lien ici\n\t\t<\/a>\n\t<\/h6>\n<h6>\n\t\t<a href=\"#\" title=\"Ajouter un lien ici\" target=\"_self\" rel=\"noopener noreferrer\">\n\t\tAjouter un lien ici\n\t\t<\/a>\n\t<\/h6>\n<h6>\n\t\t<a href=\"#\" title=\"Ajouter un lien ici\" target=\"_self\" rel=\"noopener noreferrer\">\n\t\tAjouter un lien ici\n\t\t<\/a>\n\t<\/h6>\n<h6>\n\t\t<a href=\"#\" title=\"Ajouter un lien ici\" target=\"_self\" rel=\"noopener noreferrer\">\n\t\tAjouter un lien ici\n\t\t<\/a>\n\t<\/h6>\n<h2>\n\t\tDERNI\u00c8RES\n\t<\/h2>\n<h4>\n\t\tNews &amp; Stories\n\t<\/h4>\n    <h5>News &amp; Stories<\/h5>\n    <h5>\u00c9V\u00c9NEMENTS<\/h5>\n<h5>\n\t\tCarte de campagne dissimulable\n\t<\/h5>\n\t<p>Lorem Ipsum is simply dummy text of the printing and typesetting industry. Lorem Ipsum has been the industry&#8217;s standard dummy text ever since the 1500s, when an unknown printer took a galley of type and scrambled it to make a type specimen book.<\/p>\n\t\t\t<a href=\"\" target=\"_self\" role=\"button\" rel=\"noopener noreferrer\">\n\t\t\t\t\t\t\tEN SAVOIR PLUS\n\t\t\t\t\t<\/a>\n<h2>\n\t\tINCIDENCE 100 % LOCALE\n\t<\/h2>\n<h4>\n\t\tAll funds raised by Kidsport Orangeville &amp; District stay in our community to get local kids off the sidelines and into a season of sport. Let\u2019s work together to build strong kids and strong communities!\n\t<\/h4>\n    <a href=\"https:\/\/kidsportcanada.ca\/ontario\/orangeville-district\/fr\/donate\/\">\n            <br>DONNER<br>MAINTENANT\n    <\/a>\n\t\t<!-- Comment to fix spacing issue\n\t-->\n\t\t<h1>$0<\/h1>\n\t<!-- Comment to fix spacing issue\n\t-->\t\n<h3>\n\t\tGranted to kids in Orangeville &amp; District last year.\n\t<\/h3>\n\t\t<!-- Comment to fix spacing issue\n\t-->\n\t\t<h1>0<\/h1>\n\t<!-- Comment to fix spacing issue\n\t-->\t\n<h3>\n\t\tKids helped off the sidelines in Orangeville &amp; District last year.\n\t<\/h3>\n<h3>\n\t\tEn appuyant SportJeunesse, nous gagnons tous. Quand les enfants ont acc\u00e8s au sport, ils s\u2019am\u00e9liorent \u00e0 l\u2019\u00e9cole, deviennent de solides leaders, cr\u00e9ent des communaut\u00e9s s\u00fbres, catalysent l\u2019inclusivit\u00e9 et adoptent des habitudes saines pour la vie.\n\t<\/h3>\n<h5>\n\t\tRAPPORTS D\u2019IMPACT\n\t<\/h5>\n\t<p>Lisez nos derniers rapports annuels et \u00e9tats financiers.<\/p>\n\t\t\t<a href=\"\" target=\"_self\" role=\"button\" rel=\"noopener noreferrer\">\n\t\t\t\t\t\tRAPPORT ANNUEL 2019\n\t\t\t\t\t<\/a>\n\t\t\t<a href=\"\" target=\"_self\" role=\"button\" rel=\"noopener noreferrer\">\n\t\t\t\t\t\tFINANCIERS 2019\n\t\t\t\t\t<\/a>\n<h2>\n\t\tOUR Team\n\t<\/h2>\n<h3>\n\t\tKidsport Orangeville &amp; District is made possible thanks to passionate volunteers and our incredible partners. Together we\u2019re making it so no kid in Orangeville &amp; District is left watching from the sidelines.\n\t<\/h3>\n<h5>\n\t\tNOM\n\t<\/h5>\n<h5>\n\t\tR\u00f4le\n\t<\/h5>\n\t<p>Lorem ipsum dolor sit amet, consectetur adipiscing elit, sed do eiusmod tempor incididunt ut labore et dolore magna aliqua. Ut enim ad minim veniam, quis nostrud exercitation ullamco laboris nisi ut aliquip ex ea commodo consequat.<\/p>\n<h5>\n\t\t<a href=\"tel:\" title=\"(000) 000-0000\" target=\"_self\" rel=\"noopener noreferrer\">\n\t\t(000) 000-0000\n\t\t<\/a>\n\t<\/h5>\n<h5>\n\t\t<a href=\"mailto:\" title=\"name@kidsportcanada.ca\" target=\"_self\" rel=\"noopener noreferrer\">\n\t\tname@kidsportcanada.ca\n\t\t<\/a>\n\t<\/h5>\n\t\t\t<a href=\"#\" id=\"fl-accordion--label-0\">Conseil d\u2019administration<\/a>\n\t\t\t\t\t\t\t<a href=\"#\" id=\"fl-accordion--icon-0\"><i>Expand<\/i><\/a>\n\t\t<p>Nom, R\u00f4le<\/p>\n<p>Nom, R\u00f4le<\/p>\n    <h5>AMBASSADEURS<\/h5>\n<h1>\n\t\tAMBASSADEURS\n\t<\/h1>\n<h5>\n\t\tNOS PARTENAIRES\n\t<\/h5>\n    <h5>NOS PARTENAIRES<\/h5>\n\t\t\t<a href=\"#\" id=\"fl-accordion--label-0\">Autre cat\u00e9gorie 1<\/a>\n\t\t\t\t\t\t\t<a href=\"#\" id=\"fl-accordion--icon-0\"><i>Expand<\/i><\/a>\n\t\tPartenaire 1<br \/>\nPartenaire 2<br \/>\nPartenaire 3\n\t\t\t<a href=\"#\" id=\"fl-accordion--label-1\">Autre cat\u00e9gorie 2<\/a>\n\t\t\t\t\t\t\t<a href=\"#\" id=\"fl-accordion--icon-1\"><i>Expand<\/i><\/a>\n\t\tPartenaire 4<br \/>\nPartenaire 5<br \/>\nPartenaire 6","protected":false},"excerpt":{"rendered":"<p>Welcome to KidSport Orangeville &amp; District APPLY FOR A GRANT ABOUT KidSport Orangeville &amp; District We provide grants to help cover the costs of registration fees so that all kids aged 18 and under in Orangeville &amp; District can play a season of sport. &nbsp; Our chapter accepts applications and administers grants of up to&hellip;<\/p>","protected":false},"author":16,"featured_media":195,"parent":0,"menu_order":0,"comment_status":"closed","ping_status":"closed","template":"","meta":{"_acf_changed":false,"footnotes":""},"class_list":["post-37","page","type-page","status-publish","has-post-thumbnail","hentry"],"acf":[],"yoast_head":"<!-- This site is optimized with the Yoast SEO plugin v27.4 - https:\/\/yoast.com\/product\/yoast-seo-wordpress\/ -->\n<title>Home - KidSport Orangeville &amp; District<\/title>\n<meta name=\"description\" content=\"KidSport provides grants to help cover the costs of registration fees so that ALL kids aged 18 and under can play a season of sport.\" \/>\n<meta name=\"robots\" content=\"index, follow, max-snippet:-1, max-image-preview:large, max-video-preview:-1\" \/>\n<link rel=\"canonical\" href=\"https:\/\/kidsportcanada.ca\/ontario\/orangeville-district\/fr\/\" \/>\n<meta property=\"og:locale\" content=\"fr_CA\" \/>\n<meta property=\"og:type\" content=\"article\" \/>\n<meta property=\"og:title\" content=\"Home - KidSport Orangeville &amp; District\" \/>\n<meta property=\"og:description\" content=\"KidSport provides grants to help cover the costs of registration fees so that ALL kids aged 18 and under can play a season of sport.\" \/>\n<meta property=\"og:url\" content=\"https:\/\/kidsportcanada.ca\/ontario\/orangeville-district\/fr\/\" \/>\n<meta property=\"og:site_name\" content=\"Orangeville &amp; District\" \/>\n<meta property=\"article:modified_time\" content=\"2020-07-15T17:51:59+00:00\" \/>\n<meta property=\"og:image\" content=\"https:\/\/kidsportcanada.ca\/wp-content\/uploads\/sites\/227\/kidsport-chapter-home-1.jpg\" \/>\n\t<meta property=\"og:image:width\" content=\"1600\" \/>\n\t<meta property=\"og:image:height\" content=\"1000\" \/>\n\t<meta property=\"og:image:type\" content=\"image\/jpeg\" \/>\n<meta name=\"twitter:card\" content=\"summary_large_image\" \/>\n<meta name=\"twitter:label1\" content=\"Estimation du temps de lecture\" \/>\n\t<meta name=\"twitter:data1\" content=\"2 minutes\" \/>\n<script type=\"application\/ld+json\" class=\"yoast-schema-graph\">{\"@context\":\"https:\\\/\\\/schema.org\",\"@graph\":[{\"@type\":\"WebPage\",\"@id\":\"https:\\\/\\\/kidsportcanada.ca\\\/ontario\\\/orangeville-district\\\/\",\"url\":\"https:\\\/\\\/kidsportcanada.ca\\\/ontario\\\/orangeville-district\\\/\",\"name\":\"Home - KidSport Orangeville &amp; District\",\"isPartOf\":{\"@id\":\"https:\\\/\\\/kidsportcanada.ca\\\/ontario\\\/orangeville-district\\\/fr\\\/#website\"},\"primaryImageOfPage\":{\"@id\":\"https:\\\/\\\/kidsportcanada.ca\\\/ontario\\\/orangeville-district\\\/#primaryimage\"},\"image\":{\"@id\":\"https:\\\/\\\/kidsportcanada.ca\\\/ontario\\\/orangeville-district\\\/#primaryimage\"},\"thumbnailUrl\":\"\\\/wp-content\\\/uploads\\\/sites\\\/227\\\/kidsport-chapter-home-1.jpg\",\"datePublished\":\"2020-03-13T16:16:56+00:00\",\"dateModified\":\"2020-07-15T17:51:59+00:00\",\"description\":\"KidSport provides grants to help cover the costs of registration fees so that ALL kids aged 18 and under can play a season of sport.\",\"breadcrumb\":{\"@id\":\"https:\\\/\\\/kidsportcanada.ca\\\/ontario\\\/orangeville-district\\\/#breadcrumb\"},\"inLanguage\":\"fr-CA\",\"potentialAction\":[{\"@type\":\"ReadAction\",\"target\":[\"https:\\\/\\\/kidsportcanada.ca\\\/ontario\\\/orangeville-district\\\/\"]}]},{\"@type\":\"ImageObject\",\"inLanguage\":\"fr-CA\",\"@id\":\"https:\\\/\\\/kidsportcanada.ca\\\/ontario\\\/orangeville-district\\\/#primaryimage\",\"url\":\"\\\/wp-content\\\/uploads\\\/sites\\\/227\\\/kidsport-chapter-home-1.jpg\",\"contentUrl\":\"\\\/wp-content\\\/uploads\\\/sites\\\/227\\\/kidsport-chapter-home-1.jpg\",\"width\":1600,\"height\":1000,\"caption\":\"A hockey player wearing red and black stopping on an indoor ice rink and looking at the camera\"},{\"@type\":\"BreadcrumbList\",\"@id\":\"https:\\\/\\\/kidsportcanada.ca\\\/ontario\\\/orangeville-district\\\/#breadcrumb\",\"itemListElement\":[{\"@type\":\"ListItem\",\"position\":1,\"name\":\"Home\",\"item\":\"https:\\\/\\\/kidsportcanada.ca\\\/ontario\\\/orangeville-district\\\/\"},{\"@type\":\"ListItem\",\"position\":2,\"name\":\"Home\"}]},{\"@type\":\"WebSite\",\"@id\":\"https:\\\/\\\/kidsportcanada.ca\\\/ontario\\\/orangeville-district\\\/fr\\\/#website\",\"url\":\"https:\\\/\\\/kidsportcanada.ca\\\/ontario\\\/orangeville-district\\\/fr\\\/\",\"name\":\"Orangeville &amp; District\",\"description\":\"So all kids can play\",\"potentialAction\":[{\"@type\":\"SearchAction\",\"target\":{\"@type\":\"EntryPoint\",\"urlTemplate\":\"https:\\\/\\\/kidsportcanada.ca\\\/ontario\\\/orangeville-district\\\/fr\\\/?s={search_term_string}\"},\"query-input\":{\"@type\":\"PropertyValueSpecification\",\"valueRequired\":true,\"valueName\":\"search_term_string\"}}],\"inLanguage\":\"fr-CA\"}]}<\/script>\n<!-- \/ Yoast SEO plugin. -->","yoast_head_json":{"title":"Home - KidSport Orangeville &amp; District","description":"Nous fournissons des subventions pour aider \u00e0 couvrir le co\u00fbt des frais d\u2019inscription afin que tous les enfants de 18 ans et moins puissent pratiquer un sport pendant une saison.","robots":{"index":"index","follow":"follow","max-snippet":"max-snippet:-1","max-image-preview":"max-image-preview:large","max-video-preview":"max-video-preview:-1"},"canonical":"https:\/\/kidsportcanada.ca\/ontario\/orangeville-district\/fr\/","og_locale":"fr_CA","og_type":"article","og_title":"Home - KidSport Orangeville &amp; District","og_description":"KidSport provides grants to help cover the costs of registration fees so that ALL kids aged 18 and under can play a season of sport.","og_url":"https:\/\/kidsportcanada.ca\/ontario\/orangeville-district\/fr\/","og_site_name":"Orangeville &amp; District","article_modified_time":"2020-07-15T17:51:59+00:00","og_image":[{"width":1600,"height":1000,"url":"https:\/\/kidsportcanada.ca\/wp-content\/uploads\/sites\/227\/kidsport-chapter-home-1.jpg","type":"image\/jpeg"}],"twitter_card":"summary_large_image","twitter_misc":{"Estimation du temps de lecture":"2 minutes"},"schema":{"@context":"https:\/\/schema.org","@graph":[{"@type":"WebPage","@id":"https:\/\/kidsportcanada.ca\/ontario\/orangeville-district\/","url":"https:\/\/kidsportcanada.ca\/ontario\/orangeville-district\/","name":"Home - KidSport Orangeville &amp; District","isPartOf":{"@id":"https:\/\/kidsportcanada.ca\/ontario\/orangeville-district\/fr\/#website"},"primaryImageOfPage":{"@id":"https:\/\/kidsportcanada.ca\/ontario\/orangeville-district\/#primaryimage"},"image":{"@id":"https:\/\/kidsportcanada.ca\/ontario\/orangeville-district\/#primaryimage"},"thumbnailUrl":"\/wp-content\/uploads\/sites\/227\/kidsport-chapter-home-1.jpg","datePublished":"2020-03-13T16:16:56+00:00","dateModified":"2020-07-15T17:51:59+00:00","description":"Nous fournissons des subventions pour aider \u00e0 couvrir le co\u00fbt des frais d\u2019inscription afin que tous les enfants de 18 ans et moins puissent pratiquer un sport pendant une saison.","breadcrumb":{"@id":"https:\/\/kidsportcanada.ca\/ontario\/orangeville-district\/#breadcrumb"},"inLanguage":"fr-CA","potentialAction":[{"@type":"ReadAction","target":["https:\/\/kidsportcanada.ca\/ontario\/orangeville-district\/"]}]},{"@type":"ImageObject","inLanguage":"fr-CA","@id":"https:\/\/kidsportcanada.ca\/ontario\/orangeville-district\/#primaryimage","url":"\/wp-content\/uploads\/sites\/227\/kidsport-chapter-home-1.jpg","contentUrl":"\/wp-content\/uploads\/sites\/227\/kidsport-chapter-home-1.jpg","width":1600,"height":1000,"caption":"A hockey player wearing red and black stopping on an indoor ice rink and looking at the camera"},{"@type":"BreadcrumbList","@id":"https:\/\/kidsportcanada.ca\/ontario\/orangeville-district\/#breadcrumb","itemListElement":[{"@type":"ListItem","position":1,"name":"Home","item":"https:\/\/kidsportcanada.ca\/ontario\/orangeville-district\/"},{"@type":"ListItem","position":2,"name":"Home"}]},{"@type":"WebSite","@id":"https:\/\/kidsportcanada.ca\/ontario\/orangeville-district\/fr\/#website","url":"https:\/\/kidsportcanada.ca\/ontario\/orangeville-district\/fr\/","name":"Orangeville &amp; District","description":"So all kids can play","potentialAction":[{"@type":"SearchAction","target":{"@type":"EntryPoint","urlTemplate":"https:\/\/kidsportcanada.ca\/ontario\/orangeville-district\/fr\/?s={search_term_string}"},"query-input":{"@type":"PropertyValueSpecification","valueRequired":true,"valueName":"search_term_string"}}],"inLanguage":"fr-CA"}]}},"_links":{"self":[{"href":"https:\/\/kidsportcanada.ca\/ontario\/orangeville-district\/fr\/wp-json\/wp\/v2\/pages\/37","targetHints":{"allow":["GET"]}}],"collection":[{"href":"https:\/\/kidsportcanada.ca\/ontario\/orangeville-district\/fr\/wp-json\/wp\/v2\/pages"}],"about":[{"href":"https:\/\/kidsportcanada.ca\/ontario\/orangeville-district\/fr\/wp-json\/wp\/v2\/types\/page"}],"author":[{"embeddable":true,"href":"https:\/\/kidsportcanada.ca\/ontario\/orangeville-district\/fr\/wp-json\/wp\/v2\/users\/16"}],"replies":[{"embeddable":true,"href":"https:\/\/kidsportcanada.ca\/ontario\/orangeville-district\/fr\/wp-json\/wp\/v2\/comments?post=37"}],"version-history":[{"count":0,"href":"https:\/\/kidsportcanada.ca\/ontario\/orangeville-district\/fr\/wp-json\/wp\/v2\/pages\/37\/revisions"}],"wp:featuredmedia":[{"embeddable":true,"href":"https:\/\/kidsportcanada.ca\/ontario\/orangeville-district\/fr\/wp-json\/wp\/v2\/media\/195"}],"wp:attachment":[{"href":"https:\/\/kidsportcanada.ca\/ontario\/orangeville-district\/fr\/wp-json\/wp\/v2\/media?parent=37"}],"curies":[{"name":"wp","href":"https:\/\/api.w.org\/{rel}","templated":true}]}}