
{"id":37,"date":"2020-03-13T16:16:56","date_gmt":"2020-03-13T16:16:56","guid":{"rendered":"http:\/\/kidsportcanada.ca\/toronto\/?page_id=37"},"modified":"2026-02-16T21:43:46","modified_gmt":"2026-02-16T21:43:46","slug":"home","status":"publish","type":"page","link":"https:\/\/kidsportcanada.ca\/ontario\/sault-ste-marie\/fr\/","title":{"rendered":"Post #37"},"content":{"rendered":"<h4 data-animation-delay=\"0\" data-animation-duration=\"1\">\n\t\t\tBienvenue \u00e0\t<\/h4>\n<h1>\n\t\t\tSportJeunesse Sault Ste. Marie\t<\/h1>\n\t\t\t<a href=\"https:\/\/kidsportcanada.ca\/ontario\/sault-ste-marie\/fr\/apply-for-a-grant\/\" target=\"_self\">\n\t\t\t\t\t\t\tDEMANDER UNE SUBVENTION\n\t\t\t\t\t<\/a>\n<h2>\n\t\t\t\u00c0 PROPOS DE\t<\/h2>\n<h4>\n\t\t\tSportJeunesse Sault Ste. Marie\t<\/h4>\n\t<h3>Nous fournissons des subventions pour aider \u00e0 couvrir le co\u00fbt des frais d\u2019inscription afin que tous les enfants de 18 ans et moins de Sault Ste. Marie puissent pratiquer un sport pendant une saison.<\/h3>\n<p>&nbsp;<\/p>\n<h3>Notre section accepte les demandes et administre les subventions pouvant atteindre <strong>$500 per child\/year<\/strong>, for kids who live in Sault Ste. Marie. If you live outside of Sault Ste. Marie please contact the <a href=\"https:\/\/kidsportcanada.ca\/ontario\/sault-ste-marie\/fr\/ontario\/\">bureau provincial<\/a> pour trouver la section la plus pr\u00e8s de chez vous ou obtenir de l\u2019aide par l\u2019interm\u00e9diaire du fonds provincial.<\/h3>\n<p>&nbsp;<\/p>\n<h5>The following documentation is required when applying for a grant:<\/h5>\n<ul>\n<li><strong>Organization\/club\/league registration form.<\/strong><\/li>\n<li><strong>Quote from a retailer if equipment is requested (do not buy the equipment before submitting a grant application).<\/strong><\/li>\n<li><strong>Income verification which includes: Notice of assessment and 3 consecutive paystubs. Or social assistance documentation for each adult in the household.\u00a0<\/strong><\/li>\n<\/ul>\n\t\t\t<a href=\"https:\/\/kidsportcanada.ca\/ontario\/sault-ste-marie\/fr\/apply-for-a-grant\/\" target=\"_self\">\n\t\t\t\t\t\t\tDEMANDER UNE SUBVENTION\n\t\t\t\t\t<\/a>\n<h5>\n\t\t\tCommuniquer\t<\/h5>\n\t    <span class=\"socialmedia-links fl-icon-group\">\n        <!------------------ Facebook ------------------>\n        <span class=\"fl-icon facebook\">\n                            <a href=\"https:\/\/www.facebook.com\/kidsportssm?mibextid=9R9pXO\" target=\"_blank\" aria-label=\"link to https:\/\/www.facebook.com\/kidsportcanada\/\" rel=\"noopener\"[soci>\n                    <i class=\"fab fa-facebook-square\" aria-hidden=\"true\"><\/i>\n                <\/a>\n                    <\/span>\n\t\t<!------------------ Facebook 2 ------------------>\n        <span class=\"fl-icon facebook\">\n                    <\/span>\n        <!------------------ Twitter ------------------>\n        <span class=\"fl-icon twitter\">\n                            <a href=\"https:\/\/twitter.com\/kidsport\/\" target=\"_blank\" aria-label=\"link to https:\/\/twitter.com\/kidsport\/\" rel=\"noopener\">\n                    <i class=\"fab fa-twitter\" aria-hidden=\"true\"><\/i>\n                <\/a>\n                    <\/span>\n        <!------------------ Instagram ------------------>\n        <span class=\"fl-icon instagram\">\n                            <a href=\"https:\/\/www.instagram.com\/kidsportssm\/\" target=\"_blank\" aria-label=\"link to https:\/\/www.instagram.com\/kidsport.canada\/\" rel=\"noopener\">\n                    <i class=\"fab fa-instagram\" aria-hidden=\"true\"><\/i>\n                <\/a>\n                    <\/span>\n        <!------------------ YouTube ------------------>\n        <span class=\"fl-icon youtube\">\n                            <a href=\"https:\/\/www.youtube.com\/user\/KidSportCanada\" target=\"_blank\" aria-label=\"link to https:\/\/www.youtube.com\/user\/KidSportCanada\" rel=\"noopener\">\n                    <i class=\"fab fa-youtube\" aria-hidden=\"true\"><\/i>\n                <\/a>\n                    <\/span>\n    <\/span>\n    \n<h5>\n\t\t\tLIENS UTILES\t<\/h5>\n<h6>\n\t\t<a href=\"https:\/\/kidsportcanada.ca\/ontario\/sault-ste-marie\/fr\/donate\/\" title=\"Give The Gift Of Sport\" target=\"_self\">\n\t\t\tGive The Gift Of Sport\t\t<\/a>\n\t<\/h6>\n<h6>\n\t\t<a href=\"https:\/\/store.skgroupinc.com\/kids_sport_ssm\/shop\/home\" title=\"KidSport SSM Apparel\" target=\"_self\">\n\t\t\tKidSport SSM Apparel \t\t<\/a>\n\t<\/h6>\n<h2>\n\t\t\tINCIDENCE 100 % LOCALE\t<\/h2>\n<h4>\n\t\t\tAll funds raised by Kidsport Sault Ste. Marie stay in our community to get local kids off the sidelines and into a season of sport. Let&#8217;s work together to build strong kids and strong communities!\t<\/h4>\n    <a href=\"https:\/\/kidsportcanada.ca\/ontario\/sault-ste-marie\/fr\/donate\/\">\n            <br \/>DONNER<br \/>MAINTENANT\n    <\/a>\n\t\t<!-- Comment to fix spacing issue\n\t-->\n\t\t<h1>$0<\/h1>\n\t<!-- Comment to fix spacing issue\n\t-->\t\n<h3>\n\t\t\tGranted to kids in Sault Ste. Marie to date.\t<\/h3>\n\t\t<!-- Comment to fix spacing issue\n\t-->\n\t\t<h1>0<\/h1>\n\t<!-- Comment to fix spacing issue\n\t-->\t\n<h3>\n\t\t\tKids helped off the sidelines in Sault Ste. Marie to date.\t<\/h3>\n<h3>\n\t\t\tEn appuyant SportJeunesse, nous gagnons tous. Quand les enfants ont acc\u00e8s au sport, ils s\u2019am\u00e9liorent \u00e0 l\u2019\u00e9cole, deviennent de solides leaders, cr\u00e9ent des communaut\u00e9s s\u00fbres, catalysent l\u2019inclusivit\u00e9 et adoptent des habitudes saines pour la vie.\t<\/h3>\n<h2>\n\t\t\tOUR Team\t<\/h2>\n<h3>\n\t\t\tKidsport Sault Ste. Marie is made possible thanks to passionate volunteers and our incredible partners. Together we&#8217;re making it so no kid in Sault Ste. Marie is left watching from the sidelines.\t<\/h3>\n\t\t\t\t\t<a role=\"heading\" id=\"fl-accordion--label-0\">Conseil d\u2019administration<\/a>\n\t\t\t\t\t\t\t\t\t\t\t<button type=\"button\" id=\"fl-accordion--icon-0\" aria-expanded=\"true\" aria-controls=\"fl-accordion--panel-0\"><i>Collapse<\/i><\/button>\n\t\t\t\t\t<p>Lauren Signoretti, Chair<\/p>\n<p>Marla Slumskie, Vice Chair and Events Coordinator<\/p>\n<p>Jessica Casola, Applications and Funds Distribution Coordinator<\/p>\n<p>Katie Burton, Secretary and Community Partnership Coordinator<\/p>\n<p>Kristina Clayton, Community Sponsorship Coordinator<\/p>\n<p>Adriana Kairiss, Marketing Coordinator<\/p>\n<p>Lindsay Palmer, Treasurer<\/p>\n\t\t\t\t\t<a role=\"heading\" id=\"fl-accordion--label-0\">A Proud Member<\/a>\n\t\t\t\t\t\t\t\t\t\t\t<button type=\"button\" id=\"fl-accordion--icon-0\" aria-expanded=\"true\" aria-controls=\"fl-accordion--panel-0\"><i>Collapse<\/i><\/button>\n\t\t\t\t\t<p><img loading=\"lazy\" decoding=\"async\" src=\"\/wp-content\/uploads\/sites\/293\/Chamber-of-Commerce.png\" alt=\"\" width=\"270\" height=\"231\" \/><\/p>\n\t\t\t\t\t<a role=\"heading\" id=\"fl-accordion--label-0\">Our Local Supporters<\/a>\n\t\t\t\t\t\t\t\t\t\t\t<button type=\"button\" id=\"fl-accordion--icon-0\" aria-expanded=\"true\" aria-controls=\"fl-accordion--panel-0\"><i>Collapse<\/i><\/button>\n\t\t\t\t\t<p><img loading=\"lazy\" decoding=\"async\" src=\"\/wp-content\/uploads\/sites\/293\/Thomson-Farms.png\" alt=\"\" width=\"375\" height=\"116\" \/>\u00a0 \u00a0<img loading=\"lazy\" decoding=\"async\" src=\"\/wp-content\/uploads\/sites\/293\/NorthernCreditUnion_Logo-600x181-1-e1685981311537.jpeg\" alt=\"Northern Credit Union\" width=\"224\" height=\"68\" \/><\/p>\n<p><img loading=\"lazy\" decoding=\"async\" src=\"\/wp-content\/uploads\/sites\/293\/CIBC-Wood-Gundy.png\" alt=\"\" width=\"199\" height=\"100\" \/><img loading=\"lazy\" decoding=\"async\" src=\"\/wp-content\/uploads\/sites\/293\/Rebel-Ninja-1.jpg\" alt=\"\" width=\"168\" height=\"156\" \/>\u00a0 \u00a0 \u00a0 \u00a0 \u00a0 \u00a0 \u00a0 \u00a0<img loading=\"lazy\" decoding=\"async\" src=\"\/wp-content\/uploads\/sites\/293\/Erica-Aceti.png\" alt=\"\" width=\"179\" height=\"167\" \/><\/p>\n<p><img loading=\"lazy\" decoding=\"async\" src=\"\/wp-content\/uploads\/sites\/293\/Fit-Bodies-Fit-Minds-Align.png\" alt=\"\" width=\"165\" height=\"166\" \/> \u00a0 \u00a0 \u00a0 \u00a0 \u00a0 \u00a0<img loading=\"lazy\" decoding=\"async\" src=\"\/wp-content\/uploads\/sites\/293\/Trisha-Mitchell.jpeg\" alt=\"\" width=\"149\" height=\"149\" \/>\u00a0 \u00a0 <img loading=\"lazy\" decoding=\"async\" src=\"\/wp-content\/uploads\/sites\/293\/PUC.png\" alt=\"\" width=\"191\" height=\"143\" \/><\/p>\n<p><img loading=\"lazy\" decoding=\"async\" src=\"\/wp-content\/uploads\/sites\/293\/Northern-Sports-Excellence.png\" alt=\"\" width=\"382\" height=\"91\" \/><img loading=\"lazy\" decoding=\"async\" src=\"\/wp-content\/uploads\/sites\/293\/Giovannis.png\" alt=\"\" width=\"323\" height=\"90\" \/><\/p>\n<p><img loading=\"lazy\" decoding=\"async\" src=\"\/wp-content\/uploads\/sites\/293\/Provenzano-Law-800x157.png\" alt=\"\" width=\"352\" height=\"69\" \/><img loading=\"lazy\" decoding=\"async\" src=\"\/wp-content\/uploads\/sites\/293\/Romes-Independent-Grocer.png\" alt=\"\" width=\"295\" height=\"75\" \/><\/p>\n<p><img loading=\"lazy\" decoding=\"async\" src=\"\/wp-content\/uploads\/sites\/293\/True-North-Custom-Homes-Ltd.png\" alt=\"\" width=\"287\" height=\"113\" \/> <img loading=\"lazy\" decoding=\"async\" src=\"\/wp-content\/uploads\/sites\/293\/PAC.png\" alt=\"\" width=\"231\" height=\"119\" \/> \u00a0<img loading=\"lazy\" decoding=\"async\" src=\"\/wp-content\/uploads\/sites\/293\/Soo-Source-for-Sports.png\" alt=\"\" width=\"194\" height=\"69\" \/>\u00a0 \u00a0 \u00a0 <img loading=\"lazy\" decoding=\"async\" src=\"\/wp-content\/uploads\/sites\/293\/Ontario-Concrete-800x398.png\" alt=\"\" width=\"223\" height=\"111\" \/><\/p>\n<h5>\n\t\t\tNOS PARTENAIRES\t<\/h5>\n<h2>\n\t\t\tDERNI\u00c8RES\t<\/h2>\n<h4>\n\t\t\tNews &amp; Stories\t<\/h4>\n    <h5>News &amp; Stories<\/h5>\n    <h5>\u00c9V\u00c9NEMENTS<\/h5>","protected":false},"excerpt":{"rendered":"<p>Welcome to KidSport Sault Ste. Marie APPLY FOR A GRANT ABOUT KidSport Sault Ste. Marie We provide grants to help cover the costs of registration fees so that all kids aged 18 and under in Sault Ste. Marie can play a season of sport. &nbsp; Our chapter accepts applications and administers grants of up to&hellip;<\/p>","protected":false},"author":10,"featured_media":195,"parent":0,"menu_order":0,"comment_status":"closed","ping_status":"closed","template":"","meta":{"_acf_changed":false,"footnotes":""},"class_list":["post-37","page","type-page","status-publish","has-post-thumbnail","hentry"],"acf":[],"yoast_head":"<!-- This site is optimized with the Yoast SEO plugin v27.3 - https:\/\/yoast.com\/product\/yoast-seo-wordpress\/ -->\n<title>Post #37 - KidSport Sault Ste. Marie %<\/title>\n<meta name=\"description\" content=\"KidSport provides grants to help cover the costs of registration fees so that ALL kids aged 18 and under can play a season of sport.\" \/>\n<meta name=\"robots\" content=\"index, follow, max-snippet:-1, max-image-preview:large, max-video-preview:-1\" \/>\n<link rel=\"canonical\" href=\"https:\/\/kidsportcanada.ca\/ontario\/sault-ste-marie\/fr\/\" \/>\n<meta property=\"og:locale\" content=\"fr_CA\" \/>\n<meta property=\"og:type\" content=\"article\" \/>\n<meta property=\"og:title\" content=\"Post #37 - KidSport Sault Ste. Marie %\" \/>\n<meta property=\"og:description\" content=\"KidSport provides grants to help cover the costs of registration fees so that ALL kids aged 18 and under can play a season of sport.\" \/>\n<meta property=\"og:url\" content=\"https:\/\/kidsportcanada.ca\/ontario\/sault-ste-marie\/fr\/\" \/>\n<meta property=\"og:site_name\" content=\"Sault Ste. Marie\" \/>\n<meta property=\"article:modified_time\" content=\"2026-02-16T21:43:46+00:00\" \/>\n<meta property=\"og:image\" content=\"https:\/\/kidsportcanada.ca\/wp-content\/uploads\/sites\/293\/kidsport-chapter-home-1.jpg\" \/>\n\t<meta property=\"og:image:width\" content=\"1600\" \/>\n\t<meta property=\"og:image:height\" content=\"1000\" \/>\n\t<meta property=\"og:image:type\" content=\"image\/jpeg\" \/>\n<meta name=\"twitter:card\" content=\"summary_large_image\" \/>\n<meta name=\"twitter:label1\" content=\"Estimation du temps de lecture\" \/>\n\t<meta name=\"twitter:data1\" content=\"7 minutes\" \/>\n<script type=\"application\/ld+json\" class=\"yoast-schema-graph\">{\"@context\":\"https:\\\/\\\/schema.org\",\"@graph\":[{\"@type\":\"WebPage\",\"@id\":\"https:\\\/\\\/kidsportcanada.ca\\\/ontario\\\/sault-ste-marie\\\/\",\"url\":\"https:\\\/\\\/kidsportcanada.ca\\\/ontario\\\/sault-ste-marie\\\/\",\"name\":\"Post #37 - KidSport Sault Ste. Marie %\",\"isPartOf\":{\"@id\":\"https:\\\/\\\/kidsportcanada.ca\\\/ontario\\\/sault-ste-marie\\\/#website\"},\"primaryImageOfPage\":{\"@id\":\"https:\\\/\\\/kidsportcanada.ca\\\/ontario\\\/sault-ste-marie\\\/#primaryimage\"},\"image\":{\"@id\":\"https:\\\/\\\/kidsportcanada.ca\\\/ontario\\\/sault-ste-marie\\\/#primaryimage\"},\"thumbnailUrl\":\"\\\/wp-content\\\/uploads\\\/sites\\\/293\\\/kidsport-chapter-home-1.jpg\",\"datePublished\":\"2020-03-13T16:16:56+00:00\",\"dateModified\":\"2026-02-16T21:43:46+00:00\",\"description\":\"KidSport provides grants to help cover the costs of registration fees so that ALL kids aged 18 and under can play a season of sport.\",\"breadcrumb\":{\"@id\":\"https:\\\/\\\/kidsportcanada.ca\\\/ontario\\\/sault-ste-marie\\\/#breadcrumb\"},\"inLanguage\":\"fr-CA\",\"potentialAction\":[{\"@type\":\"ReadAction\",\"target\":[\"https:\\\/\\\/kidsportcanada.ca\\\/ontario\\\/sault-ste-marie\\\/\"]}]},{\"@type\":\"ImageObject\",\"inLanguage\":\"fr-CA\",\"@id\":\"https:\\\/\\\/kidsportcanada.ca\\\/ontario\\\/sault-ste-marie\\\/#primaryimage\",\"url\":\"\\\/wp-content\\\/uploads\\\/sites\\\/293\\\/kidsport-chapter-home-1.jpg\",\"contentUrl\":\"\\\/wp-content\\\/uploads\\\/sites\\\/293\\\/kidsport-chapter-home-1.jpg\",\"width\":1600,\"height\":1000,\"caption\":\"A hockey player wearing red and black stopping on an indoor ice rink and looking at the camera\"},{\"@type\":\"BreadcrumbList\",\"@id\":\"https:\\\/\\\/kidsportcanada.ca\\\/ontario\\\/sault-ste-marie\\\/#breadcrumb\",\"itemListElement\":[{\"@type\":\"ListItem\",\"position\":1,\"name\":\"Home\",\"item\":\"https:\\\/\\\/kidsportcanada.ca\\\/ontario\\\/sault-ste-marie\\\/\"},{\"@type\":\"ListItem\",\"position\":2,\"name\":\"Post #37\"}]},{\"@type\":\"WebSite\",\"@id\":\"https:\\\/\\\/kidsportcanada.ca\\\/ontario\\\/sault-ste-marie\\\/#website\",\"url\":\"https:\\\/\\\/kidsportcanada.ca\\\/ontario\\\/sault-ste-marie\\\/\",\"name\":\"Sault Ste. Marie\",\"description\":\"So all kids can play\",\"potentialAction\":[{\"@type\":\"SearchAction\",\"target\":{\"@type\":\"EntryPoint\",\"urlTemplate\":\"https:\\\/\\\/kidsportcanada.ca\\\/ontario\\\/sault-ste-marie\\\/?s={search_term_string}\"},\"query-input\":{\"@type\":\"PropertyValueSpecification\",\"valueRequired\":true,\"valueName\":\"search_term_string\"}}],\"inLanguage\":\"fr-CA\"}]}<\/script>\n<!-- \/ Yoast SEO plugin. -->","yoast_head_json":{"title":"Post #37 - KidSport Sault Ste. Marie %","description":"Nous fournissons des subventions pour aider \u00e0 couvrir le co\u00fbt des frais d\u2019inscription afin que tous les enfants de 18 ans et moins puissent pratiquer un sport pendant une saison.","robots":{"index":"index","follow":"follow","max-snippet":"max-snippet:-1","max-image-preview":"max-image-preview:large","max-video-preview":"max-video-preview:-1"},"canonical":"https:\/\/kidsportcanada.ca\/ontario\/sault-ste-marie\/fr\/","og_locale":"fr_CA","og_type":"article","og_title":"Post #37 - KidSport Sault Ste. Marie %","og_description":"KidSport provides grants to help cover the costs of registration fees so that ALL kids aged 18 and under can play a season of sport.","og_url":"https:\/\/kidsportcanada.ca\/ontario\/sault-ste-marie\/fr\/","og_site_name":"Sault Ste. Marie","article_modified_time":"2026-02-16T21:43:46+00:00","og_image":[{"width":1600,"height":1000,"url":"https:\/\/kidsportcanada.ca\/wp-content\/uploads\/sites\/293\/kidsport-chapter-home-1.jpg","type":"image\/jpeg"}],"twitter_card":"summary_large_image","twitter_misc":{"Estimation du temps de lecture":"7 minutes"},"schema":{"@context":"https:\/\/schema.org","@graph":[{"@type":"WebPage","@id":"https:\/\/kidsportcanada.ca\/ontario\/sault-ste-marie\/","url":"https:\/\/kidsportcanada.ca\/ontario\/sault-ste-marie\/","name":"Post #37 - KidSport Sault Ste. Marie %","isPartOf":{"@id":"https:\/\/kidsportcanada.ca\/ontario\/sault-ste-marie\/#website"},"primaryImageOfPage":{"@id":"https:\/\/kidsportcanada.ca\/ontario\/sault-ste-marie\/#primaryimage"},"image":{"@id":"https:\/\/kidsportcanada.ca\/ontario\/sault-ste-marie\/#primaryimage"},"thumbnailUrl":"\/wp-content\/uploads\/sites\/293\/kidsport-chapter-home-1.jpg","datePublished":"2020-03-13T16:16:56+00:00","dateModified":"2026-02-16T21:43:46+00:00","description":"Nous fournissons des subventions pour aider \u00e0 couvrir le co\u00fbt des frais d\u2019inscription afin que tous les enfants de 18 ans et moins puissent pratiquer un sport pendant une saison.","breadcrumb":{"@id":"https:\/\/kidsportcanada.ca\/ontario\/sault-ste-marie\/#breadcrumb"},"inLanguage":"fr-CA","potentialAction":[{"@type":"ReadAction","target":["https:\/\/kidsportcanada.ca\/ontario\/sault-ste-marie\/"]}]},{"@type":"ImageObject","inLanguage":"fr-CA","@id":"https:\/\/kidsportcanada.ca\/ontario\/sault-ste-marie\/#primaryimage","url":"\/wp-content\/uploads\/sites\/293\/kidsport-chapter-home-1.jpg","contentUrl":"\/wp-content\/uploads\/sites\/293\/kidsport-chapter-home-1.jpg","width":1600,"height":1000,"caption":"A hockey player wearing red and black stopping on an indoor ice rink and looking at the camera"},{"@type":"BreadcrumbList","@id":"https:\/\/kidsportcanada.ca\/ontario\/sault-ste-marie\/#breadcrumb","itemListElement":[{"@type":"ListItem","position":1,"name":"Home","item":"https:\/\/kidsportcanada.ca\/ontario\/sault-ste-marie\/"},{"@type":"ListItem","position":2,"name":"Post #37"}]},{"@type":"WebSite","@id":"https:\/\/kidsportcanada.ca\/ontario\/sault-ste-marie\/#website","url":"https:\/\/kidsportcanada.ca\/ontario\/sault-ste-marie\/","name":"Sault Ste. Marie","description":"So all kids can play","potentialAction":[{"@type":"SearchAction","target":{"@type":"EntryPoint","urlTemplate":"https:\/\/kidsportcanada.ca\/ontario\/sault-ste-marie\/?s={search_term_string}"},"query-input":{"@type":"PropertyValueSpecification","valueRequired":true,"valueName":"search_term_string"}}],"inLanguage":"fr-CA"}]}},"_links":{"self":[{"href":"https:\/\/kidsportcanada.ca\/ontario\/sault-ste-marie\/fr\/wp-json\/wp\/v2\/pages\/37","targetHints":{"allow":["GET"]}}],"collection":[{"href":"https:\/\/kidsportcanada.ca\/ontario\/sault-ste-marie\/fr\/wp-json\/wp\/v2\/pages"}],"about":[{"href":"https:\/\/kidsportcanada.ca\/ontario\/sault-ste-marie\/fr\/wp-json\/wp\/v2\/types\/page"}],"author":[{"embeddable":true,"href":"https:\/\/kidsportcanada.ca\/ontario\/sault-ste-marie\/fr\/wp-json\/wp\/v2\/users\/10"}],"replies":[{"embeddable":true,"href":"https:\/\/kidsportcanada.ca\/ontario\/sault-ste-marie\/fr\/wp-json\/wp\/v2\/comments?post=37"}],"version-history":[{"count":0,"href":"https:\/\/kidsportcanada.ca\/ontario\/sault-ste-marie\/fr\/wp-json\/wp\/v2\/pages\/37\/revisions"}],"wp:featuredmedia":[{"embeddable":true,"href":"https:\/\/kidsportcanada.ca\/ontario\/sault-ste-marie\/fr\/wp-json\/wp\/v2\/media\/195"}],"wp:attachment":[{"href":"https:\/\/kidsportcanada.ca\/ontario\/sault-ste-marie\/fr\/wp-json\/wp\/v2\/media?parent=37"}],"curies":[{"name":"wp","href":"https:\/\/api.w.org\/{rel}","templated":true}]}}