
{"id":37,"date":"2020-03-13T16:16:56","date_gmt":"2020-03-13T16:16:56","guid":{"rendered":"http:\/\/kidsportcanada.ca\/toronto\/?page_id=37"},"modified":"2025-09-03T14:51:01","modified_gmt":"2025-09-03T14:51:01","slug":"home","status":"publish","type":"page","link":"https:\/\/kidsportcanada.ca\/ontario\/sudbury\/fr\/","title":{"rendered":"Home"},"content":{"rendered":"<h4 data-animation-delay=\"0\" data-animation-duration=\"1\">\n\t\t\tBienvenue \u00e0\t<\/h4>\n<h1>\n\t\t\tSportJeunesse Sudbury\t<\/h1>\n\t\t\t<a href=\"https:\/\/kidsport.smartsimple.ca\/s_Login.jsp\" target=\"_self\" rel=\"noopener\">\n\t\t\t\t\t\t\tDEMANDER UNE SUBVENTION\n\t\t\t\t\t<\/a>\n<h2>\n\t\t\t\u00c0 PROPOS DE\t<\/h2>\n<h4>\n\t\t\tSportJeunesse Sudbury\t<\/h4>\n\t<h3>Nous fournissons des subventions pour aider \u00e0 couvrir le co\u00fbt des frais d\u2019inscription afin que tous les enfants de 18 ans et moins de Sudbury puissent pratiquer un sport pendant une saison.<\/h3>\n<p>&nbsp;<\/p>\n<h3>Notre section accepte les demandes et administre les subventions pouvant atteindre <strong>250 $ par enfant par ann\u00e9e<\/strong>pour les jeunes qui habitent \u00e0 Sudbury ou dans une des autres localit\u00e9s que nous servons. Si vous habitez \u00e0 l\u2019ext\u00e9rieur de Sudbury, veuillez communiquer avec le <a href=\"https:\/\/kidsportcanada.ca\/ontario\/sudbury\/fr\/ontario\/\">bureau provincial<\/a> pour trouver la section la plus pr\u00e8s de chez vous ou obtenir de l\u2019aide par l\u2019interm\u00e9diaire du fonds provincial.<\/h3>\n\t\t\t<a href=\"https:\/\/kidsportcanada.ca\/ontario\/sudbury\/fr\/apply-for-a-grant\/\" target=\"_self\" rel=\"noopener\">\n\t\t\t\t\t\t\tDEMANDER UNE SUBVENTION\n\t\t\t\t\t<\/a>\n<h5>\n\t\t\tCommuniquer\t<\/h5>\n\t    <span class=\"socialmedia-links fl-icon-group\">\n        <!------------------ Facebook ------------------>\n        <span class=\"fl-icon facebook\">\n                            <a href=\"https:\/\/www.facebook.com\/kidsportcanada\/\" target=\"_blank\" aria-label=\"link to https:\/\/www.facebook.com\/kidsportcanada\/\" rel=\"noopener\">\n                    <i class=\"fab fa-facebook-square\" aria-hidden=\"true\"><\/i>\n                <\/a>\n                    <\/span>\n\t\t<!------------------ Facebook 2 ------------------>\n        <span class=\"fl-icon facebook\">\n                    <\/span>\n        <!------------------ Twitter ------------------>\n        <span class=\"fl-icon twitter\">\n                            <a href=\"https:\/\/twitter.com\/kidsport\/\" target=\"_blank\" aria-label=\"link to https:\/\/twitter.com\/kidsport\/\" rel=\"noopener\">\n                    <i class=\"fab fa-twitter\" aria-hidden=\"true\"><\/i>\n                <\/a>\n                    <\/span>\n        <!------------------ Instagram ------------------>\n        <span class=\"fl-icon instagram\">\n                            <a href=\"https:\/\/www.instagram.com\/kidsport.canada\/\" target=\"_blank\" aria-label=\"link to https:\/\/www.instagram.com\/kidsport.canada\/\" rel=\"noopener\">\n                    <i class=\"fab fa-instagram\" aria-hidden=\"true\"><\/i>\n                <\/a>\n                    <\/span>\n        <!------------------ YouTube ------------------>\n        <span class=\"fl-icon youtube\">\n                            <a href=\"https:\/\/www.youtube.com\/user\/KidSportCanada\" target=\"_blank\" aria-label=\"link to https:\/\/www.youtube.com\/user\/KidSportCanada\" rel=\"noopener\">\n                    <i class=\"fab fa-youtube\" aria-hidden=\"true\"><\/i>\n                <\/a>\n                    <\/span>\n    <\/span>\n    \n<h5>\n\t\t\tLIENS UTILES\t<\/h5>\n<h6>\n\t\t<a href=\"https:\/\/forms.office.com\/r\/SGbSdECLcf\" title=\"Volunteer With Us!\" target=\"_blank\" rel=\"noopener\">\n\t\t\tVolunteer With Us!\t\t<\/a>\n\t<\/h6>\n<h2>\n\t\t\tDERNI\u00c8RES\t<\/h2>\n<h4>\n\t\t\tNews &amp; Stories\t<\/h4>\n    <h5>News &amp; Stories<\/h5>\n    <h5>\u00c9V\u00c9NEMENTS<\/h5>\n<h2>\n\t\t\tINCIDENCE 100 % LOCALE\t<\/h2>\n<h4>\n\t\t\tAll funds raised by Kidsport Sudbury stay in our community to get local kids off the sidelines and into a season of sport. Let&#8217;s work together to build strong kids and strong communities!\t<\/h4>\n    <a href=\"https:\/\/kidsportcanada.ca\/ontario\/sudbury\/fr\/donate\/\">\n            <br \/>DONNER<br \/>MAINTENANT\n    <\/a>","protected":false},"excerpt":{"rendered":"<p>Welcome to KidSport Sudbury APPLY FOR A GRANT ABOUT KidSport Sudbury We provide grants to help cover the costs of registration fees so that all kids aged 18 and under in Sudbury can play a season of sport. &nbsp; Our chapter accepts applications and administers grants of up to $250 per child\/year, for kids who&hellip;<\/p>","protected":false},"author":10,"featured_media":195,"parent":0,"menu_order":0,"comment_status":"closed","ping_status":"closed","template":"","meta":{"_acf_changed":false,"footnotes":""},"class_list":["post-37","page","type-page","status-publish","has-post-thumbnail","hentry"],"acf":[],"yoast_head":"<!-- This site is optimized with the Yoast SEO plugin v27.3 - https:\/\/yoast.com\/product\/yoast-seo-wordpress\/ -->\n<title>Home - KidSport Sudbury<\/title>\n<meta name=\"description\" content=\"KidSport provides grants to help cover the costs of registration fees so that ALL kids aged 18 and under can play a season of sport.\" \/>\n<meta name=\"robots\" content=\"index, follow, max-snippet:-1, max-image-preview:large, max-video-preview:-1\" \/>\n<link rel=\"canonical\" href=\"https:\/\/kidsportcanada.ca\/ontario\/sudbury\/fr\/\" \/>\n<meta property=\"og:locale\" content=\"fr_CA\" \/>\n<meta property=\"og:type\" content=\"article\" \/>\n<meta property=\"og:title\" content=\"Home - KidSport Sudbury\" \/>\n<meta property=\"og:description\" content=\"KidSport provides grants to help cover the costs of registration fees so that ALL kids aged 18 and under can play a season of sport.\" \/>\n<meta property=\"og:url\" content=\"https:\/\/kidsportcanada.ca\/ontario\/sudbury\/fr\/\" \/>\n<meta property=\"og:site_name\" content=\"Sudbury\" \/>\n<meta property=\"article:modified_time\" content=\"2025-09-03T14:51:01+00:00\" \/>\n<meta property=\"og:image\" content=\"https:\/\/kidsportcanada.ca\/wp-content\/uploads\/sites\/295\/kidsport-chapter-home-1.jpg\" \/>\n\t<meta property=\"og:image:width\" content=\"1600\" \/>\n\t<meta property=\"og:image:height\" content=\"1000\" \/>\n\t<meta property=\"og:image:type\" content=\"image\/jpeg\" \/>\n<meta name=\"twitter:card\" content=\"summary_large_image\" \/>\n<meta name=\"twitter:label1\" content=\"Estimation du temps de lecture\" \/>\n\t<meta name=\"twitter:data1\" content=\"1 minute\" \/>\n<script type=\"application\/ld+json\" class=\"yoast-schema-graph\">{\"@context\":\"https:\\\/\\\/schema.org\",\"@graph\":[{\"@type\":\"WebPage\",\"@id\":\"https:\\\/\\\/kidsportcanada.ca\\\/ontario\\\/sudbury\\\/\",\"url\":\"https:\\\/\\\/kidsportcanada.ca\\\/ontario\\\/sudbury\\\/\",\"name\":\"Home - KidSport Sudbury\",\"isPartOf\":{\"@id\":\"https:\\\/\\\/kidsportcanada.ca\\\/ontario\\\/sudbury\\\/#website\"},\"primaryImageOfPage\":{\"@id\":\"https:\\\/\\\/kidsportcanada.ca\\\/ontario\\\/sudbury\\\/#primaryimage\"},\"image\":{\"@id\":\"https:\\\/\\\/kidsportcanada.ca\\\/ontario\\\/sudbury\\\/#primaryimage\"},\"thumbnailUrl\":\"\\\/wp-content\\\/uploads\\\/sites\\\/295\\\/kidsport-chapter-home-1.jpg\",\"datePublished\":\"2020-03-13T16:16:56+00:00\",\"dateModified\":\"2025-09-03T14:51:01+00:00\",\"description\":\"KidSport provides grants to help cover the costs of registration fees so that ALL kids aged 18 and under can play a season of sport.\",\"breadcrumb\":{\"@id\":\"https:\\\/\\\/kidsportcanada.ca\\\/ontario\\\/sudbury\\\/#breadcrumb\"},\"inLanguage\":\"fr-CA\",\"potentialAction\":[{\"@type\":\"ReadAction\",\"target\":[\"https:\\\/\\\/kidsportcanada.ca\\\/ontario\\\/sudbury\\\/\"]}]},{\"@type\":\"ImageObject\",\"inLanguage\":\"fr-CA\",\"@id\":\"https:\\\/\\\/kidsportcanada.ca\\\/ontario\\\/sudbury\\\/#primaryimage\",\"url\":\"\\\/wp-content\\\/uploads\\\/sites\\\/295\\\/kidsport-chapter-home-1.jpg\",\"contentUrl\":\"\\\/wp-content\\\/uploads\\\/sites\\\/295\\\/kidsport-chapter-home-1.jpg\",\"width\":1600,\"height\":1000,\"caption\":\"A hockey player wearing red and black stopping on an indoor ice rink and looking at the camera\"},{\"@type\":\"BreadcrumbList\",\"@id\":\"https:\\\/\\\/kidsportcanada.ca\\\/ontario\\\/sudbury\\\/#breadcrumb\",\"itemListElement\":[{\"@type\":\"ListItem\",\"position\":1,\"name\":\"Home\",\"item\":\"https:\\\/\\\/kidsportcanada.ca\\\/ontario\\\/sudbury\\\/\"},{\"@type\":\"ListItem\",\"position\":2,\"name\":\"Home\"}]},{\"@type\":\"WebSite\",\"@id\":\"https:\\\/\\\/kidsportcanada.ca\\\/ontario\\\/sudbury\\\/#website\",\"url\":\"https:\\\/\\\/kidsportcanada.ca\\\/ontario\\\/sudbury\\\/\",\"name\":\"Sudbury\",\"description\":\"So all kids can play\",\"potentialAction\":[{\"@type\":\"SearchAction\",\"target\":{\"@type\":\"EntryPoint\",\"urlTemplate\":\"https:\\\/\\\/kidsportcanada.ca\\\/ontario\\\/sudbury\\\/?s={search_term_string}\"},\"query-input\":{\"@type\":\"PropertyValueSpecification\",\"valueRequired\":true,\"valueName\":\"search_term_string\"}}],\"inLanguage\":\"fr-CA\"}]}<\/script>\n<!-- \/ Yoast SEO plugin. -->","yoast_head_json":{"title":"Home - KidSport Sudbury","description":"Nous fournissons des subventions pour aider \u00e0 couvrir le co\u00fbt des frais d\u2019inscription afin que tous les enfants de 18 ans et moins puissent pratiquer un sport pendant une saison.","robots":{"index":"index","follow":"follow","max-snippet":"max-snippet:-1","max-image-preview":"max-image-preview:large","max-video-preview":"max-video-preview:-1"},"canonical":"https:\/\/kidsportcanada.ca\/ontario\/sudbury\/fr\/","og_locale":"fr_CA","og_type":"article","og_title":"Home - KidSport Sudbury","og_description":"KidSport provides grants to help cover the costs of registration fees so that ALL kids aged 18 and under can play a season of sport.","og_url":"https:\/\/kidsportcanada.ca\/ontario\/sudbury\/fr\/","og_site_name":"Sudbury","article_modified_time":"2025-09-03T14:51:01+00:00","og_image":[{"width":1600,"height":1000,"url":"https:\/\/kidsportcanada.ca\/wp-content\/uploads\/sites\/295\/kidsport-chapter-home-1.jpg","type":"image\/jpeg"}],"twitter_card":"summary_large_image","twitter_misc":{"Estimation du temps de lecture":"1 minute"},"schema":{"@context":"https:\/\/schema.org","@graph":[{"@type":"WebPage","@id":"https:\/\/kidsportcanada.ca\/ontario\/sudbury\/","url":"https:\/\/kidsportcanada.ca\/ontario\/sudbury\/","name":"Home - KidSport Sudbury","isPartOf":{"@id":"https:\/\/kidsportcanada.ca\/ontario\/sudbury\/#website"},"primaryImageOfPage":{"@id":"https:\/\/kidsportcanada.ca\/ontario\/sudbury\/#primaryimage"},"image":{"@id":"https:\/\/kidsportcanada.ca\/ontario\/sudbury\/#primaryimage"},"thumbnailUrl":"\/wp-content\/uploads\/sites\/295\/kidsport-chapter-home-1.jpg","datePublished":"2020-03-13T16:16:56+00:00","dateModified":"2025-09-03T14:51:01+00:00","description":"Nous fournissons des subventions pour aider \u00e0 couvrir le co\u00fbt des frais d\u2019inscription afin que tous les enfants de 18 ans et moins puissent pratiquer un sport pendant une saison.","breadcrumb":{"@id":"https:\/\/kidsportcanada.ca\/ontario\/sudbury\/#breadcrumb"},"inLanguage":"fr-CA","potentialAction":[{"@type":"ReadAction","target":["https:\/\/kidsportcanada.ca\/ontario\/sudbury\/"]}]},{"@type":"ImageObject","inLanguage":"fr-CA","@id":"https:\/\/kidsportcanada.ca\/ontario\/sudbury\/#primaryimage","url":"\/wp-content\/uploads\/sites\/295\/kidsport-chapter-home-1.jpg","contentUrl":"\/wp-content\/uploads\/sites\/295\/kidsport-chapter-home-1.jpg","width":1600,"height":1000,"caption":"A hockey player wearing red and black stopping on an indoor ice rink and looking at the camera"},{"@type":"BreadcrumbList","@id":"https:\/\/kidsportcanada.ca\/ontario\/sudbury\/#breadcrumb","itemListElement":[{"@type":"ListItem","position":1,"name":"Home","item":"https:\/\/kidsportcanada.ca\/ontario\/sudbury\/"},{"@type":"ListItem","position":2,"name":"Home"}]},{"@type":"WebSite","@id":"https:\/\/kidsportcanada.ca\/ontario\/sudbury\/#website","url":"https:\/\/kidsportcanada.ca\/ontario\/sudbury\/","name":"Sudbury","description":"So all kids can play","potentialAction":[{"@type":"SearchAction","target":{"@type":"EntryPoint","urlTemplate":"https:\/\/kidsportcanada.ca\/ontario\/sudbury\/?s={search_term_string}"},"query-input":{"@type":"PropertyValueSpecification","valueRequired":true,"valueName":"search_term_string"}}],"inLanguage":"fr-CA"}]}},"_links":{"self":[{"href":"https:\/\/kidsportcanada.ca\/ontario\/sudbury\/fr\/wp-json\/wp\/v2\/pages\/37","targetHints":{"allow":["GET"]}}],"collection":[{"href":"https:\/\/kidsportcanada.ca\/ontario\/sudbury\/fr\/wp-json\/wp\/v2\/pages"}],"about":[{"href":"https:\/\/kidsportcanada.ca\/ontario\/sudbury\/fr\/wp-json\/wp\/v2\/types\/page"}],"author":[{"embeddable":true,"href":"https:\/\/kidsportcanada.ca\/ontario\/sudbury\/fr\/wp-json\/wp\/v2\/users\/10"}],"replies":[{"embeddable":true,"href":"https:\/\/kidsportcanada.ca\/ontario\/sudbury\/fr\/wp-json\/wp\/v2\/comments?post=37"}],"version-history":[{"count":0,"href":"https:\/\/kidsportcanada.ca\/ontario\/sudbury\/fr\/wp-json\/wp\/v2\/pages\/37\/revisions"}],"wp:featuredmedia":[{"embeddable":true,"href":"https:\/\/kidsportcanada.ca\/ontario\/sudbury\/fr\/wp-json\/wp\/v2\/media\/195"}],"wp:attachment":[{"href":"https:\/\/kidsportcanada.ca\/ontario\/sudbury\/fr\/wp-json\/wp\/v2\/media?parent=37"}],"curies":[{"name":"wp","href":"https:\/\/api.w.org\/{rel}","templated":true}]}}