
{"id":150,"date":"2020-05-05T19:39:19","date_gmt":"2020-05-05T19:39:19","guid":{"rendered":"http:\/\/kidsportcanada.ca\/prince-edward-island\/?page_id=150"},"modified":"2026-03-18T18:05:00","modified_gmt":"2026-03-18T18:05:00","slug":"provincial-fund","status":"publish","type":"page","link":"https:\/\/kidsportcanada.ca\/prince-edward-island\/fr\/provincial-fund\/","title":{"rendered":"fonds provincial"},"content":{"rendered":"<h4 data-animation-delay=\"0\" data-animation-duration=\"1\">\n\t\t\tSportJeunesse Prince Edward Island\t<\/h4>\n<h1 data-animation-delay=\"0.2\" data-animation-duration=\"1\">\n\t\t\tFonds Provincial\t<\/h1>\n<h3 data-animation-delay=\"0.4\" data-animation-duration=\"1\">\n\t\t\tKidSport grants are provided through the Provincial Fund. No matter where you live on PEI, you can apply for funding from KidSport!\t<\/h3>\n\t\t\t<a href=\"https:\/\/kidsport.smartsimple.ca\/s_Login.jsp\" target=\"_blank\" rel=\"noopener\">\n\t\t\t\t\t\t\tPR\u00c9SENTER UNE DEMANDE EN LIGNE MAINTENANT\n\t\t\t\t\t<\/a>\n\t\t\t<a href=\"\/wp-content\/uploads\/sites\/110\/2026-Kidsport-Application.pdf\" target=\"_blank\" rel=\"noopener\">\n\t\t\t\t\t\tPAPER APPLICATION &#8211; English\n\t\t\t\t\t<\/a>\n\t\t\t<a href=\"\/wp-content\/uploads\/sites\/110\/2026-Kidsport-Application-French1.pdf\" target=\"_blank\" rel=\"noopener\">\n\t\t\t\t\t\tDEMANDE PAPIER &#8211; Francais\n\t\t\t\t\t<\/a>\n<h2>\n\t\t\tQu\u2019est-ce qu\u2019une subvention?\t<\/h2>\n\t<p>KidSport provides grants to kids from families facing financial barriers so they can participate in registered sport programs and experience the lifelong benefits of a season of sport. KidSport Prince Edward Island provides grants of up to $600 per eligible child (18 years and under), per year (January 1st &#8211; December 31st) towards sport registration fees.<\/p>\n<p>If the child needs equipment, we will make a referral to a partner agency. Grants are intended to be used for sport registration fees; travel and competitions are NOT eligible for funding.<\/p>\n\t<h3>Crit\u00e8res d\u2019admissibilit\u00e9<\/h3>\n\t<p>KidSport PEI uses <b>family income level<\/b> to determine financial eligibility for grants provided through the Provincial Fund. A Net Annual Family Income of $60,000 or less will qualify you for a KidSport PEI grant.<\/p>\n<p>Si vous n\u2019\u00eates pas certain d\u2019\u00eatre admissible \u00e0 une subvention, veuillez nous envoyer un courriel \u00e0<b> sports@sportpei.pe.ca<\/b>.<\/p>\n\t<h3>Que dois-je faire pour demander une subvention?<\/h3>\n\t<ol>\n<li>Find a sport program your kid would like to join and sign up. Let the program&#8217;s administrators know you will be applying for KidSport funding. Only programs that are organized through Sport PEI member sport organizations are eligible to receive funding. <strong>Click <a href=\"https:\/\/sportpei.pe.ca\/our-members\/\">here<\/a> to view full list of members<\/strong>.<\/li>\n<li>Apply online or use the paper application form &#8211; be sure to complete all sections of the application, as incomplete applications take much longer to process, and can cause delays in receiving your grant.<\/li>\n<li>Votre demande d\u00fbment remplie sera trait\u00e9e dans les 30 jours suivant sa r\u00e9ception. Si vous \u00eates admissible au financement de SportJeunesse, la subvention sera envoy\u00e9e directement au programme de sport auquel vous avez inscrit votre enfant.<\/li>\n<\/ol>\n<p>You can submit a paper application by mail or e-mail:<\/p>\n<p><b>Address: 40 Enman Crescent, Charlottetown, PE C1E 1E6<\/b><\/p>\n<p><b>Phone: 902-368-4549<\/b><\/p>\n<p><b>E-mail: tbernard@sportpei.pe.ca<\/b><\/p>\n<h5>\n\t\t\tPr\u00e9sentez une demande maintenant\t<\/h5>\n\t\t\t<a href=\"https:\/\/kidsport.smartsimple.ca\/s_Login.jsp\" target=\"_blank\" rel=\"noopener\">\n\t\t\t\t\t\t\tPR\u00c9SENTER UNE DEMANDE EN LIGNE MAINTENANT\n\t\t\t\t\t<\/a>\n\t<p>Ou envoyez-nous une demande papier<\/p>\n\t\t\t<a href=\"\/wp-content\/uploads\/sites\/110\/2026-Kidsport-Application.pdf\" target=\"_blank\" rel=\"noopener\">\n\t\t\t\t\t\tPAPER APPLICATION &#8211; English\n\t\t\t\t\t<\/a>\n\t\t\t<a href=\"\/wp-content\/uploads\/sites\/110\/2026-Kidsport-Application-French1.pdf\" target=\"_blank\" rel=\"noopener\">\n\t\t\t\t\t\tDEMANDE PAPIER &#8211; Francais\n\t\t\t\t\t<\/a>\n<h5>\n\t\t\tBesoin d\u2019aide?\t<\/h5>\n\t<p>We&#8217;re always happy to answer your questions &#8211; please send an email with your question to             <span class=\"emailaddress-div\">\n            <a href=\"mailto:sports@sportpei.pe.ca\">sports@sportpei.pe.ca<\/a>\n            .<\/p>\n<h2 data-animation-delay=\"0\" data-animation-duration=\"1\">\n\t\t\tCOMMON Questions\t<\/h2>\n\t\t\t\t\t<a role=\"heading\" id=\"fl-accordion--label-0\">Comment SportJeunesse aide-t-il?<\/a>\n\t\t\t\t\t\t\t\t\t\t\t<button type=\"button\" id=\"fl-accordion--icon-0\" aria-expanded=\"false\" aria-controls=\"fl-accordion--panel-0\"><i>Expand<\/i><\/button>\n\t\t\t\t\t<p>SportJeunesse Prince Edward Island distribue des subventions aux familles pour aider \u00e0 \u00e9liminer les obstacles financiers au sport. Depuis 1993, nous avons aid\u00e9 pr\u00e8s d\u2019un million d\u2019enfants \u00e0 quitter la ligne lat\u00e9rale pour pratiquer un sport pendant une saison!<\/p>\n\t\t\t\t\t<a role=\"heading\" id=\"fl-accordion--label-1\">Qu\u2019est-ce que la subvention SportJeunesse couvre?<\/a>\n\t\t\t\t\t\t\t\t\t\t\t<button type=\"button\" id=\"fl-accordion--icon-1\" aria-expanded=\"false\" aria-controls=\"fl-accordion--panel-1\"><i>Expand<\/i><\/button>\n\t\t\t\t\t<p>KidSport grants cover the cost of sport registration fees for qualified families. Grants are intended to remove financial barriers to sport programs, and can be applied to equipment, but cannot be applied to transportation or tournament fees.<\/p>\n\t\t\t\t\t<a role=\"heading\" id=\"fl-accordion--label-2\">Quels sports sont admissibles?<\/a>\n\t\t\t\t\t\t\t\t\t\t\t<button type=\"button\" id=\"fl-accordion--icon-2\" aria-expanded=\"false\" aria-controls=\"fl-accordion--panel-2\"><i>Expand<\/i><\/button>\n\t\t\t\t\t<p>Sport activities must be affiliated with member sport organizations of Sport PEI. Click <a href=\"https:\/\/sportpei.pe.ca\/our-members\/\"><strong>here<\/strong><\/a> to see the list of member sport organizations.<\/p>\n\t\t\t\t\t<a role=\"heading\" id=\"fl-accordion--label-3\">Dans quelles communaut\u00e9s offrons-nous nos services?<\/a>\n\t\t\t\t\t\t\t\t\t\t\t<button type=\"button\" id=\"fl-accordion--icon-3\" aria-expanded=\"false\" aria-controls=\"fl-accordion--panel-3\"><i>Expand<\/i><\/button>\n\t\t\t\t\t<p>KidSport PEI serves communities across the province in Prince, Queens, and Kings counties. Communities are covered by the KidSport PEI Provincial Fund. Not sure where to apply? Applications can be made online or you can download our application form.<\/p>\n\t\t\t\t\t<a role=\"heading\" id=\"fl-accordion--label-4\">Quelle est la date limite pour pr\u00e9senter une demande?<\/a>\n\t\t\t\t\t\t\t\t\t\t\t<button type=\"button\" id=\"fl-accordion--icon-4\" aria-expanded=\"false\" aria-controls=\"fl-accordion--panel-4\"><i>Expand<\/i><\/button>\n\t\t\t\t\t<p>You must register your kid in a sports program prior to applying for KidSport funding. Each program is different, but many do require that KidSport funding be received prior to the program&#8217;s start date. You should apply for a KidSport grant as soon as possible after your kid has been registered, as it can sometimes take up to 30 days for applications to be processed.\u00a0<\/p>\n<p>&nbsp;<\/p>\n<p>Les subventions SportJeunesse ne peuvent pas servir aux programmes qui sont d\u00e9j\u00e0 termin\u00e9s.<\/p>\n\t\t\t\t\t<a role=\"heading\" id=\"fl-accordion--label-5\">Comment saurai-je si ma demande est accept\u00e9e?<\/a>\n\t\t\t\t\t\t\t\t\t\t\t<button type=\"button\" id=\"fl-accordion--icon-5\" aria-expanded=\"false\" aria-controls=\"fl-accordion--panel-5\"><i>Expand<\/i><\/button>\n\t\t\t\t\t<p>Si vous avez pr\u00e9sent\u00e9 une demande en ligne, vous recevrez un courriel automatiquement produit par le syst\u00e8me vous informant des r\u00e9sultats de votre demande.<\/p>\n<p>Si vous pr\u00e9sentez une demande hors ligne (en personne, par formulaire PDF envoy\u00e9 par courriel ou par formulaire imprim\u00e9), vous devez inclure votre adresse de courriel afin que nous puissions vous informer des r\u00e9sultats de votre demande.<\/p>\n\t\t\t\t\t<a role=\"heading\" id=\"fl-accordion--label-6\">Que dois-je faire pour d\u00e9montrer mon admissibilit\u00e9 financi\u00e8re?<\/a>\n\t\t\t\t\t\t\t\t\t\t\t<button type=\"button\" id=\"fl-accordion--icon-6\" aria-expanded=\"false\" aria-controls=\"fl-accordion--panel-6\"><i>Expand<\/i><\/button>\n\t\t\t\t\t<p>You can submit your GST Tax Credit form or Canada Child Tax Benefit form. These documents show the family&#8217;s net income, marital status and RRSP contribution for the most recent tax year.<\/p>\n<p>&nbsp;<\/p>\n\t\t\t\t\t<a role=\"heading\" id=\"fl-accordion--label-7\">Mes renseignements sont-ils prot\u00e9g\u00e9s et confidentiels?<\/a>\n\t\t\t\t\t\t\t\t\t\t\t<button type=\"button\" id=\"fl-accordion--icon-7\" aria-expanded=\"false\" aria-controls=\"fl-accordion--panel-7\"><i>Expand<\/i><\/button>\n\t\t\t\t\t<p>Oui, tous vos renseignements personnels seront sauvegard\u00e9s de fa\u00e7on s\u00e9curis\u00e9e et d\u00e9truits au moment appropri\u00e9. Notre syst\u00e8me de demande en ligne est s\u00e9curis\u00e9 et fiable. Jamais SportJeunesse et ses partenaires ne vendront ni ne divulgueront vos donn\u00e9es personnelles.<\/p>","protected":false},"excerpt":{"rendered":"<p>KidSport Prince Edward Island PROVINCIAL FUND KidSport grants are provided through the Provincial Fund. No matter where you live on PEI, you can apply for funding from KidSport! APPLY ONLINE NOW PAPER APPLICATION &#8211; English DEMANDE PAPIER &#8211; Francais What is a Grant? KidSport provides grants to kids from families facing financial barriers so they&hellip;<\/p>","protected":false},"author":16,"featured_media":196,"parent":0,"menu_order":0,"comment_status":"closed","ping_status":"closed","template":"","meta":{"_acf_changed":false,"footnotes":""},"class_list":["post-150","page","type-page","status-publish","has-post-thumbnail","hentry"],"acf":[],"yoast_head":"<!-- This site is optimized with the Yoast SEO plugin v27.4 - https:\/\/yoast.com\/product\/yoast-seo-wordpress\/ -->\n<title>Provincial Fund - KidSport Prince Edward Island<\/title>\n<meta name=\"description\" content=\"Start your application here. KidSport provides grants to kids from families facing financial barriers so they can participate in registered sport programs.\" \/>\n<meta name=\"robots\" content=\"index, follow, max-snippet:-1, max-image-preview:large, max-video-preview:-1\" \/>\n<link rel=\"canonical\" href=\"https:\/\/kidsportcanada.ca\/prince-edward-island\/fr\/provincial-fund\/\" \/>\n<meta property=\"og:locale\" content=\"fr_CA\" \/>\n<meta property=\"og:type\" content=\"article\" \/>\n<meta property=\"og:title\" content=\"Provincial Fund - KidSport Prince Edward Island\" \/>\n<meta property=\"og:description\" content=\"Start your application here. KidSport provides grants to kids from families facing financial barriers so they can participate in registered sport programs.\" \/>\n<meta property=\"og:url\" content=\"https:\/\/kidsportcanada.ca\/prince-edward-island\/fr\/provincial-fund\/\" \/>\n<meta property=\"og:site_name\" content=\"Prince Edward Island\" \/>\n<meta property=\"article:modified_time\" content=\"2026-03-18T18:05:00+00:00\" \/>\n<meta property=\"og:image\" content=\"https:\/\/kidsportcanada.ca\/wp-content\/uploads\/sites\/110\/devonte-1.jpg\" \/>\n\t<meta property=\"og:image:width\" content=\"1600\" \/>\n\t<meta property=\"og:image:height\" content=\"1000\" \/>\n\t<meta property=\"og:image:type\" content=\"image\/jpeg\" \/>\n<meta name=\"twitter:card\" content=\"summary_large_image\" \/>\n<meta name=\"twitter:label1\" content=\"Estimation du temps de lecture\" \/>\n\t<meta name=\"twitter:data1\" content=\"4 minutes\" \/>\n<script type=\"application\/ld+json\" class=\"yoast-schema-graph\">{\"@context\":\"https:\\\/\\\/schema.org\",\"@graph\":[{\"@type\":\"WebPage\",\"@id\":\"https:\\\/\\\/kidsportcanada.ca\\\/prince-edward-island\\\/provincial-fund\\\/\",\"url\":\"https:\\\/\\\/kidsportcanada.ca\\\/prince-edward-island\\\/provincial-fund\\\/\",\"name\":\"Provincial Fund - KidSport Prince Edward Island\",\"isPartOf\":{\"@id\":\"https:\\\/\\\/kidsportcanada.ca\\\/prince-edward-island\\\/fr\\\/#website\"},\"primaryImageOfPage\":{\"@id\":\"https:\\\/\\\/kidsportcanada.ca\\\/prince-edward-island\\\/provincial-fund\\\/#primaryimage\"},\"image\":{\"@id\":\"https:\\\/\\\/kidsportcanada.ca\\\/prince-edward-island\\\/provincial-fund\\\/#primaryimage\"},\"thumbnailUrl\":\"\\\/wp-content\\\/uploads\\\/sites\\\/110\\\/devonte-1.jpg\",\"datePublished\":\"2020-05-05T19:39:19+00:00\",\"dateModified\":\"2026-03-18T18:05:00+00:00\",\"description\":\"Start your application here. KidSport provides grants to kids from families facing financial barriers so they can participate in registered sport programs.\",\"breadcrumb\":{\"@id\":\"https:\\\/\\\/kidsportcanada.ca\\\/prince-edward-island\\\/provincial-fund\\\/#breadcrumb\"},\"inLanguage\":\"fr-CA\",\"potentialAction\":[{\"@type\":\"ReadAction\",\"target\":[\"https:\\\/\\\/kidsportcanada.ca\\\/prince-edward-island\\\/provincial-fund\\\/\"]}]},{\"@type\":\"ImageObject\",\"inLanguage\":\"fr-CA\",\"@id\":\"https:\\\/\\\/kidsportcanada.ca\\\/prince-edward-island\\\/provincial-fund\\\/#primaryimage\",\"url\":\"\\\/wp-content\\\/uploads\\\/sites\\\/110\\\/devonte-1.jpg\",\"contentUrl\":\"\\\/wp-content\\\/uploads\\\/sites\\\/110\\\/devonte-1.jpg\",\"width\":1600,\"height\":1000,\"caption\":\"A young boy sliding on the grass soccer field after scoring a goal\"},{\"@type\":\"BreadcrumbList\",\"@id\":\"https:\\\/\\\/kidsportcanada.ca\\\/prince-edward-island\\\/provincial-fund\\\/#breadcrumb\",\"itemListElement\":[{\"@type\":\"ListItem\",\"position\":1,\"name\":\"Home\",\"item\":\"https:\\\/\\\/kidsportcanada.ca\\\/prince-edward-island\\\/\"},{\"@type\":\"ListItem\",\"position\":2,\"name\":\"Provincial Fund\"}]},{\"@type\":\"WebSite\",\"@id\":\"https:\\\/\\\/kidsportcanada.ca\\\/prince-edward-island\\\/fr\\\/#website\",\"url\":\"https:\\\/\\\/kidsportcanada.ca\\\/prince-edward-island\\\/fr\\\/\",\"name\":\"Prince Edward Island\",\"description\":\"So all kids can play\",\"potentialAction\":[{\"@type\":\"SearchAction\",\"target\":{\"@type\":\"EntryPoint\",\"urlTemplate\":\"https:\\\/\\\/kidsportcanada.ca\\\/prince-edward-island\\\/fr\\\/?s={search_term_string}\"},\"query-input\":{\"@type\":\"PropertyValueSpecification\",\"valueRequired\":true,\"valueName\":\"search_term_string\"}}],\"inLanguage\":\"fr-CA\"}]}<\/script>\n<!-- \/ Yoast SEO plugin. -->","yoast_head_json":{"title":"Provincial Fund - KidSport Prince Edward Island","description":"Commencez \u00e0 remplir votre demande ici. SportJeunesse fournit des subventions aux enfants provenant de familles qui se heurtent \u00e0 des obstacles financiers afin qu\u2019ils puissent participer \u00e0 des programmes de sport.","robots":{"index":"index","follow":"follow","max-snippet":"max-snippet:-1","max-image-preview":"max-image-preview:large","max-video-preview":"max-video-preview:-1"},"canonical":"https:\/\/kidsportcanada.ca\/prince-edward-island\/fr\/provincial-fund\/","og_locale":"fr_CA","og_type":"article","og_title":"Provincial Fund - KidSport Prince Edward Island","og_description":"Start your application here. KidSport provides grants to kids from families facing financial barriers so they can participate in registered sport programs.","og_url":"https:\/\/kidsportcanada.ca\/prince-edward-island\/fr\/provincial-fund\/","og_site_name":"Prince Edward Island","article_modified_time":"2026-03-18T18:05:00+00:00","og_image":[{"width":1600,"height":1000,"url":"https:\/\/kidsportcanada.ca\/wp-content\/uploads\/sites\/110\/devonte-1.jpg","type":"image\/jpeg"}],"twitter_card":"summary_large_image","twitter_misc":{"Estimation du temps de lecture":"4 minutes"},"schema":{"@context":"https:\/\/schema.org","@graph":[{"@type":"WebPage","@id":"https:\/\/kidsportcanada.ca\/prince-edward-island\/provincial-fund\/","url":"https:\/\/kidsportcanada.ca\/prince-edward-island\/provincial-fund\/","name":"Provincial Fund - KidSport Prince Edward Island","isPartOf":{"@id":"https:\/\/kidsportcanada.ca\/prince-edward-island\/fr\/#website"},"primaryImageOfPage":{"@id":"https:\/\/kidsportcanada.ca\/prince-edward-island\/provincial-fund\/#primaryimage"},"image":{"@id":"https:\/\/kidsportcanada.ca\/prince-edward-island\/provincial-fund\/#primaryimage"},"thumbnailUrl":"\/wp-content\/uploads\/sites\/110\/devonte-1.jpg","datePublished":"2020-05-05T19:39:19+00:00","dateModified":"2026-03-18T18:05:00+00:00","description":"Commencez \u00e0 remplir votre demande ici. SportJeunesse fournit des subventions aux enfants provenant de familles qui se heurtent \u00e0 des obstacles financiers afin qu\u2019ils puissent participer \u00e0 des programmes de sport.","breadcrumb":{"@id":"https:\/\/kidsportcanada.ca\/prince-edward-island\/provincial-fund\/#breadcrumb"},"inLanguage":"fr-CA","potentialAction":[{"@type":"ReadAction","target":["https:\/\/kidsportcanada.ca\/prince-edward-island\/provincial-fund\/"]}]},{"@type":"ImageObject","inLanguage":"fr-CA","@id":"https:\/\/kidsportcanada.ca\/prince-edward-island\/provincial-fund\/#primaryimage","url":"\/wp-content\/uploads\/sites\/110\/devonte-1.jpg","contentUrl":"\/wp-content\/uploads\/sites\/110\/devonte-1.jpg","width":1600,"height":1000,"caption":"A young boy sliding on the grass soccer field after scoring a goal"},{"@type":"BreadcrumbList","@id":"https:\/\/kidsportcanada.ca\/prince-edward-island\/provincial-fund\/#breadcrumb","itemListElement":[{"@type":"ListItem","position":1,"name":"Home","item":"https:\/\/kidsportcanada.ca\/prince-edward-island\/"},{"@type":"ListItem","position":2,"name":"Provincial Fund"}]},{"@type":"WebSite","@id":"https:\/\/kidsportcanada.ca\/prince-edward-island\/fr\/#website","url":"https:\/\/kidsportcanada.ca\/prince-edward-island\/fr\/","name":"Prince Edward Island","description":"So all kids can play","potentialAction":[{"@type":"SearchAction","target":{"@type":"EntryPoint","urlTemplate":"https:\/\/kidsportcanada.ca\/prince-edward-island\/fr\/?s={search_term_string}"},"query-input":{"@type":"PropertyValueSpecification","valueRequired":true,"valueName":"search_term_string"}}],"inLanguage":"fr-CA"}]}},"_links":{"self":[{"href":"https:\/\/kidsportcanada.ca\/prince-edward-island\/fr\/wp-json\/wp\/v2\/pages\/150","targetHints":{"allow":["GET"]}}],"collection":[{"href":"https:\/\/kidsportcanada.ca\/prince-edward-island\/fr\/wp-json\/wp\/v2\/pages"}],"about":[{"href":"https:\/\/kidsportcanada.ca\/prince-edward-island\/fr\/wp-json\/wp\/v2\/types\/page"}],"author":[{"embeddable":true,"href":"https:\/\/kidsportcanada.ca\/prince-edward-island\/fr\/wp-json\/wp\/v2\/users\/16"}],"replies":[{"embeddable":true,"href":"https:\/\/kidsportcanada.ca\/prince-edward-island\/fr\/wp-json\/wp\/v2\/comments?post=150"}],"version-history":[{"count":0,"href":"https:\/\/kidsportcanada.ca\/prince-edward-island\/fr\/wp-json\/wp\/v2\/pages\/150\/revisions"}],"wp:featuredmedia":[{"embeddable":true,"href":"https:\/\/kidsportcanada.ca\/prince-edward-island\/fr\/wp-json\/wp\/v2\/media\/196"}],"wp:attachment":[{"href":"https:\/\/kidsportcanada.ca\/prince-edward-island\/fr\/wp-json\/wp\/v2\/media?parent=150"}],"curies":[{"name":"wp","href":"https:\/\/api.w.org\/{rel}","templated":true}]}}