
{"id":37,"date":"2020-03-13T16:16:56","date_gmt":"2020-03-13T16:16:56","guid":{"rendered":"http:\/\/kidsportcanada.ca\/prince-edward-island\/?page_id=37"},"modified":"2026-03-31T17:44:05","modified_gmt":"2026-03-31T17:44:05","slug":"home","status":"publish","type":"page","link":"https:\/\/kidsportcanada.ca\/prince-edward-island\/fr\/","title":{"rendered":"Home"},"content":{"rendered":"<h4 data-animation-delay=\"0\" data-animation-duration=\"1\">\n\t\t\tBienvenue \u00e0\t<\/h4>\n<h1>\n\t\t\tKidSport PEI\t<\/h1>\n\t\t\t<a href=\"https:\/\/kidsportcanada.ca\/prince-edward-island\/fr\/provincial-fund\/\" target=\"_blank\" rel=\"noopener\">\n\t\t\t\t\t\t\tDEMANDER UNE SUBVENTION\n\t\t\t<\/a>\n\t\t\t<a href=\"https:\/\/kidsportcanada.ca\/prince-edward-island\/fr\/donate\/\" target=\"_self\">\n\t\t\t\t\t\t\tDONNER\n\t\t\t<\/a>\n<h2>\n\t\t\t\u00c0 PROPOS DE\t<\/h2>\n<h4>\n\t\t\tSportJeunesse Prince Edward Island\t<\/h4>\n\t<h3>KidSport PEI believes all PEI children should have the opportunity to experience the positive benefits that sport offers.<\/h3>\n\n<h3>KidSport PEI helps remove the financial barriers that limit some children from participating in sport in PEI.<\/h3>\n\t\t\t<a href=\"https:\/\/kidsportcanada.ca\/prince-edward-island\/fr\/provincial-fund\/\" target=\"_self\">\n\t\t\t\t\t\t\tDEMANDER UNE SUBVENTION\n\t\t\t\t\t<\/a>\n<h5>\n\t\t\tCommuniquer\t<\/h5>\n\t    <span class=\"socialmedia-links fl-icon-group\">\n        <!------------------ Facebook ------------------>\n        <span class=\"fl-icon facebook\">\n                            <a href=\"https:\/\/www.facebook.com\/KidSportPEI\/\" target=\"_blank\" aria-label=\"link to https:\/\/www.facebook.com\/kidsportcanada\/\" rel=\"noopener\"[soci>\n                    <i class=\"fab fa-facebook-square\" aria-hidden=\"true\"><\/i>\n                <\/a>\n                    <\/span>\n\t\t<!------------------ Facebook 2 ------------------>\n        <span class=\"fl-icon facebook\">\n                    <\/span>\n        <!------------------ Twitter ------------------>\n        <span class=\"fl-icon twitter\">\n                            <a href=\"https:\/\/twitter.com\/KidSportPEI\" target=\"_blank\" aria-label=\"link to https:\/\/twitter.com\/kidsport\/\" rel=\"noopener\">\n                    <i class=\"fab fa-twitter\" aria-hidden=\"true\"><\/i>\n                <\/a>\n                    <\/span>\n        <!------------------ Instagram ------------------>\n        <span class=\"fl-icon instagram\">\n                            <a href=\"https:\/\/www.instagram.com\/sportpei\/\" target=\"_blank\" aria-label=\"link to https:\/\/www.instagram.com\/kidsport.canada\/\" rel=\"noopener\">\n                    <i class=\"fab fa-instagram\" aria-hidden=\"true\"><\/i>\n                <\/a>\n                    <\/span>\n        <!------------------ YouTube ------------------>\n        <span class=\"fl-icon youtube\">\n                            <a href=\"https:\/\/www.youtube.com\/user\/KidSportCanada\" target=\"_blank\" aria-label=\"link to https:\/\/www.youtube.com\/user\/KidSportCanada\" rel=\"noopener\">\n                    <i class=\"fab fa-youtube\" aria-hidden=\"true\"><\/i>\n                <\/a>\n                    <\/span>\n    <\/span>\n    \n<figure>\n\t\t\t\t<a href=\"https:\/\/kidsportcanada.ca\/prince-edward-island\/fr\/saputo\/\" target=\"_self\">\n\t\t\t\t<img decoding=\"async\" src=\"\/wp-content\/uploads\/sites\/110\/Kidsport-Saputo-1600-x-1000-px-EN-800x500.png\" alt=\"Kidsport-Saputo (1600 x 1000 px) - EN\" height=\"500\" width=\"800\" title=\"Kidsport-Saputo (1600 x 1000 px) - EN\" loading=\"lazy\" \/>\n\t\t\t\t<\/a>\n\t<\/figure>\n\t\t\t<a href=\"https:\/\/kidsportcanada.ca\/prince-edward-island\/fr\/saputo\/\" target=\"_self\">\n\t\t\t\t\t\t\tREAD THE ANNOUNCEMENT\n\t\t\t\t\t<\/a>\n<figure>\n\t\t\t\t<img decoding=\"async\" src=\"\/wp-content\/uploads\/sites\/110\/SPEI_ScoresForKidSport_TW4.jpg\" alt=\"SPEI_ScoresForKidSport_TW4\" height=\"675\" width=\"1200\" title=\"SPEI_ScoresForKidSport_TW4\" loading=\"lazy\" \/>\n\t<\/figure>\n\t\t<!-- Comment to fix spacing issue\n\t-->\n\t\t<h1>0 goals<\/h1>\n\t<!-- Comment to fix spacing issue\n\t-->\t\n\t\t<!-- Comment to fix spacing issue\n\t-->\n\t\t<h1>$0 <\/h1>\n\t<!-- Comment to fix spacing issue\n\t-->\t\n<figure>\n\t\t\t\t<img decoding=\"async\" src=\"\/wp-content\/uploads\/sites\/110\/Scores-DFPEI.png\" alt=\"Scores! DFPEI\" height=\"448\" width=\"800\" title=\"Scores! DFPEI\" loading=\"lazy\" \/>\n\t<\/figure>\n<figure>\n\t\t\t\t<img decoding=\"async\" src=\"\/wp-content\/uploads\/sites\/110\/Scores-isles.png\" alt=\"Scores! isles\" height=\"448\" width=\"800\" title=\"Scores! isles\" loading=\"lazy\" \/>\n\t<\/figure>\n<figure>\n\t\t\t\t<img decoding=\"async\" src=\"\/wp-content\/uploads\/sites\/110\/Scores-caps-2.png\" alt=\"Scores! caps (2)\" height=\"448\" width=\"800\" title=\"Scores! caps (2)\" loading=\"lazy\" \/>\n\t<\/figure>\n<figure>\n\t\t\t\t<img decoding=\"async\" src=\"\/wp-content\/uploads\/sites\/110\/Scores-panthers.png\" alt=\"Scores! panthers\" height=\"448\" width=\"800\" title=\"Scores! panthers\" loading=\"lazy\" \/>\n\t<\/figure>\n\t<p>&nbsp;<\/p>\n<p>For every goal scored by the Charlottetown Islanders, Summerside Western Capitals, and UPEI Men&#8217;s and Women&#8217;s Hockey Teams during the 2025-2026 season, Dairy Farmers of PEI will donate $10 to KidSport!<\/p>\n<h2>\n\t\t\tDerni\u00e8res nouvelles\t<\/h2>\n<h4>\n\t\t\tde la r\u00e9gion de Prince Edward Island\t<\/h4>\n    <h5>News &amp; Stories<\/h5>\n    <h5>\u00c9V\u00c9NEMENTS<\/h5>\n\t<p>Donate today to help get more kids off the sideline and into the game!<\/p>\n\t\t\t<a href=\"https:\/\/kidsportcanada.ca\/prince-edward-island\/fr\/donate\/\" target=\"_self\">\n\t\t\t\t\t\t\tEN SAVOIR PLUS\n\t\t\t\t\t<\/a>\n<h2>\n\t\t\tIncidence provinciale\t<\/h2>\n<h4>\n\t\t\t&#8220;KidSport has given my daughters opportunities I couldn&#8217;t give them, and taught them real life skills I couldn&#8217;t teach them; confidence in public, friendship, teamwork and good sportsmanship.&#8221; &#8211; Parent\t<\/h4>\n    <a href=\"https:\/\/kidsportcanada.ca\/prince-edward-island\/fr\/donate\/\">\n            <br \/>DONNER<br \/>MAINTENANT\n    <\/a>\n\t\t<!-- Comment to fix spacing issue\n\t-->\n\t\t<h1>$0<\/h1>\n\t<!-- Comment to fix spacing issue\n\t-->\t\n<h3>\n\t\t\tGranted to kids in Prince Edward Island since 1997.\t<\/h3>\n\t\t<!-- Comment to fix spacing issue\n\t-->\n\t\t<h1>over 0<\/h1>\n\t<!-- Comment to fix spacing issue\n\t-->\t\n<h3>\n\t\t\tKids helped off the sidelines in Prince Edward Island since 1997.\t<\/h3>\n<h3>\n\t\t\tEn appuyant SportJeunesse, nous gagnons tous. Quand les enfants ont acc\u00e8s au sport, ils s\u2019am\u00e9liorent \u00e0 l\u2019\u00e9cole, deviennent de solides leaders, cr\u00e9ent des communaut\u00e9s s\u00fbres, catalysent l\u2019inclusivit\u00e9 et adoptent des habitudes saines pour la vie.\t<\/h3>\n<h5>\n\t\t\tRAPPORTS D\u2019IMPACT\t<\/h5>\n\t<p>Lisez nos derniers rapports annuels et \u00e9tats financiers.<\/p>\n\t\t\t<a href=\"\/wp-content\/uploads\/sites\/110\/Kidsport_Report_2024-1.pdf\" target=\"_blank\" rel=\"noopener\">\n\t\t\t\t\t\t2024 ANNUAL REPORT\n\t\t\t\t\t<\/a>\n<h2>\n\t\t\tOUR Team\t<\/h2>\n<h3>\n\t\t\tKidSport Prince Edward Island is made possible thanks to passionate volunteers and our incredible partners. Together we&#8217;re making it so no kid in Prince Edward Island is left watching from the sidelines.\t<\/h3>\n<h5>\n\t\t\tJanet Clark<br \/>\t<\/h5>\n<h5>\n\t\t\tPresident, Sport PEI\t<\/h5>\n\t<p>Janet is the elected President of Sport PEI. As the federation is responsible for the delivery of the KidSport Program, the board of Sport PEI believe in the importance of KidSport for families across PEI.<\/p>\n\t\t\t\t\t<a role=\"heading\" id=\"fl-accordion--label-0\">Conseil d\u2019administration<\/a>\n\t\t\t\t\t\t\t\t\t\t\t<button type=\"button\" id=\"fl-accordion--icon-0\" aria-expanded=\"false\" aria-controls=\"fl-accordion--panel-0\"><i>Expand<\/i><\/button>\n\t\t\t\t\t<p>Charlotte Jenkins, Vice-President, Sport PEI<\/p>\n<p>Geoff Kowalski, Secretary, Sport PEI<\/p>\n<p>Dominique Ryan, Treasurer, Sport PEI<\/p>\n<p>Tom Crowell, Past-President, Sport PEI<\/p>\n<p>Robyn MacDonald, Kings County Director, Sport PEI<\/p>\n<p>Carly Mayhew, Queens County Director, Sport PEI<\/p>\n<p>Karen Cameron, Prince County Director, Sport PEI<\/p>\n<p>Ryan Innis, Director at Large, Sport PEI<\/p>\n<p>Kaye Kelly, Director at Large, Sport PEI<\/p>\n<p>Meaghan Hughes, Director at Large, Sport PEI<\/p>\n<p>&nbsp;<\/p>\n<h1>\n\t\t\tAMBASSADEURS\t<\/h1>","protected":false},"excerpt":{"rendered":"<p>Welcome to KidSport PEI APPLY FOR A GRANT DONATE NOW ABOUT KidSport Prince Edward Island KidSport PEI believes all PEI children should have the opportunity to experience the positive benefits that sport offers. KidSport PEI helps remove the financial barriers that limit some children from participating in sport in PEI. APPLY FOR A GRANT CONNECT&hellip;<\/p>","protected":false},"author":16,"featured_media":195,"parent":0,"menu_order":0,"comment_status":"closed","ping_status":"closed","template":"","meta":{"_acf_changed":false,"footnotes":""},"class_list":["post-37","page","type-page","status-publish","has-post-thumbnail","hentry"],"acf":[],"yoast_head":"<!-- This site is optimized with the Yoast SEO plugin v27.4 - https:\/\/yoast.com\/product\/yoast-seo-wordpress\/ -->\n<title>Home - KidSport Prince Edward Island<\/title>\n<meta name=\"description\" content=\"KidSport provides grants to help cover the costs of registration fees so that ALL kids aged 18 and under can play a season of sport.\" \/>\n<meta name=\"robots\" content=\"index, follow, max-snippet:-1, max-image-preview:large, max-video-preview:-1\" \/>\n<link rel=\"canonical\" href=\"https:\/\/kidsportcanada.ca\/prince-edward-island\/fr\/\" \/>\n<meta property=\"og:locale\" content=\"fr_CA\" \/>\n<meta property=\"og:type\" content=\"article\" \/>\n<meta property=\"og:title\" content=\"Home - KidSport Prince Edward Island\" \/>\n<meta property=\"og:description\" content=\"KidSport provides grants to help cover the costs of registration fees so that ALL kids aged 18 and under can play a season of sport.\" \/>\n<meta property=\"og:url\" content=\"https:\/\/kidsportcanada.ca\/prince-edward-island\/fr\/\" \/>\n<meta property=\"og:site_name\" content=\"Prince Edward Island\" \/>\n<meta property=\"article:modified_time\" content=\"2026-03-31T17:44:05+00:00\" \/>\n<meta property=\"og:image\" content=\"https:\/\/kidsportcanada.ca\/wp-content\/uploads\/sites\/110\/kidsport-chapter-home-1.jpg\" \/>\n\t<meta property=\"og:image:width\" content=\"1600\" \/>\n\t<meta property=\"og:image:height\" content=\"1000\" \/>\n\t<meta property=\"og:image:type\" content=\"image\/jpeg\" \/>\n<meta name=\"twitter:card\" content=\"summary_large_image\" \/>\n<meta name=\"twitter:label1\" content=\"Estimation du temps de lecture\" \/>\n\t<meta name=\"twitter:data1\" content=\"6 minutes\" \/>\n<script type=\"application\/ld+json\" class=\"yoast-schema-graph\">{\"@context\":\"https:\\\/\\\/schema.org\",\"@graph\":[{\"@type\":\"WebPage\",\"@id\":\"https:\\\/\\\/kidsportcanada.ca\\\/prince-edward-island\\\/\",\"url\":\"https:\\\/\\\/kidsportcanada.ca\\\/prince-edward-island\\\/\",\"name\":\"Home - KidSport Prince Edward Island\",\"isPartOf\":{\"@id\":\"https:\\\/\\\/kidsportcanada.ca\\\/prince-edward-island\\\/fr\\\/#website\"},\"primaryImageOfPage\":{\"@id\":\"https:\\\/\\\/kidsportcanada.ca\\\/prince-edward-island\\\/#primaryimage\"},\"image\":{\"@id\":\"https:\\\/\\\/kidsportcanada.ca\\\/prince-edward-island\\\/#primaryimage\"},\"thumbnailUrl\":\"\\\/wp-content\\\/uploads\\\/sites\\\/110\\\/kidsport-chapter-home-1.jpg\",\"datePublished\":\"2020-03-13T16:16:56+00:00\",\"dateModified\":\"2026-03-31T17:44:05+00:00\",\"description\":\"KidSport provides grants to help cover the costs of registration fees so that ALL kids aged 18 and under can play a season of sport.\",\"breadcrumb\":{\"@id\":\"https:\\\/\\\/kidsportcanada.ca\\\/prince-edward-island\\\/#breadcrumb\"},\"inLanguage\":\"fr-CA\",\"potentialAction\":[{\"@type\":\"ReadAction\",\"target\":[\"https:\\\/\\\/kidsportcanada.ca\\\/prince-edward-island\\\/\"]}]},{\"@type\":\"ImageObject\",\"inLanguage\":\"fr-CA\",\"@id\":\"https:\\\/\\\/kidsportcanada.ca\\\/prince-edward-island\\\/#primaryimage\",\"url\":\"\\\/wp-content\\\/uploads\\\/sites\\\/110\\\/kidsport-chapter-home-1.jpg\",\"contentUrl\":\"\\\/wp-content\\\/uploads\\\/sites\\\/110\\\/kidsport-chapter-home-1.jpg\",\"width\":1600,\"height\":1000,\"caption\":\"A hockey player wearing red and black stopping on an indoor ice rink and looking at the camera\"},{\"@type\":\"BreadcrumbList\",\"@id\":\"https:\\\/\\\/kidsportcanada.ca\\\/prince-edward-island\\\/#breadcrumb\",\"itemListElement\":[{\"@type\":\"ListItem\",\"position\":1,\"name\":\"Home\",\"item\":\"https:\\\/\\\/kidsportcanada.ca\\\/prince-edward-island\\\/\"},{\"@type\":\"ListItem\",\"position\":2,\"name\":\"Home\"}]},{\"@type\":\"WebSite\",\"@id\":\"https:\\\/\\\/kidsportcanada.ca\\\/prince-edward-island\\\/fr\\\/#website\",\"url\":\"https:\\\/\\\/kidsportcanada.ca\\\/prince-edward-island\\\/fr\\\/\",\"name\":\"Prince Edward Island\",\"description\":\"So all kids can play\",\"potentialAction\":[{\"@type\":\"SearchAction\",\"target\":{\"@type\":\"EntryPoint\",\"urlTemplate\":\"https:\\\/\\\/kidsportcanada.ca\\\/prince-edward-island\\\/fr\\\/?s={search_term_string}\"},\"query-input\":{\"@type\":\"PropertyValueSpecification\",\"valueRequired\":true,\"valueName\":\"search_term_string\"}}],\"inLanguage\":\"fr-CA\"}]}<\/script>\n<!-- \/ Yoast SEO plugin. -->","yoast_head_json":{"title":"Home - KidSport Prince Edward Island","description":"Nous fournissons des subventions pour aider \u00e0 couvrir le co\u00fbt des frais d\u2019inscription afin que tous les enfants de 18 ans et moins puissent pratiquer un sport pendant une saison.","robots":{"index":"index","follow":"follow","max-snippet":"max-snippet:-1","max-image-preview":"max-image-preview:large","max-video-preview":"max-video-preview:-1"},"canonical":"https:\/\/kidsportcanada.ca\/prince-edward-island\/fr\/","og_locale":"fr_CA","og_type":"article","og_title":"Home - KidSport Prince Edward Island","og_description":"KidSport provides grants to help cover the costs of registration fees so that ALL kids aged 18 and under can play a season of sport.","og_url":"https:\/\/kidsportcanada.ca\/prince-edward-island\/fr\/","og_site_name":"Prince Edward Island","article_modified_time":"2026-03-31T17:44:05+00:00","og_image":[{"width":1600,"height":1000,"url":"https:\/\/kidsportcanada.ca\/wp-content\/uploads\/sites\/110\/kidsport-chapter-home-1.jpg","type":"image\/jpeg"}],"twitter_card":"summary_large_image","twitter_misc":{"Estimation du temps de lecture":"6 minutes"},"schema":{"@context":"https:\/\/schema.org","@graph":[{"@type":"WebPage","@id":"https:\/\/kidsportcanada.ca\/prince-edward-island\/","url":"https:\/\/kidsportcanada.ca\/prince-edward-island\/","name":"Home - KidSport Prince Edward Island","isPartOf":{"@id":"https:\/\/kidsportcanada.ca\/prince-edward-island\/fr\/#website"},"primaryImageOfPage":{"@id":"https:\/\/kidsportcanada.ca\/prince-edward-island\/#primaryimage"},"image":{"@id":"https:\/\/kidsportcanada.ca\/prince-edward-island\/#primaryimage"},"thumbnailUrl":"\/wp-content\/uploads\/sites\/110\/kidsport-chapter-home-1.jpg","datePublished":"2020-03-13T16:16:56+00:00","dateModified":"2026-03-31T17:44:05+00:00","description":"Nous fournissons des subventions pour aider \u00e0 couvrir le co\u00fbt des frais d\u2019inscription afin que tous les enfants de 18 ans et moins puissent pratiquer un sport pendant une saison.","breadcrumb":{"@id":"https:\/\/kidsportcanada.ca\/prince-edward-island\/#breadcrumb"},"inLanguage":"fr-CA","potentialAction":[{"@type":"ReadAction","target":["https:\/\/kidsportcanada.ca\/prince-edward-island\/"]}]},{"@type":"ImageObject","inLanguage":"fr-CA","@id":"https:\/\/kidsportcanada.ca\/prince-edward-island\/#primaryimage","url":"\/wp-content\/uploads\/sites\/110\/kidsport-chapter-home-1.jpg","contentUrl":"\/wp-content\/uploads\/sites\/110\/kidsport-chapter-home-1.jpg","width":1600,"height":1000,"caption":"A hockey player wearing red and black stopping on an indoor ice rink and looking at the camera"},{"@type":"BreadcrumbList","@id":"https:\/\/kidsportcanada.ca\/prince-edward-island\/#breadcrumb","itemListElement":[{"@type":"ListItem","position":1,"name":"Home","item":"https:\/\/kidsportcanada.ca\/prince-edward-island\/"},{"@type":"ListItem","position":2,"name":"Home"}]},{"@type":"WebSite","@id":"https:\/\/kidsportcanada.ca\/prince-edward-island\/fr\/#website","url":"https:\/\/kidsportcanada.ca\/prince-edward-island\/fr\/","name":"Prince Edward Island","description":"So all kids can play","potentialAction":[{"@type":"SearchAction","target":{"@type":"EntryPoint","urlTemplate":"https:\/\/kidsportcanada.ca\/prince-edward-island\/fr\/?s={search_term_string}"},"query-input":{"@type":"PropertyValueSpecification","valueRequired":true,"valueName":"search_term_string"}}],"inLanguage":"fr-CA"}]}},"_links":{"self":[{"href":"https:\/\/kidsportcanada.ca\/prince-edward-island\/fr\/wp-json\/wp\/v2\/pages\/37","targetHints":{"allow":["GET"]}}],"collection":[{"href":"https:\/\/kidsportcanada.ca\/prince-edward-island\/fr\/wp-json\/wp\/v2\/pages"}],"about":[{"href":"https:\/\/kidsportcanada.ca\/prince-edward-island\/fr\/wp-json\/wp\/v2\/types\/page"}],"author":[{"embeddable":true,"href":"https:\/\/kidsportcanada.ca\/prince-edward-island\/fr\/wp-json\/wp\/v2\/users\/16"}],"replies":[{"embeddable":true,"href":"https:\/\/kidsportcanada.ca\/prince-edward-island\/fr\/wp-json\/wp\/v2\/comments?post=37"}],"version-history":[{"count":0,"href":"https:\/\/kidsportcanada.ca\/prince-edward-island\/fr\/wp-json\/wp\/v2\/pages\/37\/revisions"}],"wp:featuredmedia":[{"embeddable":true,"href":"https:\/\/kidsportcanada.ca\/prince-edward-island\/fr\/wp-json\/wp\/v2\/media\/195"}],"wp:attachment":[{"href":"https:\/\/kidsportcanada.ca\/prince-edward-island\/fr\/wp-json\/wp\/v2\/media?parent=37"}],"curies":[{"name":"wp","href":"https:\/\/api.w.org\/{rel}","templated":true}]}}