
{"id":110,"date":"2020-03-19T16:51:49","date_gmt":"2020-03-19T16:51:49","guid":{"rendered":"https:\/\/kidsportcanada.ca\/saskatchewan\/?page_id=110"},"modified":"2026-03-26T18:49:58","modified_gmt":"2026-03-26T18:49:58","slug":"get-involved","status":"publish","type":"page","link":"https:\/\/kidsportcanada.ca\/saskatchewan\/fr\/get-involved\/","title":{"rendered":"S\u2019impliquer"},"content":{"rendered":"<h4 data-animation-delay=\"0\" data-animation-duration=\"1\">\n\t\t\tSportJeunesse Saskatchewan\t<\/h4>\n<h1 data-animation-delay=\"0.2\" data-animation-duration=\"1\">\n\t\t\tS\u2019IMPLIQUER\t<\/h1>\n<h3 data-animation-delay=\"0.6\" data-animation-duration=\"1\">\n\t\t\tIl y a d\u2019innombrables fa\u00e7ons de faire en sorte que TOUS les enfants puissent jouer! Trouvez votre fa\u00e7on et joignez-vous \u00e0 l\u2019\u00e9quipe de SportJeunesse Saskatchewan.\t<\/h3>\n<h2>\n\t\t\tFaire du b\u00e9n\u00e9volat\t<\/h2>\n\t<p>SportJeunesse est un organisme communautaire, alors les possibilit\u00e9s de b\u00e9n\u00e9volat se trouvent surtout au niveau local. Vous pouvez chercher votre section communautaire ici et communiquer directement avec ses responsables pour conna\u00eetre les possibilit\u00e9s de b\u00e9n\u00e9volat dans votre localit\u00e9.<\/p>\n<p>Don&#8217;t sweat if your community doesn&#8217;t yet have a community chapter &#8211; there are still many ways to get involved! Reach out to KidSport Saskatchewan by email at <a href=\"mailto:kidsport@sasksport.ca\">kidsport@sasksport.ca<\/a> ou appeler <a href=\"tel:306-975-0875\">306-975-0875<\/a>.<\/p>\n<h5>\n\t\t\tPostuler pour devenir b\u00e9n\u00e9vole\t<\/h5>\n\t<p>Inscrivez-vous d\u00e8s aujourd'hui comme b\u00e9n\u00e9vole pour KidSport en utilisant l'application Helper Helper ou en visitant le site web de votre section locale KidSport.<\/p>\n\t\t\t<a href=\"https:\/\/app.helperhelper.com\/signup\/1416?team=b7677&#038;show=team\" target=\"_blank\" rel=\"noopener\">\n\t\t\t\t\t\t\tInscription des volontaires\n\t\t\t\t\t<\/a>\n<h2>\n\t\t\tOrganiser un \u00e9v\u00e9nement\t<\/h2>\n\t<p>Faites de KidSport votre organisation caritative de pr\u00e9dilection pour les tournois, les mariages, les anniversaires ou rendez hommage \u00e0 une personne de la communaut\u00e9 en lui faisant un don. KidSport s'int\u00e8gre parfaitement \u00e0 tout \u00e9v\u00e9nement communautaire.<\/p>\n<p>KidSport est \u00e9galement un excellent moyen de rassembler votre lieu de travail : Les \u00e9v\u00e9nements tels que les vendredis en jeans\/chandails, les f\u00eates de fin d'ann\u00e9e, les barbecues d'appr\u00e9ciation des clients, les tournois de baseball et les poules de hockey au bureau sont tous am\u00e9lior\u00e9s par l'ajout d'un volet caritatif. Faites don d'une partie ou de la totalit\u00e9 des recettes \u00e0 KidSport Saskatchewan.<\/p>\n<p>Need help getting started? Get in touch &#8211; we&#8217;re game for whatever you can dream up!<\/p>\n<h5>\n\t\t\tFormulaire de collecte de fonds aupr\u00e8s de tiers\t<\/h5>\n\t<p>Veuillez compl\u00e9ter le formulaire de collecte de fonds aupr\u00e8s de tiers et le renvoyer avant de planifier votre \u00e9v\u00e9nement.<\/p>\n\t\t\t<a href=\"\/wp-content\/uploads\/sites\/112\/Saskatchewan-event-form-Third-Party-form.pdf\" target=\"_blank\" rel=\"noopener\">\n\t\t\t\t\t\t\tFormulaire de collecte de fonds aupr\u00e8s de tiers\n\t\t\t\t\t<\/a>\n<h2>\n\t\t\tDevenez club sportif partenaire\t<\/h2>\n\t<p>Si vous faites partie d\u2019un club et que vous voulez rendre votre sport plus accessible aux enfants d\u2019ici qui se heurtent \u00e0 des obstacles financiers, SportJeunesse Saskatchewan peut aider. \u00c0 l\u2019inscription, encouragez les familles \u00e0 pr\u00e9senter une demande de subvention SportJeunesse Afin que TOUS les enfants puissent jouer!<\/p>\n<p>Our sport club partners do so much more than deliver the programming that gets kids into the game &#8211; many also fundraise for KidSport, and donate leftover funds at the end of the season &#8211; tapping into the real power of kids helping kids.<\/p>\n<p>Veuillez vous associer \u00e0 KidSport Saskatchewan dans notre mission de donner le cadeau du sport \u00e0 tous les enfants ! Contact <a href=\"mailto:kidsport@sasksport.ca\">kidsport@sasksport.ca<\/a> pour discuter des possibilit\u00e9s de partenariat.<\/p>\n\t<br \/>\n<h2>\n\t\t\tPartagez votre histoire\t<\/h2>\n\t<p>Did you receive a grant through KidSport?\u00a0 We&#8217;d love to hear from you or your child about their sport experience.<\/p>\n<p>Nous aimerions inclure les commentaires de nos b\u00e9n\u00e9ficiaires dans notre mat\u00e9riel promotionnel en mentionnant leur pr\u00e9nom et leur sport. Veuillez remplir le formulaire de t\u00e9moignage si vous acceptez que votre citation soit incluse dans notre mat\u00e9riel promotionnel.<\/p>\n\t<p>We&#8217;d love to hear from you!<\/p>\n\t\t\t<a href=\"\/wp-content\/uploads\/sites\/112\/testimonialrequestform.pdf\" target=\"_blank\" rel=\"noopener\">\n\t\t\t\t\t\t\tFormulaire de t\u00e9moignage\n\t\t\t\t\t<\/a>\n<h2>\n\t\t\tDonate For Kids Like Devonte\t<\/h2>\n<h3>\n\t\t\tPour lui, faire du sport procure un sentiment d\u2019appartenance, forme le caract\u00e8re, alimente la sant\u00e9, renforce la confiance et lib\u00e8re le potentiel.\t<\/h3>\n\t\t\t<a href=\"\/saskatchewan\/fr\/void(0)\/\" title=\"REGARDER LE FILM\" target=\"_self\" aria-label=\"REGARDER LE FILM\">\n\t\t\t\t\t\t\t\t\t\t\tREGARDER LE FILM\n\t\t<\/a>\n\t\t\t<a href=\"\/saskatchewan\/fr\/void(0)\/\" title=\"REGARDE LE FILM\" target=\"_self\" aria-label=\"REGARDE LE FILM\">\n\t\t\t\t\t\t\t\t\t\t\tREGARDE LE FILM\n\t\t<\/a>","protected":false},"excerpt":{"rendered":"<p>KidSport Saskatchewan GET INVOLVED There are so many ways you can make it So ALL Kids Can Play! Find your way and join the KidSport Saskatchewan team. VOLUNTEER KidSport is a grassroots organization, so volunteer opportunities are mostly at the local level. You can find your local community chapter here, and reach out directly to&hellip;<\/p>","protected":false},"author":4,"featured_media":194,"parent":0,"menu_order":0,"comment_status":"closed","ping_status":"closed","template":"","meta":{"_acf_changed":false,"footnotes":""},"class_list":["post-110","page","type-page","status-publish","has-post-thumbnail","hentry"],"acf":[],"yoast_head":"<!-- This site is optimized with the Yoast SEO plugin v27.4 - https:\/\/yoast.com\/product\/yoast-seo-wordpress\/ -->\n<title>Get Involved - KidSport Saskatchewan<\/title>\n<meta name=\"description\" content=\"Volunteer with KidSport, host an event or become a sport partner. There are so many ways you can make it So ALL Kids Can Play!\" \/>\n<meta name=\"robots\" content=\"index, follow, max-snippet:-1, max-image-preview:large, max-video-preview:-1\" \/>\n<link rel=\"canonical\" href=\"https:\/\/kidsportcanada.ca\/saskatchewan\/fr\/get-involved\/\" \/>\n<meta property=\"og:locale\" content=\"fr_CA\" \/>\n<meta property=\"og:type\" content=\"article\" \/>\n<meta property=\"og:title\" content=\"Get Involved - KidSport Saskatchewan\" \/>\n<meta property=\"og:description\" content=\"Volunteer with KidSport, host an event or become a sport partner. There are so many ways you can make it So ALL Kids Can Play!\" \/>\n<meta property=\"og:url\" content=\"https:\/\/kidsportcanada.ca\/saskatchewan\/fr\/get-involved\/\" \/>\n<meta property=\"og:site_name\" content=\"Saskatchewan\" \/>\n<meta property=\"article:modified_time\" content=\"2026-03-26T18:49:58+00:00\" \/>\n<meta property=\"og:image\" content=\"https:\/\/kidsportcanada.ca\/wp-content\/uploads\/sites\/112\/kidsport-hands-together.jpg\" \/>\n\t<meta property=\"og:image:width\" content=\"1600\" \/>\n\t<meta property=\"og:image:height\" content=\"1000\" \/>\n\t<meta property=\"og:image:type\" content=\"image\/jpeg\" \/>\n<meta name=\"twitter:card\" content=\"summary_large_image\" \/>\n<meta name=\"twitter:label1\" content=\"Estimation du temps de lecture\" \/>\n\t<meta name=\"twitter:data1\" content=\"2 minutes\" \/>\n<script type=\"application\/ld+json\" class=\"yoast-schema-graph\">{\"@context\":\"https:\\\/\\\/schema.org\",\"@graph\":[{\"@type\":\"WebPage\",\"@id\":\"https:\\\/\\\/kidsportcanada.ca\\\/saskatchewan\\\/get-involved\\\/\",\"url\":\"https:\\\/\\\/kidsportcanada.ca\\\/saskatchewan\\\/get-involved\\\/\",\"name\":\"Get Involved - KidSport Saskatchewan\",\"isPartOf\":{\"@id\":\"https:\\\/\\\/kidsportcanada.ca\\\/saskatchewan\\\/#website\"},\"primaryImageOfPage\":{\"@id\":\"https:\\\/\\\/kidsportcanada.ca\\\/saskatchewan\\\/get-involved\\\/#primaryimage\"},\"image\":{\"@id\":\"https:\\\/\\\/kidsportcanada.ca\\\/saskatchewan\\\/get-involved\\\/#primaryimage\"},\"thumbnailUrl\":\"\\\/wp-content\\\/uploads\\\/sites\\\/112\\\/kidsport-hands-together.jpg\",\"datePublished\":\"2020-03-19T16:51:49+00:00\",\"dateModified\":\"2026-03-26T18:49:58+00:00\",\"description\":\"Volunteer with KidSport, host an event or become a sport partner. There are so many ways you can make it So ALL Kids Can Play!\",\"breadcrumb\":{\"@id\":\"https:\\\/\\\/kidsportcanada.ca\\\/saskatchewan\\\/get-involved\\\/#breadcrumb\"},\"inLanguage\":\"fr-CA\",\"potentialAction\":[{\"@type\":\"ReadAction\",\"target\":[\"https:\\\/\\\/kidsportcanada.ca\\\/saskatchewan\\\/get-involved\\\/\"]}]},{\"@type\":\"ImageObject\",\"inLanguage\":\"fr-CA\",\"@id\":\"https:\\\/\\\/kidsportcanada.ca\\\/saskatchewan\\\/get-involved\\\/#primaryimage\",\"url\":\"\\\/wp-content\\\/uploads\\\/sites\\\/112\\\/kidsport-hands-together.jpg\",\"contentUrl\":\"\\\/wp-content\\\/uploads\\\/sites\\\/112\\\/kidsport-hands-together.jpg\",\"width\":1600,\"height\":1000,\"caption\":\"A group of young girls in a team huddle before starting their soccer match\"},{\"@type\":\"BreadcrumbList\",\"@id\":\"https:\\\/\\\/kidsportcanada.ca\\\/saskatchewan\\\/get-involved\\\/#breadcrumb\",\"itemListElement\":[{\"@type\":\"ListItem\",\"position\":1,\"name\":\"Home\",\"item\":\"https:\\\/\\\/kidsportcanada.ca\\\/saskatchewan\\\/\"},{\"@type\":\"ListItem\",\"position\":2,\"name\":\"Get Involved\"}]},{\"@type\":\"WebSite\",\"@id\":\"https:\\\/\\\/kidsportcanada.ca\\\/saskatchewan\\\/#website\",\"url\":\"https:\\\/\\\/kidsportcanada.ca\\\/saskatchewan\\\/\",\"name\":\"Saskatchewan\",\"description\":\"So all kids can play\",\"potentialAction\":[{\"@type\":\"SearchAction\",\"target\":{\"@type\":\"EntryPoint\",\"urlTemplate\":\"https:\\\/\\\/kidsportcanada.ca\\\/saskatchewan\\\/?s={search_term_string}\"},\"query-input\":{\"@type\":\"PropertyValueSpecification\",\"valueRequired\":true,\"valueName\":\"search_term_string\"}}],\"inLanguage\":\"fr-CA\"}]}<\/script>\n<!-- \/ Yoast SEO plugin. -->","yoast_head_json":{"title":"Get Involved - KidSport Saskatchewan","description":"Faites du b\u00e9n\u00e9volat avec KidSport, organisez un \u00e9v\u00e9nement ou devenez partenaire sportif. Il y a d\u2019innombrables fa\u00e7ons de faire en sorte que TOUS les enfants puissent jouer!","robots":{"index":"index","follow":"follow","max-snippet":"max-snippet:-1","max-image-preview":"max-image-preview:large","max-video-preview":"max-video-preview:-1"},"canonical":"https:\/\/kidsportcanada.ca\/saskatchewan\/fr\/get-involved\/","og_locale":"fr_CA","og_type":"article","og_title":"Get Involved - KidSport Saskatchewan","og_description":"Volunteer with KidSport, host an event or become a sport partner. There are so many ways you can make it So ALL Kids Can Play!","og_url":"https:\/\/kidsportcanada.ca\/saskatchewan\/fr\/get-involved\/","og_site_name":"Saskatchewan","article_modified_time":"2026-03-26T18:49:58+00:00","og_image":[{"width":1600,"height":1000,"url":"https:\/\/kidsportcanada.ca\/wp-content\/uploads\/sites\/112\/kidsport-hands-together.jpg","type":"image\/jpeg"}],"twitter_card":"summary_large_image","twitter_misc":{"Estimation du temps de lecture":"2 minutes"},"schema":{"@context":"https:\/\/schema.org","@graph":[{"@type":"WebPage","@id":"https:\/\/kidsportcanada.ca\/saskatchewan\/get-involved\/","url":"https:\/\/kidsportcanada.ca\/saskatchewan\/get-involved\/","name":"Get Involved - KidSport Saskatchewan","isPartOf":{"@id":"https:\/\/kidsportcanada.ca\/saskatchewan\/#website"},"primaryImageOfPage":{"@id":"https:\/\/kidsportcanada.ca\/saskatchewan\/get-involved\/#primaryimage"},"image":{"@id":"https:\/\/kidsportcanada.ca\/saskatchewan\/get-involved\/#primaryimage"},"thumbnailUrl":"\/wp-content\/uploads\/sites\/112\/kidsport-hands-together.jpg","datePublished":"2020-03-19T16:51:49+00:00","dateModified":"2026-03-26T18:49:58+00:00","description":"Faites du b\u00e9n\u00e9volat avec KidSport, organisez un \u00e9v\u00e9nement ou devenez partenaire sportif. Il y a d\u2019innombrables fa\u00e7ons de faire en sorte que TOUS les enfants puissent jouer!","breadcrumb":{"@id":"https:\/\/kidsportcanada.ca\/saskatchewan\/get-involved\/#breadcrumb"},"inLanguage":"fr-CA","potentialAction":[{"@type":"ReadAction","target":["https:\/\/kidsportcanada.ca\/saskatchewan\/get-involved\/"]}]},{"@type":"ImageObject","inLanguage":"fr-CA","@id":"https:\/\/kidsportcanada.ca\/saskatchewan\/get-involved\/#primaryimage","url":"\/wp-content\/uploads\/sites\/112\/kidsport-hands-together.jpg","contentUrl":"\/wp-content\/uploads\/sites\/112\/kidsport-hands-together.jpg","width":1600,"height":1000,"caption":"A group of young girls in a team huddle before starting their soccer match"},{"@type":"BreadcrumbList","@id":"https:\/\/kidsportcanada.ca\/saskatchewan\/get-involved\/#breadcrumb","itemListElement":[{"@type":"ListItem","position":1,"name":"Home","item":"https:\/\/kidsportcanada.ca\/saskatchewan\/"},{"@type":"ListItem","position":2,"name":"Get Involved"}]},{"@type":"WebSite","@id":"https:\/\/kidsportcanada.ca\/saskatchewan\/#website","url":"https:\/\/kidsportcanada.ca\/saskatchewan\/","name":"Saskatchewan","description":"Pour que tous les enfants puissent jouer","potentialAction":[{"@type":"SearchAction","target":{"@type":"EntryPoint","urlTemplate":"https:\/\/kidsportcanada.ca\/saskatchewan\/?s={search_term_string}"},"query-input":{"@type":"PropertyValueSpecification","valueRequired":true,"valueName":"search_term_string"}}],"inLanguage":"fr-CA"}]}},"_links":{"self":[{"href":"https:\/\/kidsportcanada.ca\/saskatchewan\/fr\/wp-json\/wp\/v2\/pages\/110","targetHints":{"allow":["GET"]}}],"collection":[{"href":"https:\/\/kidsportcanada.ca\/saskatchewan\/fr\/wp-json\/wp\/v2\/pages"}],"about":[{"href":"https:\/\/kidsportcanada.ca\/saskatchewan\/fr\/wp-json\/wp\/v2\/types\/page"}],"author":[{"embeddable":true,"href":"https:\/\/kidsportcanada.ca\/saskatchewan\/fr\/wp-json\/wp\/v2\/users\/4"}],"replies":[{"embeddable":true,"href":"https:\/\/kidsportcanada.ca\/saskatchewan\/fr\/wp-json\/wp\/v2\/comments?post=110"}],"version-history":[{"count":0,"href":"https:\/\/kidsportcanada.ca\/saskatchewan\/fr\/wp-json\/wp\/v2\/pages\/110\/revisions"}],"wp:featuredmedia":[{"embeddable":true,"href":"https:\/\/kidsportcanada.ca\/saskatchewan\/fr\/wp-json\/wp\/v2\/media\/194"}],"wp:attachment":[{"href":"https:\/\/kidsportcanada.ca\/saskatchewan\/fr\/wp-json\/wp\/v2\/media?parent=110"}],"curies":[{"name":"wp","href":"https:\/\/api.w.org\/{rel}","templated":true}]}}