
{"id":136,"date":"2020-04-01T18:27:16","date_gmt":"2020-04-01T18:27:16","guid":{"rendered":"http:\/\/kidsportcanada.ca\/saskatchewan\/?page_id=136"},"modified":"2026-01-12T19:09:50","modified_gmt":"2026-01-12T19:09:50","slug":"donate","status":"publish","type":"page","link":"https:\/\/kidsportcanada.ca\/saskatchewan\/fr\/donate\/","title":{"rendered":"Faire un don"},"content":{"rendered":"<h1 data-animation-delay=\"0\" data-animation-duration=\"1\">\n\t\t\tDONATE TODAY\t<\/h1>\n<h3 data-animation-delay=\"0.2\" data-animation-duration=\"1\">\n\t\t\tVous souvenez-vous de l\u2019ar\u00e9na o\u00f9 vous vous entra\u00eeniez les samedis matin? Ou de l\u2019\u00e9quipe au sein de laquelle vous avez rencontr\u00e9 votre \u00e9quipage d\u2019\u00e9t\u00e9? Votre soutien peut donner aux enfants du\/de la\/de l\u2019 Saskatchewan l\u2019occasion de s\u2019\u00e9panouir de la m\u00eame fa\u00e7on.\t<\/h3>\n\t\t\t<a href=\"https:\/\/www.givekidsachancecharity.ca\/about\/programs\/kidsport\/29-help\/148-kidsport-donations\" target=\"_blank\" rel=\"noopener\">\n\t\t\t\t\t\t\tDONNER\n\t\t\t<\/a>\n<h2>\n\t\t\tDONATE Online\t<\/h2>\n\t<h3>Faites un don \u00e0 KidSport Saskatchewan en utilisant notre formulaire en ligne s\u00e9curis\u00e9.<\/h3>\n\t\t\t<a href=\"https:\/\/www.givekidsachancecharity.ca\/about\/programs\/kidsport\/29-help\/148-kidsport-donations\" target=\"_blank\" rel=\"noopener\">\n\t\t\t\t\t\t\tDONNER\n\t\t\t<\/a>\n\t\t\t<a href=\"#common-questions\" target=\"_self\">\n\t\t\t\t\t\t\tQUESTIONS COURANTES\n\t\t\t\t\t<\/a>\n<h5>\n\t\t\tPr\u00e9f\u00e9rez-vous donner hors ligne?\t<\/h5>\n\t<p>T\u00e9l\u00e9chargez et envoyez le formulaire de don KidSport en pr\u00e9cisant que votre don est destin\u00e9 \u00e0 KidSport Saskatchewan ou \u00e0 la section KidSport de votre choix.<\/p>\n<p>Si vous pr\u00e9f\u00e9rez appeler le personnel de KidSport Saskatchewan pour faire un don, appelez-nous au\u00a0<a href=\"tel:1-800-319-4263\">1-800-319-GAME (4263)<\/a> et nous nous ferons un plaisir d'affecter votre don \u00e0 la section de votre choix.<\/p>\n\t\t\t<a href=\"\/wp-content\/uploads\/sites\/112\/DonationForm2010-1.pdf\" target=\"_blank\" rel=\"noopener\">\n\t\t\t\t\t\tFORMULAIRE PAPIER\n\t\t\t\t\t<\/a>\n\t\t\t\t<img decoding=\"async\" src=\"\/wp-content\/plugins\/bb-plugin\/img\/pixel.png\" alt=\"\" loading=\"lazy\" \/>\n\t<br \/>\n\t<br \/>\n<h2>\n\t\t\tDevenir un champion KidSport\t<\/h2>\n\t<p>Les champions KidSport font partie d'un programme de dons mensuels qui redirige 100% de dons vers notre communaut\u00e9, afin de s'assurer que TOUS les enfants puissent jouer !<\/p>\n\t\t\t<a href=\"https:\/\/www.givekidsachancecharity.ca\/about\/programs\/kidsport\/29-help\/148-kidsport-donations\" target=\"_blank\" rel=\"noopener\">\n\t\t\t\t\t\t\tDEVENIR UN CHAMPION    \n\t\t\t<\/a>\n\t\t\t<a href=\"\/wp-content\/uploads\/sites\/112\/KS-Champion-Handout-2-2.pdf\" target=\"_blank\" rel=\"noopener\">\n\t\t\t\t\t\t\tEN SAVOIR PLUS\n\t\t\t<\/a>\n\t\t\t\t<img decoding=\"async\" src=\"\/wp-content\/uploads\/sites\/112\/KS-Champion.png\" alt=\"KS Champion\" height=\"990\" width=\"1256\" title=\"Champion KS\" loading=\"lazy\" \/>\n<h2>\n\t\t\tLe pouvoir du\t<\/h2>\n<h2>\n\t\t\tLe sport\t<\/h2>\n\t<p>Avec votre soutien, SportJeunesse Saskatchewan permet aux enfants d\u2019ici de b\u00e9n\u00e9ficier des avantages du sport toute leur vie durant : ils apprennent le leadership, l\u2019assiduit\u00e9, le d\u00e9vouement et la confiance en soi, et ils adoptent les habitudes et le r\u00e9seau de soutien n\u00e9cessaires pour devenir des adultes en sant\u00e9.<\/p>\n<p>Par le sport, les enfants ont aussi acc\u00e8s au mentorat et \u00e0 l\u2019encadrement de leaders chevronn\u00e9s, ce qui leur permet d\u2019am\u00e9liorer encore plus leurs habilet\u00e9s et de devenir nos futurs leaders communautaires.<\/p>\n<p>Le sport est l\u2019un des meilleurs cadeaux qu\u2019un enfant puisse recevoir. Votre don \u00e0 SportJeunesse Saskatchewan nous aide \u00e0 faire en sorte que TOUS les enfants puissent jouer!<\/p>\n<p>KidSport Saskatchewan donne jusqu'\u00e0 $500 par enfant admissible par ann\u00e9e, pour participer \u00e0 une saison de sport de leur choix. Offrirez-vous le cadeau du sport aujourd'hui ?<\/p>\n<h2 data-animation-delay=\"0\" data-animation-duration=\"1\">\n\t\t\tOTHER WAYS TO Support\t<\/h2>\n<h5>\n\t\t\tDonner une voiture\t<\/h5>\n\t\t\t\t<img decoding=\"async\" src=\"\/wp-content\/uploads\/sites\/112\/donate_car.svg\" alt=\"A car illustration\" height=\"52\" width=\"85\" title=\"donate_car\" loading=\"lazy\" \/>\n\t<p>L\u2019organisme Donate a Car Canada s\u2019occupe de la logistique afin qu\u2019il soit facile pour SportJeunesse Canada de b\u00e9n\u00e9ficier de votre ancienne voiture.<\/p>\n\t\t\t<a href=\"https:\/\/donatecar.ca\/org\/donate.php?charitypage=KidsportCanada\" target=\"_blank\" rel=\"noopener\">\n\t\t\t\t\t\t\tEN SAVOIR PLUS\n\t\t\t\t\t<\/a>\n<h5>\n\t\t\tTransfert de valeurs mobili\u00e8res\t<\/h5>\n\t\t\t\t<img decoding=\"async\" src=\"\/wp-content\/uploads\/sites\/112\/transfer_securities.svg\" alt=\"An illustration of two monetary bills\" height=\"58\" width=\"85\" title=\"transfer_securities\" loading=\"lazy\" \/>\n\t<p>En faisant un don d\u2019actions \u00e0 valeur accrue, de fonds communs de placement ou d\u2019options d\u2019achat d\u2019actions, vous ne payez aucun imp\u00f4t sur les gains en capital et vous recevez un re\u00e7u officiel au montant de la juste valeur marchande des valeurs mobili\u00e8res.<\/p>\n\t\t\t<a href=\"\/wp-content\/uploads\/sites\/112\/GKACCI-Gift-of-Securities-Form-1.pdf\" target=\"_blank\" rel=\"noopener\">\n\t\t\t\t\t\tDEMANDE DE TRANSFERT\n\t\t\t\t\t<\/a>\n<h5>\n\t\t\tDon planifi\u00e9\t<\/h5>\n\t\t\t\t<img decoding=\"async\" src=\"\/wp-content\/uploads\/sites\/112\/planned_giving.svg\" alt=\"An illustration of a present with a bow on the top\" height=\"57\" width=\"85\" title=\"dons planifi\u00e9s\" loading=\"lazy\" \/>\n\t<p>Legacy donations aren&#8217;t just for the ultra-wealthy; anyone can make a plan to reduce their family&#8217;s tax burden by donating to KidSport in their will.<\/p>\n\t\t\t<a href=\"https:\/\/kidsportcanada.ca\/saskatchewan\/fr\/contact-us\/\" target=\"_blank\" rel=\"noopener\">\n\t\t\t\t\t\t\tCONTACTEZ-NOUS\n\t\t\t\t\t<\/a>\n<h5>\n\t\t\tDevenir un partenaire\t<\/h5>\n\t\t\t\t<img decoding=\"async\" src=\"\/wp-content\/uploads\/sites\/112\/become_partner.svg\" alt=\"A participation ribbon with a heart on it\" height=\"58\" width=\"85\" title=\"devenir_partenaire\" loading=\"lazy\" \/>\n\t<p>Des entreprises de partout au Canada commanditent SportJeunesse \u00e0 l\u2019\u00e9chelle nationale, provinciale et locale pour assurer que nous permettons \u00e0 autant d\u2019enfants que possible d\u2019acc\u00e9der au sport. <\/p>\n\t\t\t<a href=\"https:\/\/kidsportcanada.ca\/saskatchewan\/fr\/contact-us\/\" target=\"_blank\" rel=\"noopener\">\n\t\t\t\t\t\t\tEN SAVOIR PLUS\n\t\t\t\t\t<\/a>\n<h2 data-animation-delay=\"0\" data-animation-duration=\"1\">\n\t\t\tCOMMON Questions\t<\/h2>\n\t\t\t\t\t<a href=\"#\" id=\"fl-accordion--label-0\" aria-controls=\"fl-accordion--panel-0\">Mon don est-il s\u00e9curis\u00e9?<\/a>\n\t\t\t\t\t\t\t\t\t\t\t<a href=\"#\" id=\"fl-accordion--icon-0\"><i title=\"Expand\">Expand<\/i><\/a>\n\t\t\t\t\t<p>Oui. Les dons \u00e0 KidSport sont trait\u00e9s et s\u00e9curis\u00e9s par le biais d'une plateforme de collecte de fonds en ligne. Les informations relatives \u00e0 votre carte de cr\u00e9dit sont s\u00e9curis\u00e9es et nous ne vendrons ni ne partagerons jamais vos informations personnelles.<\/p>\n\t\t\t\t\t<a href=\"#\" id=\"fl-accordion--label-1\" aria-controls=\"fl-accordion--panel-1\">Mon don est-il d\u00e9ductible du revenu imposable?<\/a>\n\t\t\t\t\t\t\t\t\t\t\t<a href=\"#\" id=\"fl-accordion--icon-1\"><i title=\"Expand\">Expand<\/i><\/a>\n\t\t\t\t\t<p>Oui, les dons admissibles de plus de $20 recevront un re\u00e7u fiscal de KidSport. Faites un don en ligne pour recevoir automatiquement un re\u00e7u et sauver un arbre ! Les dons hors ligne seront envoy\u00e9s par la poste avant la fin du mois de f\u00e9vrier.<\/p>\n\t\t\t\t\t<a href=\"#\" id=\"fl-accordion--label-2\" aria-controls=\"fl-accordion--panel-2\">Puis-je faire un don mensuel r\u00e9current?<\/a>\n\t\t\t\t\t\t\t\t\t\t\t<a href=\"#\" id=\"fl-accordion--icon-2\"><i title=\"Expand\">Expand<\/i><\/a>\n\t\t\t\t\t<p>You sure can! Monthly donors sustain our organization by providing reliable funding &#8211; and a big impact! Just $25 a month adds up to help a kid in one year.<\/p>\n<p>Simply select &#8220;Monthly Gift&#8221; at the top of our online donation form, or check the &#8220;Monthly Gift&#8221; box on the paper donation form. Your monthly donation will show up on your credit card statement, on the same date and for the same amount as your first gift.<\/p>\n\t\t\t\t\t<a href=\"#\" id=\"fl-accordion--label-3\" aria-controls=\"fl-accordion--panel-3\">\u00c0 quoi sert mon don?<\/a>\n\t\t\t\t\t\t\t\t\t\t\t<a href=\"#\" id=\"fl-accordion--icon-3\"><i title=\"Expand\">Expand<\/i><\/a>\n\t\t\t\t\t<p>Chaque don \u00e0 KidSport est utilis\u00e9 pour aider les enfants \u00e0 quitter la ligne de touche et \u00e0 entamer une saison sportive.<\/p>\n<p>Si vous choisissez de diriger votre don vers une section communautaire, nous vous en remercions! La totalit\u00e9 de votre don restera dans la communaut\u00e9 que vous avez choisie, pour aider les enfants qui y habitent.<\/p>\n\t\t\t\t\t<a href=\"#\" id=\"fl-accordion--label-4\" aria-controls=\"fl-accordion--panel-4\">\u00c0 qui dois-je adresser mes questions?<\/a>\n\t\t\t\t\t\t\t\t\t\t\t<a href=\"#\" id=\"fl-accordion--icon-4\"><i title=\"Expand\">Expand<\/i><\/a>\n\t\t\t\t\t<p>You can always reach out to KidSport Saskatchewan for support. We&#8217;re happy to help.<\/p>\n<p>Veuillez prendre contact avec nous par l'interm\u00e9diaire de <a href=\"mailto:kidsport@sasksport.ca\">kidsport@sasksport.ca<\/a> ou appeler <a href=\"tel:1-800-319-GAME (4263)\">1-800-319-GAME (4263).<\/a><\/p>\n\t\t\t\t\t<a href=\"#\" id=\"fl-accordion--label-5\" aria-controls=\"fl-accordion--panel-5\">Mon don restera-t-il dans une communaut\u00e9 en particulier?<\/a>\n\t\t\t\t\t\t\t\t\t\t\t<a href=\"#\" id=\"fl-accordion--icon-5\"><i title=\"Expand\">Expand<\/i><\/a>\n\t\t\t\t\t<p>Yes! Donations made to a community chapter will always stay in that community to help kids who live there. If your favourite community doesn&#8217;t have a chapter, or you&#8217;re looking to spread your impact a little more broadly, please consider donating to the KidSport Saskatchewan Provincial Fund, which provides support to kids living in communities without a local chapter.<\/p>\n\t\t\t\t\t<a href=\"#\" id=\"fl-accordion--label-6\" aria-controls=\"fl-accordion--panel-6\">Quelles sont les possibilit\u00e9s de dons planifi\u00e9s?<\/a>\n\t\t\t\t\t\t\t\t\t\t\t<a href=\"#\" id=\"fl-accordion--icon-6\"><i title=\"Expand\">Expand<\/i><\/a>\n\t\t\t\t\t<p>Thank you for considering KidSport as part of your legacy. There are a number of options for planned giving, and we&#8217;d love to chat with you to get it just right. Please reach out by <a href=\"mailto:kidsport@sasksport.ca\">kidsport@sasksport.ca<\/a> ou <a href=\"tel:https:\/\/www.givekidsachancecharity.ca\/about\/programs\/kidsport\/29-help\/148-kidsport-donations\">306-975-0875<\/a>.<\/p>\n\t\t\t\t\t<a href=\"#\" id=\"fl-accordion--label-7\" aria-controls=\"fl-accordion--panel-7\">I&#8217;d like to fundraise for KidSport &#8211; how can I get started?<\/a>\n\t\t\t\t\t\t\t\t\t\t\t<a href=\"#\" id=\"fl-accordion--icon-7\"><i title=\"Expand\">Expand<\/i><\/a>\n\t\t\t\t\t<p>We&#8217;re ready to team up with you on whatever fundraising ideas you have! Please reach out to your local chapter to fundraise locally, or reach out via <a href=\"mailto:kidsport@sasksport.ca\">kidsport@sasksport.ca<\/a>.<\/p>\n<h2>\n\t\t\tLe coin de ambassadeur<br \/>Brett Levis\t<\/h2>\n<h3>\n\t\t\tD\u00e9couvrez pourquoi Brett Levis, joueur de Major League Soccer, soutient KidSport.\t<\/h3>\n\t\t\t<a href=\"\/saskatchewan\/fr\/void(0)\/\" title=\"Click Here\" target=\"_self\" aria-label=\"REGARDER LE FILM\">\n\t\t\t\t\t\t\t\t\t\t\tREGARDER LE FILM\n\t\t<\/a>\n\t\t\t<a href=\"\/saskatchewan\/fr\/void(0)\/\" title=\"Click Here\" target=\"_self\" aria-label=\"REGARDER LE FILM\">\n\t\t\t\t\t\t\t\t\t\t\tREGARDER LE FILM\n\t\t<\/a>","protected":false},"excerpt":{"rendered":"<p>DONATE TODAY Remember the rink where you used to practice on Saturday mornings? Or the team where you met your summer crew? Your support can provide kids in Saskatchewan with the opportunity to flourish in the same ways. DONATE NOW DONATE Online Donate to KidSport Saskatchewan using our secure online form. DONATE NOW COMMON QUESTIONS&hellip;<\/p>","protected":false},"author":4,"featured_media":192,"parent":0,"menu_order":0,"comment_status":"closed","ping_status":"closed","template":"","meta":{"_acf_changed":false,"footnotes":""},"class_list":["post-136","page","type-page","status-publish","has-post-thumbnail","hentry"],"acf":[],"yoast_head":"<!-- This site is optimized with the Yoast SEO plugin v27.5 - https:\/\/yoast.com\/product\/yoast-seo-wordpress\/ -->\n<title>Donate - KidSport Saskatchewan<\/title>\n<meta name=\"description\" content=\"Your financial support provides kids with the opportunity to grow through sport. Donate to kidSport securely online or by mail.\" \/>\n<meta name=\"robots\" content=\"index, follow, max-snippet:-1, max-image-preview:large, max-video-preview:-1\" \/>\n<link rel=\"canonical\" href=\"https:\/\/kidsportcanada.ca\/saskatchewan\/fr\/donate\/\" \/>\n<meta property=\"og:locale\" content=\"fr_CA\" \/>\n<meta property=\"og:type\" content=\"article\" \/>\n<meta property=\"og:title\" content=\"Donate - KidSport Saskatchewan\" \/>\n<meta property=\"og:description\" content=\"Your financial support provides kids with the opportunity to grow through sport. Donate to kidSport securely online or by mail.\" \/>\n<meta property=\"og:url\" content=\"https:\/\/kidsportcanada.ca\/saskatchewan\/fr\/donate\/\" \/>\n<meta property=\"og:site_name\" content=\"Saskatchewan\" \/>\n<meta property=\"article:modified_time\" content=\"2026-01-12T19:09:50+00:00\" \/>\n<meta property=\"og:image\" content=\"https:\/\/kidsportcanada.ca\/wp-content\/uploads\/sites\/112\/donate-today-headline.jpg\" \/>\n\t<meta property=\"og:image:width\" content=\"1600\" \/>\n\t<meta property=\"og:image:height\" content=\"1000\" \/>\n\t<meta property=\"og:image:type\" content=\"image\/jpeg\" \/>\n<meta name=\"twitter:card\" content=\"summary_large_image\" \/>\n<meta name=\"twitter:label1\" content=\"Estimation du temps de lecture\" \/>\n\t<meta name=\"twitter:data1\" content=\"4 minutes\" \/>\n<script type=\"application\/ld+json\" class=\"yoast-schema-graph\">{\"@context\":\"https:\\\/\\\/schema.org\",\"@graph\":[{\"@type\":\"WebPage\",\"@id\":\"https:\\\/\\\/kidsportcanada.ca\\\/saskatchewan\\\/donate\\\/\",\"url\":\"https:\\\/\\\/kidsportcanada.ca\\\/saskatchewan\\\/donate\\\/\",\"name\":\"Donate - KidSport Saskatchewan\",\"isPartOf\":{\"@id\":\"https:\\\/\\\/kidsportcanada.ca\\\/saskatchewan\\\/#website\"},\"primaryImageOfPage\":{\"@id\":\"https:\\\/\\\/kidsportcanada.ca\\\/saskatchewan\\\/donate\\\/#primaryimage\"},\"image\":{\"@id\":\"https:\\\/\\\/kidsportcanada.ca\\\/saskatchewan\\\/donate\\\/#primaryimage\"},\"thumbnailUrl\":\"\\\/wp-content\\\/uploads\\\/sites\\\/112\\\/donate-today-headline.jpg\",\"datePublished\":\"2020-04-01T18:27:16+00:00\",\"dateModified\":\"2026-01-12T19:09:50+00:00\",\"description\":\"Your financial support provides kids with the opportunity to grow through sport. Donate to kidSport securely online or by mail.\",\"breadcrumb\":{\"@id\":\"https:\\\/\\\/kidsportcanada.ca\\\/saskatchewan\\\/donate\\\/#breadcrumb\"},\"inLanguage\":\"fr-CA\",\"potentialAction\":[{\"@type\":\"ReadAction\",\"target\":[\"https:\\\/\\\/kidsportcanada.ca\\\/saskatchewan\\\/donate\\\/\"]}]},{\"@type\":\"ImageObject\",\"inLanguage\":\"fr-CA\",\"@id\":\"https:\\\/\\\/kidsportcanada.ca\\\/saskatchewan\\\/donate\\\/#primaryimage\",\"url\":\"\\\/wp-content\\\/uploads\\\/sites\\\/112\\\/donate-today-headline.jpg\",\"contentUrl\":\"\\\/wp-content\\\/uploads\\\/sites\\\/112\\\/donate-today-headline.jpg\",\"width\":1600,\"height\":1000,\"caption\":\"An outdoor hockey rink with a red goalie net\"},{\"@type\":\"BreadcrumbList\",\"@id\":\"https:\\\/\\\/kidsportcanada.ca\\\/saskatchewan\\\/donate\\\/#breadcrumb\",\"itemListElement\":[{\"@type\":\"ListItem\",\"position\":1,\"name\":\"Home\",\"item\":\"https:\\\/\\\/kidsportcanada.ca\\\/saskatchewan\\\/\"},{\"@type\":\"ListItem\",\"position\":2,\"name\":\"Donate\"}]},{\"@type\":\"WebSite\",\"@id\":\"https:\\\/\\\/kidsportcanada.ca\\\/saskatchewan\\\/#website\",\"url\":\"https:\\\/\\\/kidsportcanada.ca\\\/saskatchewan\\\/\",\"name\":\"Saskatchewan\",\"description\":\"So all kids can play\",\"potentialAction\":[{\"@type\":\"SearchAction\",\"target\":{\"@type\":\"EntryPoint\",\"urlTemplate\":\"https:\\\/\\\/kidsportcanada.ca\\\/saskatchewan\\\/?s={search_term_string}\"},\"query-input\":{\"@type\":\"PropertyValueSpecification\",\"valueRequired\":true,\"valueName\":\"search_term_string\"}}],\"inLanguage\":\"fr-CA\"}]}<\/script>\n<!-- \/ Yoast SEO plugin. -->","yoast_head_json":{"title":"Donate - KidSport Saskatchewan","description":"Gr\u00e2ce \u00e0 votre soutien, les enfants ont l\u2019occasion de se d\u00e9velopper par le sport.","robots":{"index":"index","follow":"follow","max-snippet":"max-snippet:-1","max-image-preview":"max-image-preview:large","max-video-preview":"max-video-preview:-1"},"canonical":"https:\/\/kidsportcanada.ca\/saskatchewan\/fr\/donate\/","og_locale":"fr_CA","og_type":"article","og_title":"Donate - KidSport Saskatchewan","og_description":"Your financial support provides kids with the opportunity to grow through sport. Donate to kidSport securely online or by mail.","og_url":"https:\/\/kidsportcanada.ca\/saskatchewan\/fr\/donate\/","og_site_name":"Saskatchewan","article_modified_time":"2026-01-12T19:09:50+00:00","og_image":[{"width":1600,"height":1000,"url":"https:\/\/kidsportcanada.ca\/wp-content\/uploads\/sites\/112\/donate-today-headline.jpg","type":"image\/jpeg"}],"twitter_card":"summary_large_image","twitter_misc":{"Estimation du temps de lecture":"4 minutes"},"schema":{"@context":"https:\/\/schema.org","@graph":[{"@type":"WebPage","@id":"https:\/\/kidsportcanada.ca\/saskatchewan\/donate\/","url":"https:\/\/kidsportcanada.ca\/saskatchewan\/donate\/","name":"Donate - KidSport Saskatchewan","isPartOf":{"@id":"https:\/\/kidsportcanada.ca\/saskatchewan\/#website"},"primaryImageOfPage":{"@id":"https:\/\/kidsportcanada.ca\/saskatchewan\/donate\/#primaryimage"},"image":{"@id":"https:\/\/kidsportcanada.ca\/saskatchewan\/donate\/#primaryimage"},"thumbnailUrl":"\/wp-content\/uploads\/sites\/112\/donate-today-headline.jpg","datePublished":"2020-04-01T18:27:16+00:00","dateModified":"2026-01-12T19:09:50+00:00","description":"Gr\u00e2ce \u00e0 votre soutien, les enfants ont l\u2019occasion de se d\u00e9velopper par le sport.","breadcrumb":{"@id":"https:\/\/kidsportcanada.ca\/saskatchewan\/donate\/#breadcrumb"},"inLanguage":"fr-CA","potentialAction":[{"@type":"ReadAction","target":["https:\/\/kidsportcanada.ca\/saskatchewan\/donate\/"]}]},{"@type":"ImageObject","inLanguage":"fr-CA","@id":"https:\/\/kidsportcanada.ca\/saskatchewan\/donate\/#primaryimage","url":"\/wp-content\/uploads\/sites\/112\/donate-today-headline.jpg","contentUrl":"\/wp-content\/uploads\/sites\/112\/donate-today-headline.jpg","width":1600,"height":1000,"caption":"An outdoor hockey rink with a red goalie net"},{"@type":"BreadcrumbList","@id":"https:\/\/kidsportcanada.ca\/saskatchewan\/donate\/#breadcrumb","itemListElement":[{"@type":"ListItem","position":1,"name":"Home","item":"https:\/\/kidsportcanada.ca\/saskatchewan\/"},{"@type":"ListItem","position":2,"name":"Donate"}]},{"@type":"WebSite","@id":"https:\/\/kidsportcanada.ca\/saskatchewan\/#website","url":"https:\/\/kidsportcanada.ca\/saskatchewan\/","name":"Saskatchewan","description":"Pour que tous les enfants puissent jouer","potentialAction":[{"@type":"SearchAction","target":{"@type":"EntryPoint","urlTemplate":"https:\/\/kidsportcanada.ca\/saskatchewan\/?s={search_term_string}"},"query-input":{"@type":"PropertyValueSpecification","valueRequired":true,"valueName":"search_term_string"}}],"inLanguage":"fr-CA"}]}},"_links":{"self":[{"href":"https:\/\/kidsportcanada.ca\/saskatchewan\/fr\/wp-json\/wp\/v2\/pages\/136","targetHints":{"allow":["GET"]}}],"collection":[{"href":"https:\/\/kidsportcanada.ca\/saskatchewan\/fr\/wp-json\/wp\/v2\/pages"}],"about":[{"href":"https:\/\/kidsportcanada.ca\/saskatchewan\/fr\/wp-json\/wp\/v2\/types\/page"}],"author":[{"embeddable":true,"href":"https:\/\/kidsportcanada.ca\/saskatchewan\/fr\/wp-json\/wp\/v2\/users\/4"}],"replies":[{"embeddable":true,"href":"https:\/\/kidsportcanada.ca\/saskatchewan\/fr\/wp-json\/wp\/v2\/comments?post=136"}],"version-history":[{"count":0,"href":"https:\/\/kidsportcanada.ca\/saskatchewan\/fr\/wp-json\/wp\/v2\/pages\/136\/revisions"}],"wp:featuredmedia":[{"embeddable":true,"href":"https:\/\/kidsportcanada.ca\/saskatchewan\/fr\/wp-json\/wp\/v2\/media\/192"}],"wp:attachment":[{"href":"https:\/\/kidsportcanada.ca\/saskatchewan\/fr\/wp-json\/wp\/v2\/media?parent=136"}],"curies":[{"name":"wp","href":"https:\/\/api.w.org\/{rel}","templated":true}]}}