
{"id":37,"date":"2020-03-13T16:16:56","date_gmt":"2020-03-13T16:16:56","guid":{"rendered":"http:\/\/kidsportcanada.ca\/humboldt\/?page_id=37"},"modified":"2026-03-16T18:55:10","modified_gmt":"2026-03-16T18:55:10","slug":"home","status":"publish","type":"page","link":"https:\/\/kidsportcanada.ca\/saskatchewan\/humboldt\/fr\/","title":{"rendered":"Home"},"content":{"rendered":"<h4 data-animation-delay=\"0\" data-animation-duration=\"1\">\n\t\t\tBienvenue \u00e0\t<\/h4>\n<h1>\n\t\t\tSportJeunesse Humboldt\t<\/h1>\n\t\t\t<a href=\"https:\/\/kidsportcanada.ca\/saskatchewan\/humboldt\/fr\/apply-for-a-grant\/\" target=\"_self\">\n\t\t\t\t\t\t\tDEMANDER UNE SUBVENTION\n\t\t\t\t\t<\/a>\n<h2>\n\t\t\t\u00c0 PROPOS DE\t<\/h2>\n<h4>\n\t\t\tSportJeunesse Humboldt\t<\/h4>\n\t<p>KidSport provides grants to help cover the cost of sport registration fees, so that all kids aged 18 and under can play.<\/p>\n<p>Humboldt and area are supported by the <strong>KidSport Saskatchewan Provincial Fund<\/strong>, which supports all communities in SK without a local chapter,\u00a0<strong>which can provide grants of up to $750 per child per calendar year<\/strong>.\u00a0If you live outside of Humbolt, contact the <a href=\"https:\/\/kidsportcanada.ca\/saskatchewan\/humboldt\/fr\/saskatchewan\/\" target=\"_blank\" rel=\"noopener\">bureau provincial<\/a>\u00a0pour trouver la section la plus pr\u00e8s de chez vous ou obtenir de l\u2019aide par l\u2019interm\u00e9diaire du fonds provincial.<\/p>\n\t\t\t<a href=\"https:\/\/kidsportcanada.ca\/saskatchewan\/humboldt\/fr\/apply-for-a-grant\/\" target=\"_self\">\n\t\t\t\t\t\t\tDEMANDER UNE SUBVENTION\n\t\t\t\t\t<\/a>\n<h5>\n\t\t\tCommuniquer\t<\/h5>\n\t    <span class=\"socialmedia-links fl-icon-group\">\n        <!------------------ Facebook ------------------>\n        <span class=\"fl-icon facebook\">\n                            <a href=\"https:\/\/www.facebook.com\/humboldtkidsport\/\" target=\"_blank\" aria-label=\"link to https:\/\/www.facebook.com\/kidsportcanada\/\" rel=\"noopener\"[soci>\n                    <i class=\"fab fa-facebook-square\" aria-hidden=\"true\"><\/i>\n                <\/a>\n                    <\/span>\n\t\t<!------------------ Facebook 2 ------------------>\n        <span class=\"fl-icon facebook\">\n                    <\/span>\n        <!------------------ Twitter ------------------>\n        <span class=\"fl-icon twitter\">\n                            <a href=\"https:\/\/twitter.com\/KidSportSK\" target=\"_blank\" aria-label=\"link to https:\/\/twitter.com\/kidsport\/\" rel=\"noopener\">\n                    <i class=\"fab fa-twitter\" aria-hidden=\"true\"><\/i>\n                <\/a>\n                    <\/span>\n        <!------------------ Instagram ------------------>\n        <span class=\"fl-icon instagram\">\n                            <a href=\"https:\/\/www.instagram.com\/kidsportsk\" target=\"_blank\" aria-label=\"link to https:\/\/www.instagram.com\/kidsport.canada\/\" rel=\"noopener\">\n                    <i class=\"fab fa-instagram\" aria-hidden=\"true\"><\/i>\n                <\/a>\n                    <\/span>\n        <!------------------ YouTube ------------------>\n        <span class=\"fl-icon youtube\">\n                            <a href=\"https:\/\/www.youtube.com\/channel\/UC0d32U9jvDv62AnmyBhf2pg\" target=\"_blank\" aria-label=\"link to https:\/\/www.youtube.com\/user\/KidSportCanada\" rel=\"noopener\">\n                    <i class=\"fab fa-youtube\" aria-hidden=\"true\"><\/i>\n                <\/a>\n                    <\/span>\n    <\/span>\n    \n<h5>\n\t\t\tLIENS UTILES\t<\/h5>\n<h6>\n\t\t<a href=\"#\" title=\"Ajouter un lien ici\" target=\"_self\">\n\t\t\tAjouter un lien ici\t\t<\/a>\n\t<\/h6>\n<h6>\n\t\t<a href=\"#\" title=\"Ajouter un lien ici\" target=\"_self\">\n\t\t\tAjouter un lien ici\t\t<\/a>\n\t<\/h6>\n<h6>\n\t\t<a href=\"#\" title=\"Ajouter un lien ici\" target=\"_self\">\n\t\t\tAjouter un lien ici\t\t<\/a>\n\t<\/h6>\n<h6>\n\t\t<a href=\"#\" title=\"Ajouter un lien ici\" target=\"_self\">\n\t\t\tAjouter un lien ici\t\t<\/a>\n\t<\/h6>\n<h2>\n\t\t\tDERNI\u00c8RES\t<\/h2>\n<h4>\n\t\t\tNews &amp; Stories\t<\/h4>\n    <h5>News &amp; Stories<\/h5>\n    <h5>\u00c9V\u00c9NEMENTS<\/h5>\n<h2>\n\t\t\tINCIDENCE 100 % LOCALE\t<\/h2>\n<h4>\n\t\t\tAll funds raised by KidSport Humboldt stay in our community to get local kids off the sidelines and into a season of sport. Let&#8217;s work together to build strong kids and strong communities!\t<\/h4>\n    <a href=\"https:\/\/kidsportcanada.ca\/saskatchewan\/humboldt\/fr\/donate\/\">\n            <br \/>DONNER<br \/>MAINTENANT\n    <\/a>\n\t\t<!-- Comment to fix spacing issue\n\t-->\n\t\t<h1>$0<\/h1>\n\t<!-- Comment to fix spacing issue\n\t-->\t\n<h3>\n\t\t\tSomme accord\u00e9e aux enfants de Humboldt l\u2019an dernier.\t<\/h3>\n\t\t<!-- Comment to fix spacing issue\n\t-->\n\t\t<h1>0<\/h1>\n\t<!-- Comment to fix spacing issue\n\t-->\t\n<h3>\n\t\t\tEnfants qui ont pu quitter la ligne lat\u00e9rale \u00e0 Humboldt l\u2019an dernier\t<\/h3>\n<h3>\n\t\t\tEn appuyant SportJeunesse, nous gagnons tous. Quand les enfants ont acc\u00e8s au sport, ils s\u2019am\u00e9liorent \u00e0 l\u2019\u00e9cole, deviennent de solides leaders, cr\u00e9ent des communaut\u00e9s s\u00fbres, catalysent l\u2019inclusivit\u00e9 et adoptent des habitudes saines pour la vie.\t<\/h3>\n<h5>\n\t\t\tRAPPORTS D\u2019IMPACT\t<\/h5>\n\t<p>See our latest KidSport Saskatchewan Impact Report and KidSport Humboldt Year in Review.<\/p>\n\t\t\t<a href=\"\/wp-content\/uploads\/sites\/112\/KidSport-Impact-Report-2024-Web.pdf\" target=\"_blank\" rel=\"noopener\">\n\t\t\t\t\t\tIMPACT REPORT\n\t\t\t\t\t<\/a>\n\t\t\t<a href=\"\/wp-content\/uploads\/sites\/246\/Humboldt25.png\" target=\"_blank\" rel=\"noopener\">\n\t\t\t\t\t\tYEAR IN REVIEW\n\t\t\t\t\t<\/a>\n<h2>\n\t\t\tOUR Team\t<\/h2>\n<h3>\n\t\t\tKidSport Humboldt is made possible thanks to passionate volunteers and our incredible partners. Together we&#8217;re making it so no kid in Humboldt is left watching from the sidelines.\t<\/h3>\n<h5>\n\t\t\tMichael Ulriksen\t<\/h5>\n<h5>\n\t\t\tCommittee Chair\t<\/h5>\n\n<h5>\n\t\t<a href=\"mailto:%20kidsport@sasksport.ca\" title=\"leisuredirector@humboldt.ca\" target=\"_blank\" rel=\"noopener\">\n\t\t\tleisuredirector@humboldt.ca\t\t<\/a>\n\t<\/h5>\n<h1>\n\t\t\tAMBASSADEURS\t<\/h1>\n<figure data-animation-delay=\"0\" data-animation-duration=\"5\">\n\t\t\t\t<img decoding=\"async\" src=\"\/wp-content\/uploads\/sites\/246\/SaskSport-1.png\" alt=\"SaskSport\" height=\"100\" width=\"300\" title=\"SaskSport\" loading=\"lazy\" \/>\n\t<\/figure>\n<figure data-animation-delay=\"0\" data-animation-duration=\"5\">\n\t\t\t\t<img decoding=\"async\" src=\"\/wp-content\/uploads\/sites\/246\/SaskLotteries.png\" alt=\"SaskLotteries\" height=\"100\" width=\"300\" title=\"SaskLotteries\" loading=\"lazy\" \/>\n\t<\/figure>\n<figure data-animation-delay=\"0\" data-animation-duration=\"5\">\n\t\t\t\t<img decoding=\"async\" src=\"\/wp-content\/uploads\/sites\/246\/GKACCI.png\" alt=\"GKACCI\" height=\"100\" width=\"300\" title=\"GKACCI\" loading=\"lazy\" \/>\n\t<\/figure>\n\t<p><b>Sask Sport Inc.,<\/b> the non-profit federation of amateur sport organizations in the province, is the founding sponsor of KidSport Saskatchewan. Sask Sport, through its charitable entity Give Kids A Chance Charity Inc., operates and administers KidSport Saskatchewan with funding support from Sask Lotteries and various other forms of donations, sponsorships and fundraising.<\/p>","protected":false},"excerpt":{"rendered":"<p>Welcome to KidSport Humboldt APPLY FOR A GRANT ABOUT KidSport Humboldt KidSport provides grants to help cover the cost of sport registration fees, so that all kids aged 18 and under can play. Humboldt and area are supported by the KidSport Saskatchewan Provincial Fund, which supports all communities in SK without a local chapter,\u00a0which can&hellip;<\/p>","protected":false},"author":16,"featured_media":195,"parent":0,"menu_order":0,"comment_status":"closed","ping_status":"closed","template":"","meta":{"_acf_changed":false,"footnotes":""},"class_list":["post-37","page","type-page","status-publish","has-post-thumbnail","hentry"],"acf":[],"yoast_head":"<!-- This site is optimized with the Yoast SEO plugin v27.3 - https:\/\/yoast.com\/product\/yoast-seo-wordpress\/ -->\n<title>Home - KidSport Humboldt<\/title>\n<meta name=\"description\" content=\"KidSport provides grants to help cover the costs of registration fees so that ALL kids aged 18 and under can play a season of sport.\" \/>\n<meta name=\"robots\" content=\"index, follow, max-snippet:-1, max-image-preview:large, max-video-preview:-1\" \/>\n<link rel=\"canonical\" href=\"https:\/\/kidsportcanada.ca\/saskatchewan\/humboldt\/fr\/\" \/>\n<meta property=\"og:locale\" content=\"fr_CA\" \/>\n<meta property=\"og:type\" content=\"article\" \/>\n<meta property=\"og:title\" content=\"Home - KidSport Humboldt\" \/>\n<meta property=\"og:description\" content=\"KidSport provides grants to help cover the costs of registration fees so that ALL kids aged 18 and under can play a season of sport.\" \/>\n<meta property=\"og:url\" content=\"https:\/\/kidsportcanada.ca\/saskatchewan\/humboldt\/fr\/\" \/>\n<meta property=\"og:site_name\" content=\"Humboldt\" \/>\n<meta property=\"article:modified_time\" content=\"2026-03-16T18:55:10+00:00\" \/>\n<meta property=\"og:image\" content=\"https:\/\/kidsportcanada.ca\/wp-content\/uploads\/sites\/246\/kidsport-chapter-home-1.jpg\" \/>\n\t<meta property=\"og:image:width\" content=\"1600\" \/>\n\t<meta property=\"og:image:height\" content=\"1000\" \/>\n\t<meta property=\"og:image:type\" content=\"image\/jpeg\" \/>\n<meta name=\"twitter:card\" content=\"summary_large_image\" \/>\n<meta name=\"twitter:label1\" content=\"Estimation du temps de lecture\" \/>\n\t<meta name=\"twitter:data1\" content=\"2 minutes\" \/>\n<script type=\"application\/ld+json\" class=\"yoast-schema-graph\">{\"@context\":\"https:\\\/\\\/schema.org\",\"@graph\":[{\"@type\":\"WebPage\",\"@id\":\"https:\\\/\\\/kidsportcanada.ca\\\/saskatchewan\\\/humboldt\\\/\",\"url\":\"https:\\\/\\\/kidsportcanada.ca\\\/saskatchewan\\\/humboldt\\\/\",\"name\":\"Home - KidSport Humboldt\",\"isPartOf\":{\"@id\":\"https:\\\/\\\/kidsportcanada.ca\\\/saskatchewan\\\/humboldt\\\/fr\\\/#website\"},\"primaryImageOfPage\":{\"@id\":\"https:\\\/\\\/kidsportcanada.ca\\\/saskatchewan\\\/humboldt\\\/#primaryimage\"},\"image\":{\"@id\":\"https:\\\/\\\/kidsportcanada.ca\\\/saskatchewan\\\/humboldt\\\/#primaryimage\"},\"thumbnailUrl\":\"\\\/wp-content\\\/uploads\\\/sites\\\/246\\\/kidsport-chapter-home-1.jpg\",\"datePublished\":\"2020-03-13T16:16:56+00:00\",\"dateModified\":\"2026-03-16T18:55:10+00:00\",\"description\":\"KidSport provides grants to help cover the costs of registration fees so that ALL kids aged 18 and under can play a season of sport.\",\"breadcrumb\":{\"@id\":\"https:\\\/\\\/kidsportcanada.ca\\\/saskatchewan\\\/humboldt\\\/#breadcrumb\"},\"inLanguage\":\"fr-CA\",\"potentialAction\":[{\"@type\":\"ReadAction\",\"target\":[\"https:\\\/\\\/kidsportcanada.ca\\\/saskatchewan\\\/humboldt\\\/\"]}]},{\"@type\":\"ImageObject\",\"inLanguage\":\"fr-CA\",\"@id\":\"https:\\\/\\\/kidsportcanada.ca\\\/saskatchewan\\\/humboldt\\\/#primaryimage\",\"url\":\"\\\/wp-content\\\/uploads\\\/sites\\\/246\\\/kidsport-chapter-home-1.jpg\",\"contentUrl\":\"\\\/wp-content\\\/uploads\\\/sites\\\/246\\\/kidsport-chapter-home-1.jpg\",\"width\":1600,\"height\":1000,\"caption\":\"A hockey player wearing red and black stopping on an indoor ice rink and looking at the camera\"},{\"@type\":\"BreadcrumbList\",\"@id\":\"https:\\\/\\\/kidsportcanada.ca\\\/saskatchewan\\\/humboldt\\\/#breadcrumb\",\"itemListElement\":[{\"@type\":\"ListItem\",\"position\":1,\"name\":\"Home\",\"item\":\"https:\\\/\\\/kidsportcanada.ca\\\/saskatchewan\\\/humboldt\\\/\"},{\"@type\":\"ListItem\",\"position\":2,\"name\":\"Home\"}]},{\"@type\":\"WebSite\",\"@id\":\"https:\\\/\\\/kidsportcanada.ca\\\/saskatchewan\\\/humboldt\\\/fr\\\/#website\",\"url\":\"https:\\\/\\\/kidsportcanada.ca\\\/saskatchewan\\\/humboldt\\\/fr\\\/\",\"name\":\"Humboldt\",\"description\":\"So all kids can play\",\"potentialAction\":[{\"@type\":\"SearchAction\",\"target\":{\"@type\":\"EntryPoint\",\"urlTemplate\":\"https:\\\/\\\/kidsportcanada.ca\\\/saskatchewan\\\/humboldt\\\/fr\\\/?s={search_term_string}\"},\"query-input\":{\"@type\":\"PropertyValueSpecification\",\"valueRequired\":true,\"valueName\":\"search_term_string\"}}],\"inLanguage\":\"fr-CA\"}]}<\/script>\n<!-- \/ Yoast SEO plugin. -->","yoast_head_json":{"title":"Home - KidSport Humboldt","description":"Nous fournissons des subventions pour aider \u00e0 couvrir le co\u00fbt des frais d\u2019inscription afin que tous les enfants de 18 ans et moins puissent pratiquer un sport pendant une saison.","robots":{"index":"index","follow":"follow","max-snippet":"max-snippet:-1","max-image-preview":"max-image-preview:large","max-video-preview":"max-video-preview:-1"},"canonical":"https:\/\/kidsportcanada.ca\/saskatchewan\/humboldt\/fr\/","og_locale":"fr_CA","og_type":"article","og_title":"Home - KidSport Humboldt","og_description":"KidSport provides grants to help cover the costs of registration fees so that ALL kids aged 18 and under can play a season of sport.","og_url":"https:\/\/kidsportcanada.ca\/saskatchewan\/humboldt\/fr\/","og_site_name":"Humboldt","article_modified_time":"2026-03-16T18:55:10+00:00","og_image":[{"width":1600,"height":1000,"url":"https:\/\/kidsportcanada.ca\/wp-content\/uploads\/sites\/246\/kidsport-chapter-home-1.jpg","type":"image\/jpeg"}],"twitter_card":"summary_large_image","twitter_misc":{"Estimation du temps de lecture":"2 minutes"},"schema":{"@context":"https:\/\/schema.org","@graph":[{"@type":"WebPage","@id":"https:\/\/kidsportcanada.ca\/saskatchewan\/humboldt\/","url":"https:\/\/kidsportcanada.ca\/saskatchewan\/humboldt\/","name":"Home - KidSport Humboldt","isPartOf":{"@id":"https:\/\/kidsportcanada.ca\/saskatchewan\/humboldt\/fr\/#website"},"primaryImageOfPage":{"@id":"https:\/\/kidsportcanada.ca\/saskatchewan\/humboldt\/#primaryimage"},"image":{"@id":"https:\/\/kidsportcanada.ca\/saskatchewan\/humboldt\/#primaryimage"},"thumbnailUrl":"\/wp-content\/uploads\/sites\/246\/kidsport-chapter-home-1.jpg","datePublished":"2020-03-13T16:16:56+00:00","dateModified":"2026-03-16T18:55:10+00:00","description":"Nous fournissons des subventions pour aider \u00e0 couvrir le co\u00fbt des frais d\u2019inscription afin que tous les enfants de 18 ans et moins puissent pratiquer un sport pendant une saison.","breadcrumb":{"@id":"https:\/\/kidsportcanada.ca\/saskatchewan\/humboldt\/#breadcrumb"},"inLanguage":"fr-CA","potentialAction":[{"@type":"ReadAction","target":["https:\/\/kidsportcanada.ca\/saskatchewan\/humboldt\/"]}]},{"@type":"ImageObject","inLanguage":"fr-CA","@id":"https:\/\/kidsportcanada.ca\/saskatchewan\/humboldt\/#primaryimage","url":"\/wp-content\/uploads\/sites\/246\/kidsport-chapter-home-1.jpg","contentUrl":"\/wp-content\/uploads\/sites\/246\/kidsport-chapter-home-1.jpg","width":1600,"height":1000,"caption":"A hockey player wearing red and black stopping on an indoor ice rink and looking at the camera"},{"@type":"BreadcrumbList","@id":"https:\/\/kidsportcanada.ca\/saskatchewan\/humboldt\/#breadcrumb","itemListElement":[{"@type":"ListItem","position":1,"name":"Home","item":"https:\/\/kidsportcanada.ca\/saskatchewan\/humboldt\/"},{"@type":"ListItem","position":2,"name":"Home"}]},{"@type":"WebSite","@id":"https:\/\/kidsportcanada.ca\/saskatchewan\/humboldt\/fr\/#website","url":"https:\/\/kidsportcanada.ca\/saskatchewan\/humboldt\/fr\/","name":"Humboldt","description":"So all kids can play","potentialAction":[{"@type":"SearchAction","target":{"@type":"EntryPoint","urlTemplate":"https:\/\/kidsportcanada.ca\/saskatchewan\/humboldt\/fr\/?s={search_term_string}"},"query-input":{"@type":"PropertyValueSpecification","valueRequired":true,"valueName":"search_term_string"}}],"inLanguage":"fr-CA"}]}},"_links":{"self":[{"href":"https:\/\/kidsportcanada.ca\/saskatchewan\/humboldt\/fr\/wp-json\/wp\/v2\/pages\/37","targetHints":{"allow":["GET"]}}],"collection":[{"href":"https:\/\/kidsportcanada.ca\/saskatchewan\/humboldt\/fr\/wp-json\/wp\/v2\/pages"}],"about":[{"href":"https:\/\/kidsportcanada.ca\/saskatchewan\/humboldt\/fr\/wp-json\/wp\/v2\/types\/page"}],"author":[{"embeddable":true,"href":"https:\/\/kidsportcanada.ca\/saskatchewan\/humboldt\/fr\/wp-json\/wp\/v2\/users\/16"}],"replies":[{"embeddable":true,"href":"https:\/\/kidsportcanada.ca\/saskatchewan\/humboldt\/fr\/wp-json\/wp\/v2\/comments?post=37"}],"version-history":[{"count":0,"href":"https:\/\/kidsportcanada.ca\/saskatchewan\/humboldt\/fr\/wp-json\/wp\/v2\/pages\/37\/revisions"}],"wp:featuredmedia":[{"embeddable":true,"href":"https:\/\/kidsportcanada.ca\/saskatchewan\/humboldt\/fr\/wp-json\/wp\/v2\/media\/195"}],"wp:attachment":[{"href":"https:\/\/kidsportcanada.ca\/saskatchewan\/humboldt\/fr\/wp-json\/wp\/v2\/media?parent=37"}],"curies":[{"name":"wp","href":"https:\/\/api.w.org\/{rel}","templated":true}]}}