
{"id":136,"date":"2020-04-01T18:27:16","date_gmt":"2020-04-01T18:27:16","guid":{"rendered":"http:\/\/kidsportcanada.ca\/saskatoon\/?page_id=136"},"modified":"2025-11-24T21:43:13","modified_gmt":"2025-11-24T21:43:13","slug":"donate","status":"publish","type":"page","link":"https:\/\/kidsportcanada.ca\/saskatchewan\/saskatoon\/fr\/donate\/","title":{"rendered":"Donate"},"content":{"rendered":"<h1 data-animation-delay=\"0\" data-animation-duration=\"1\">\n\t\t\tDONATE TODAY\t<\/h1>\n<h3 data-animation-delay=\"0.2\" data-animation-duration=\"1\">\n\t\t\tGr\u00e2ce \u00e0 votre soutien, les enfants de Saskatoon ont l\u2019occasion de se d\u00e9velopper par le sport. La totalit\u00e9 des fonds recueillis \u00e0 Saskatoon reste \u00e0 Saskatoon!\t<\/h3>\n\t\t\t<a href=\"https:\/\/www.givekidsachancecharity.ca\/about\/programs\/kidsport\/29-help\/148-kidsport-donations\" target=\"_blank\" rel=\"noopener\">\n\t\t\t\t\t\t\tDONNER\n\t\t\t<\/a>\n<h2>\n\t\t\tDONATE Online\t<\/h2>\n\t<h3>Donnez \u00e0 SportJeunesse Saskatoon en utilisant notre formulaire s\u00e9curis\u00e9 en ligne (il s\u2019ouvrira sous un nouvel onglet).<\/h3>\n\t\t\t<a href=\"https:\/\/www.givekidsachancecharity.ca\/about\/programs\/kidsport\/29-help\/148-kidsport-donations\" target=\"_blank\" rel=\"noopener\">\n\t\t\t\t\t\t\tDONNER\n\t\t\t<\/a>\n\t\t\t<a href=\"#common-questions\" target=\"_self\" rel=\"noopener\">\n\t\t\t\t\t\t\tQUESTIONS COURANTES\n\t\t\t\t\t<\/a>\n<h5>\n\t\t\tPr\u00e9f\u00e9rez-vous donner hors ligne?\t<\/h5>\n\t<p>Download and send in the KidSport Donation Form stating your donation is for KidSport Saskatoon and the donation will be directed to KidSport Saskatoon.<\/p>\n<p>If you would rather give staff a call at KidSport Saskatchewan to donate, give us a call at <a href=\"tel:1-800-319-4263\">1-800-319-GAME (4263)<\/a> and we will happily direct your donation to KidSport Saskatoon.<\/p>\n\t\t\t<a href=\"\/wp-content\/uploads\/sites\/264\/KidSport-Saskatchewan-donation-form.pdf\" target=\"_blank\" rel=\"noopener\">\n\t\t\t\t\t\tFORMULAIRE PAPIER\n\t\t\t\t\t<\/a>\n<h2>\n\t\t\tBecome a KidSport Champion\t<\/h2>\n\t<p>KidSport Champions are a part of a monthly giving program that directs 100% of donations back into our community, making sure that ALL kids can play!<\/p>\n\t\t\t<a href=\"https:\/\/www.givekidsachancecharity.ca\/about\/programs\/kidsport\/29-help\/148-kidsport-donations\" target=\"_blank\" rel=\"noopener\">\n\t\t\t\t\t\t\tBECOME A CHAMPION    \n\t\t\t<\/a>\n\t\t\t<a href=\"\/wp-content\/uploads\/sites\/112\/KS-Champion-Handout-2-2.pdf\" target=\"_blank\" rel=\"noopener\">\n\t\t\t\t\t\t\tFIND OUT MORE\n\t\t\t<\/a>\n\t\t\t\t<img decoding=\"async\" src=\"\/wp-content\/uploads\/sites\/264\/KS-Champion.png\" alt=\"KS Champion\" height=\"990\" width=\"1256\" title=\"KS Champion\" loading=\"lazy\" \/>\n<h2>\n\t\t\tLe pouvoir du\t<\/h2>\n<h2>\n\t\t\tSport\t<\/h2>\n\t<p>Avec votre soutien, SportJeunesse Saskatoon permet aux enfants d\u2019ici de b\u00e9n\u00e9ficier des avantages du sport toute leur vie durant : ils apprennent le leadership, l\u2019assiduit\u00e9, le d\u00e9vouement et la confiance en soi, et ils adoptent les habitudes et le r\u00e9seau de soutien n\u00e9cessaires pour devenir des adultes en sant\u00e9.<\/p>\n<p>Par le sport, les enfants ont aussi acc\u00e8s au mentorat et \u00e0 l\u2019encadrement de leaders chevronn\u00e9s, ce qui leur permet d\u2019am\u00e9liorer encore plus leurs habilet\u00e9s et de devenir nos futurs leaders communautaires.<\/p>\n<p>Le sport est l\u2019un des meilleurs cadeaux qu\u2019un enfant puisse recevoir. Votre don \u00e0 SportJeunesse Saskatoon nous aide \u00e0 faire en sorte que TOUS les enfants puissent jouer!<\/p>\n<p>KidSport Saskatoon gives up to $500 per eligible kid per year, to participate in a season of sport of their choice. Will you give the gift of sport today?<\/p>\n<h2 data-animation-delay=\"0\" data-animation-duration=\"1\">\n\t\t\tOTHER WAYS TO Support\t<\/h2>\n<h5>\n\t\t\tDonner une voiture\t<\/h5>\n\t\t\t\t<img decoding=\"async\" src=\"\/wp-content\/uploads\/sites\/264\/donate_car.svg\" alt=\"A car illustration\" height=\"52\" width=\"85\" title=\"donate_car\" loading=\"lazy\" \/>\n\t<p>L\u2019organisme Donate a Car Canada s\u2019occupe de la logistique afin qu\u2019il soit facile pour SportJeunesse Canada de b\u00e9n\u00e9ficier de votre ancienne voiture.<\/p>\n\t\t\t<a href=\"https:\/\/donatecar.ca\/org\/donate.php?charitypage=KidsportCanada\" target=\"_blank\" rel=\"noopener\">\n\t\t\t\t\t\t\tEN SAVOIR PLUS\n\t\t\t\t\t<\/a>\n<h5>\n\t\t\tTransfert de valeurs mobili\u00e8res\t<\/h5>\n\t\t\t\t<img decoding=\"async\" src=\"\/wp-content\/uploads\/sites\/264\/transfer_securities.svg\" alt=\"An illustration of two monetary bills\" height=\"58\" width=\"85\" title=\"transfer_securities\" loading=\"lazy\" \/>\n\t<p>En faisant un don d\u2019actions \u00e0 valeur accrue, de fonds communs de placement ou d\u2019options d\u2019achat d\u2019actions, vous ne payez aucun imp\u00f4t sur les gains en capital et vous recevez un re\u00e7u officiel au montant de la juste valeur marchande des valeurs mobili\u00e8res.<\/p>\n\t\t\t<a href=\"\/wp-content\/uploads\/sites\/112\/GKACCI-Gift-of-Securities-Form-1.pdf\" target=\"_blank\" rel=\"noopener\">\n\t\t\t\t\t\tDEMANDE DE TRANSFERT\n\t\t\t\t\t<\/a>\n<h5>\n\t\t\tDon planifi\u00e9\t<\/h5>\n\t\t\t\t<img decoding=\"async\" src=\"\/wp-content\/uploads\/sites\/264\/planned_giving.svg\" alt=\"An illustration of a present with a bow on the top\" height=\"57\" width=\"85\" title=\"planned_giving\" loading=\"lazy\" \/>\n\t<p>Legacy donations aren&#8217;t just for the ultra-wealthy; anyone can make a plan to reduce their family&#8217;s tax burden by donating to KidSport in their will.<\/p>\n\t\t\t<a href=\"https:\/\/kidsportcanada.ca\/saskatchewan\/saskatoon\/fr\/contact-us\/\" target=\"_self\" rel=\"noopener\">\n\t\t\t\t\t\t\tCONTACTEZ-NOUS\n\t\t\t\t\t<\/a>\n<h5>\n\t\t\tDevenir un partenaire\t<\/h5>\n\t\t\t\t<img decoding=\"async\" src=\"\/wp-content\/uploads\/sites\/264\/become_partner.svg\" alt=\"A participation ribbon with a heart on it\" height=\"58\" width=\"85\" title=\"become_partner\" loading=\"lazy\" \/>\n\t<p>SportJeunesse est un organisme caritatif communautaire et les entreprises locales sont essentielles \u00e0 sa mission. Aidez notre communaut\u00e9 \u00e0 devenir plus forte en vous associant \u00e0 SportJeunesse d\u00e8s maintenant!<\/p>\n\t\t\t<a href=\"https:\/\/kidsportcanada.ca\/saskatchewan\/saskatoon\/fr\/contact-us\/\" target=\"_self\" rel=\"noopener\">\n\t\t\t\t\t\t\tEN SAVOIR PLUS\n\t\t\t\t\t<\/a>\n<h2 data-animation-delay=\"0\" data-animation-duration=\"1\">\n\t\t\tCOMMON Questions\t<\/h2>\n\t\t\t\t\t<a href=\"#\" id=\"fl-accordion--label-0\" aria-controls=\"fl-accordion--panel-0\">Mon don est-il s\u00e9curis\u00e9?<\/a>\n\t\t\t\t\t\t\t\t\t\t\t<a href=\"#\" id=\"fl-accordion--icon-0\"><i title=\"Expand\">Expand<\/i><\/a>\n\t\t\t\t\t<p>Yes. Donations to KidSport are processed and secured through an online fundraising platform. Your credit card information is secure, and we will never sell or share your personal information.<\/p>\n\t\t\t\t\t<a href=\"#\" id=\"fl-accordion--label-1\" aria-controls=\"fl-accordion--panel-1\">Mon don est-il d\u00e9ductible du revenu imposable?<\/a>\n\t\t\t\t\t\t\t\t\t\t\t<a href=\"#\" id=\"fl-accordion--icon-1\"><i title=\"Expand\">Expand<\/i><\/a>\n\t\t\t\t\t<p>Yes, eligible donations over $20 will receive a tax receipt from KidSport. Donate online to receive a receipt automatically and save a tree! Offline donations will be mailed a receipt by the end of February.<\/p>\n\t\t\t\t\t<a href=\"#\" id=\"fl-accordion--label-2\" aria-controls=\"fl-accordion--panel-2\">Puis-je faire un don mensuel r\u00e9current?<\/a>\n\t\t\t\t\t\t\t\t\t\t\t<a href=\"#\" id=\"fl-accordion--icon-2\"><i title=\"Expand\">Expand<\/i><\/a>\n\t\t\t\t\t<p>You sure can! Monthly donors sustain our organization by providing reliable funding &#8211; and a big impact! Just $25 a month adds up to help a kid in one year.<\/p>\n<p>Simply select &#8220;Monthly Gift&#8221; at the top of our online donation form, or check the &#8220;Monthly Gift&#8221; box on the paper donation form. Your monthly donation will show up on your credit card statement, on the same date and for the same amount as your first gift.<\/p>\n\t\t\t\t\t<a href=\"#\" id=\"fl-accordion--label-3\" aria-controls=\"fl-accordion--panel-3\">\u00c0 quoi sert mon don?<\/a>\n\t\t\t\t\t\t\t\t\t\t\t<a href=\"#\" id=\"fl-accordion--icon-3\"><i title=\"Expand\">Expand<\/i><\/a>\n\t\t\t\t\t<p>Every donation to KidSport is used to help kids off the sidelines and into a season of sport.<\/p>\n\t\t\t\t\t<a href=\"#\" id=\"fl-accordion--label-4\" aria-controls=\"fl-accordion--panel-4\">\u00c0 qui dois-je adresser mes questions?<\/a>\n\t\t\t\t\t\t\t\t\t\t\t<a href=\"#\" id=\"fl-accordion--icon-4\"><i title=\"Expand\">Expand<\/i><\/a>\n\t\t\t\t\t<p>You can always reach out to KidSport for support. We&#8217;re happy to help.<\/p>\n<p>Please get in touch via             <span class=\"emailaddress-div\">\n            <a href=\"mailto:kidsport@sasksport.ca\">kidsport@sasksport.ca<\/a>\n             or <a href=\"tel:1-800-319-4263\">1-800-319-GAME(4263)<\/a>.<\/p>\n\t\t\t\t\t<a href=\"#\" id=\"fl-accordion--label-5\" aria-controls=\"fl-accordion--panel-5\">Mon don restera-t-il dans une communaut\u00e9 en particulier?<\/a>\n\t\t\t\t\t\t\t\t\t\t\t<a href=\"#\" id=\"fl-accordion--icon-5\"><i title=\"Expand\">Expand<\/i><\/a>\n\t\t\t\t\t<p>Yes! Donations made to a community chapter will always stay local to help kids who live here.<\/p>\n\t\t\t\t\t<a href=\"#\" id=\"fl-accordion--label-6\" aria-controls=\"fl-accordion--panel-6\">I&#8217;d like to fundraise for KidSport &#8211; how can I get started?<\/a>\n\t\t\t\t\t\t\t\t\t\t\t<a href=\"#\" id=\"fl-accordion--icon-6\"><i title=\"Expand\">Expand<\/i><\/a>\n\t\t\t\t\t<p>We&#8217;re ready to team up with you on whatever fundraising ideas you have! Please reach out by emailing <a href=\"mailto:dvandenhurk@sasksport.ca\">dvandenhurk@sasksport.ca<\/a> with a quick description of your fundraising interests and we&#8217;ll get back to you right away.<\/p>\n<h2>\n\t\t\tLe coin de ambassadeur<br \/>Brett Levis\t<\/h2>\n<h3>\n\t\t\tVoyez les raisons pour lesquelles Brett Levis, joueur des Whitecaps de Vancouver, appuie SportJeunesse.\t<\/h3>\n\t\t\t<a href=\"\/saskatchewan\/saskatoon\/fr\/void(0)\/\" title=\"Click Here\" target=\"_self\" aria-label=\"REGARDER LE FILM\" rel=\"noopener\">\n\t\t\t\t\t\t\t\t\t\t\tREGARDER LE FILM\n\t\t<\/a>\n\t\t\t<a href=\"\/saskatchewan\/saskatoon\/fr\/void(0)\/\" title=\"Click Here\" target=\"_self\" aria-label=\"REGARDER LE FILM\" rel=\"noopener\">\n\t\t\t\t\t\t\t\t\t\t\tREGARDER LE FILM\n\t\t<\/a>","protected":false},"excerpt":{"rendered":"<p>DONATE TODAY Your support provides kids from Saskatoon with the opportunity to grow through sport. 100% of funds raised in KidSport Saskatoon stay in Saskatoon! DONATE NOW DONATE Online Donate to KidSport Saskatoon using our secure online form (will open in a new tab). DONATE NOW COMMON QUESTIONS PREFER TO DONATE OFFLINE? Download and send&hellip;<\/p>","protected":false},"author":16,"featured_media":192,"parent":0,"menu_order":0,"comment_status":"closed","ping_status":"closed","template":"","meta":{"_acf_changed":false,"footnotes":""},"class_list":["post-136","page","type-page","status-publish","has-post-thumbnail","hentry"],"acf":[],"yoast_head":"<!-- This site is optimized with the Yoast SEO plugin v27.3 - https:\/\/yoast.com\/product\/yoast-seo-wordpress\/ -->\n<title>Donate - KidSport Saskatoon<\/title>\n<meta name=\"description\" content=\"Your financial support provides kids with the opportunity to grow through sport. Donate to kidSport securely online or by mail.\" \/>\n<meta name=\"robots\" content=\"index, follow, max-snippet:-1, max-image-preview:large, max-video-preview:-1\" \/>\n<link rel=\"canonical\" href=\"https:\/\/kidsportcanada.ca\/saskatchewan\/saskatoon\/fr\/donate\/\" \/>\n<meta property=\"og:locale\" content=\"fr_CA\" \/>\n<meta property=\"og:type\" content=\"article\" \/>\n<meta property=\"og:title\" content=\"Donate - KidSport Saskatoon\" \/>\n<meta property=\"og:description\" content=\"Your financial support provides kids with the opportunity to grow through sport. Donate to kidSport securely online or by mail.\" \/>\n<meta property=\"og:url\" content=\"https:\/\/kidsportcanada.ca\/saskatchewan\/saskatoon\/fr\/donate\/\" \/>\n<meta property=\"og:site_name\" content=\"Saskatoon\" \/>\n<meta property=\"article:modified_time\" content=\"2025-11-24T21:43:13+00:00\" \/>\n<meta property=\"og:image\" content=\"https:\/\/kidsportcanada.ca\/wp-content\/uploads\/sites\/264\/donate-today-headline.jpg\" \/>\n\t<meta property=\"og:image:width\" content=\"1600\" \/>\n\t<meta property=\"og:image:height\" content=\"1000\" \/>\n\t<meta property=\"og:image:type\" content=\"image\/jpeg\" \/>\n<meta name=\"twitter:card\" content=\"summary_large_image\" \/>\n<meta name=\"twitter:label1\" content=\"Estimation du temps de lecture\" \/>\n\t<meta name=\"twitter:data1\" content=\"3 minutes\" \/>\n<script type=\"application\/ld+json\" class=\"yoast-schema-graph\">{\"@context\":\"https:\\\/\\\/schema.org\",\"@graph\":[{\"@type\":\"WebPage\",\"@id\":\"https:\\\/\\\/kidsportcanada.ca\\\/saskatchewan\\\/saskatoon\\\/donate\\\/\",\"url\":\"https:\\\/\\\/kidsportcanada.ca\\\/saskatchewan\\\/saskatoon\\\/donate\\\/\",\"name\":\"Donate - KidSport Saskatoon\",\"isPartOf\":{\"@id\":\"https:\\\/\\\/kidsportcanada.ca\\\/saskatchewan\\\/saskatoon\\\/#website\"},\"primaryImageOfPage\":{\"@id\":\"https:\\\/\\\/kidsportcanada.ca\\\/saskatchewan\\\/saskatoon\\\/donate\\\/#primaryimage\"},\"image\":{\"@id\":\"https:\\\/\\\/kidsportcanada.ca\\\/saskatchewan\\\/saskatoon\\\/donate\\\/#primaryimage\"},\"thumbnailUrl\":\"\\\/wp-content\\\/uploads\\\/sites\\\/264\\\/donate-today-headline.jpg\",\"datePublished\":\"2020-04-01T18:27:16+00:00\",\"dateModified\":\"2025-11-24T21:43:13+00:00\",\"description\":\"Your financial support provides kids with the opportunity to grow through sport. Donate to kidSport securely online or by mail.\",\"breadcrumb\":{\"@id\":\"https:\\\/\\\/kidsportcanada.ca\\\/saskatchewan\\\/saskatoon\\\/donate\\\/#breadcrumb\"},\"inLanguage\":\"fr-CA\",\"potentialAction\":[{\"@type\":\"ReadAction\",\"target\":[\"https:\\\/\\\/kidsportcanada.ca\\\/saskatchewan\\\/saskatoon\\\/donate\\\/\"]}]},{\"@type\":\"ImageObject\",\"inLanguage\":\"fr-CA\",\"@id\":\"https:\\\/\\\/kidsportcanada.ca\\\/saskatchewan\\\/saskatoon\\\/donate\\\/#primaryimage\",\"url\":\"\\\/wp-content\\\/uploads\\\/sites\\\/264\\\/donate-today-headline.jpg\",\"contentUrl\":\"\\\/wp-content\\\/uploads\\\/sites\\\/264\\\/donate-today-headline.jpg\",\"width\":1600,\"height\":1000,\"caption\":\"An outdoor hockey rink with a red goalie net\"},{\"@type\":\"BreadcrumbList\",\"@id\":\"https:\\\/\\\/kidsportcanada.ca\\\/saskatchewan\\\/saskatoon\\\/donate\\\/#breadcrumb\",\"itemListElement\":[{\"@type\":\"ListItem\",\"position\":1,\"name\":\"Home\",\"item\":\"https:\\\/\\\/kidsportcanada.ca\\\/saskatchewan\\\/saskatoon\\\/\"},{\"@type\":\"ListItem\",\"position\":2,\"name\":\"Donate\"}]},{\"@type\":\"WebSite\",\"@id\":\"https:\\\/\\\/kidsportcanada.ca\\\/saskatchewan\\\/saskatoon\\\/#website\",\"url\":\"https:\\\/\\\/kidsportcanada.ca\\\/saskatchewan\\\/saskatoon\\\/\",\"name\":\"Saskatoon\",\"description\":\"So all kids can play\",\"potentialAction\":[{\"@type\":\"SearchAction\",\"target\":{\"@type\":\"EntryPoint\",\"urlTemplate\":\"https:\\\/\\\/kidsportcanada.ca\\\/saskatchewan\\\/saskatoon\\\/?s={search_term_string}\"},\"query-input\":{\"@type\":\"PropertyValueSpecification\",\"valueRequired\":true,\"valueName\":\"search_term_string\"}}],\"inLanguage\":\"fr-CA\"}]}<\/script>\n<!-- \/ Yoast SEO plugin. -->","yoast_head_json":{"title":"Donate - KidSport Saskatoon","description":"Gr\u00e2ce \u00e0 votre soutien, les enfants ont l\u2019occasion de se d\u00e9velopper par le sport.","robots":{"index":"index","follow":"follow","max-snippet":"max-snippet:-1","max-image-preview":"max-image-preview:large","max-video-preview":"max-video-preview:-1"},"canonical":"https:\/\/kidsportcanada.ca\/saskatchewan\/saskatoon\/fr\/donate\/","og_locale":"fr_CA","og_type":"article","og_title":"Donate - KidSport Saskatoon","og_description":"Your financial support provides kids with the opportunity to grow through sport. Donate to kidSport securely online or by mail.","og_url":"https:\/\/kidsportcanada.ca\/saskatchewan\/saskatoon\/fr\/donate\/","og_site_name":"Saskatoon","article_modified_time":"2025-11-24T21:43:13+00:00","og_image":[{"width":1600,"height":1000,"url":"https:\/\/kidsportcanada.ca\/wp-content\/uploads\/sites\/264\/donate-today-headline.jpg","type":"image\/jpeg"}],"twitter_card":"summary_large_image","twitter_misc":{"Estimation du temps de lecture":"3 minutes"},"schema":{"@context":"https:\/\/schema.org","@graph":[{"@type":"WebPage","@id":"https:\/\/kidsportcanada.ca\/saskatchewan\/saskatoon\/donate\/","url":"https:\/\/kidsportcanada.ca\/saskatchewan\/saskatoon\/donate\/","name":"Donate - KidSport Saskatoon","isPartOf":{"@id":"https:\/\/kidsportcanada.ca\/saskatchewan\/saskatoon\/#website"},"primaryImageOfPage":{"@id":"https:\/\/kidsportcanada.ca\/saskatchewan\/saskatoon\/donate\/#primaryimage"},"image":{"@id":"https:\/\/kidsportcanada.ca\/saskatchewan\/saskatoon\/donate\/#primaryimage"},"thumbnailUrl":"\/wp-content\/uploads\/sites\/264\/donate-today-headline.jpg","datePublished":"2020-04-01T18:27:16+00:00","dateModified":"2025-11-24T21:43:13+00:00","description":"Gr\u00e2ce \u00e0 votre soutien, les enfants ont l\u2019occasion de se d\u00e9velopper par le sport.","breadcrumb":{"@id":"https:\/\/kidsportcanada.ca\/saskatchewan\/saskatoon\/donate\/#breadcrumb"},"inLanguage":"fr-CA","potentialAction":[{"@type":"ReadAction","target":["https:\/\/kidsportcanada.ca\/saskatchewan\/saskatoon\/donate\/"]}]},{"@type":"ImageObject","inLanguage":"fr-CA","@id":"https:\/\/kidsportcanada.ca\/saskatchewan\/saskatoon\/donate\/#primaryimage","url":"\/wp-content\/uploads\/sites\/264\/donate-today-headline.jpg","contentUrl":"\/wp-content\/uploads\/sites\/264\/donate-today-headline.jpg","width":1600,"height":1000,"caption":"An outdoor hockey rink with a red goalie net"},{"@type":"BreadcrumbList","@id":"https:\/\/kidsportcanada.ca\/saskatchewan\/saskatoon\/donate\/#breadcrumb","itemListElement":[{"@type":"ListItem","position":1,"name":"Home","item":"https:\/\/kidsportcanada.ca\/saskatchewan\/saskatoon\/"},{"@type":"ListItem","position":2,"name":"Donate"}]},{"@type":"WebSite","@id":"https:\/\/kidsportcanada.ca\/saskatchewan\/saskatoon\/#website","url":"https:\/\/kidsportcanada.ca\/saskatchewan\/saskatoon\/","name":"Saskatoon","description":"So all kids can play","potentialAction":[{"@type":"SearchAction","target":{"@type":"EntryPoint","urlTemplate":"https:\/\/kidsportcanada.ca\/saskatchewan\/saskatoon\/?s={search_term_string}"},"query-input":{"@type":"PropertyValueSpecification","valueRequired":true,"valueName":"search_term_string"}}],"inLanguage":"fr-CA"}]}},"_links":{"self":[{"href":"https:\/\/kidsportcanada.ca\/saskatchewan\/saskatoon\/fr\/wp-json\/wp\/v2\/pages\/136","targetHints":{"allow":["GET"]}}],"collection":[{"href":"https:\/\/kidsportcanada.ca\/saskatchewan\/saskatoon\/fr\/wp-json\/wp\/v2\/pages"}],"about":[{"href":"https:\/\/kidsportcanada.ca\/saskatchewan\/saskatoon\/fr\/wp-json\/wp\/v2\/types\/page"}],"author":[{"embeddable":true,"href":"https:\/\/kidsportcanada.ca\/saskatchewan\/saskatoon\/fr\/wp-json\/wp\/v2\/users\/16"}],"replies":[{"embeddable":true,"href":"https:\/\/kidsportcanada.ca\/saskatchewan\/saskatoon\/fr\/wp-json\/wp\/v2\/comments?post=136"}],"version-history":[{"count":0,"href":"https:\/\/kidsportcanada.ca\/saskatchewan\/saskatoon\/fr\/wp-json\/wp\/v2\/pages\/136\/revisions"}],"wp:featuredmedia":[{"embeddable":true,"href":"https:\/\/kidsportcanada.ca\/saskatchewan\/saskatoon\/fr\/wp-json\/wp\/v2\/media\/192"}],"wp:attachment":[{"href":"https:\/\/kidsportcanada.ca\/saskatchewan\/saskatoon\/fr\/wp-json\/wp\/v2\/media?parent=136"}],"curies":[{"name":"wp","href":"https:\/\/api.w.org\/{rel}","templated":true}]}}